{"id":22,"date":"2015-12-07T11:48:15","date_gmt":"2015-12-07T10:48:15","guid":{"rendered":"http:\/\/www.stadtwerke-zerbst.de\/swz\/?page_id=22"},"modified":"2021-10-07T08:45:42","modified_gmt":"2021-10-07T06:45:42","slug":"geschichte","status":"publish","type":"page","link":"https:\/\/www.stadtwerke-zerbst.de\/swz\/index.php\/geschichte\/","title":{"rendered":"Geschichte"},"content":{"rendered":"[vc_row type=&#8220;in_container&#8220; full_screen_row_position=&#8220;middle&#8220; scene_position=&#8220;center&#8220; text_color=&#8220;dark&#8220; text_align=&#8220;left&#8220; overlay_strength=&#8220;0.3&#8243; shape_divider_position=&#8220;bottom&#8220;][vc_column column_padding=&#8220;no-extra-padding&#8220; column_padding_position=&#8220;all&#8220; background_color_opacity=&#8220;1&#8243; background_hover_color_opacity=&#8220;1&#8243; column_shadow=&#8220;none&#8220; column_border_radius=&#8220;none&#8220; width=&#8220;1\/1&#8243; tablet_text_alignment=&#8220;default&#8220; phone_text_alignment=&#8220;default&#8220; column_border_width=&#8220;none&#8220; column_border_style=&#8220;solid&#8220;][vc_column_text]\n<h2>Unternehmensgeschichte der Stadtwerke Zerbst GmbH<\/h2>\n[\/vc_column_text][divider line_type=&#8220;Full Width Line&#8220; line_thickness=&#8220;1&#8243; divider_color=&#8220;accent-color&#8220;][\/vc_column][\/vc_row][vc_row type=&#8220;in_container&#8220; full_screen_row_position=&#8220;middle&#8220; scene_position=&#8220;center&#8220; text_color=&#8220;dark&#8220; text_align=&#8220;left&#8220; overlay_strength=&#8220;0.3&#8243; shape_divider_position=&#8220;bottom&#8220;][vc_column column_padding=&#8220;no-extra-padding&#8220; column_padding_position=&#8220;all&#8220; background_color_opacity=&#8220;1&#8243; background_hover_color_opacity=&#8220;1&#8243; column_shadow=&#8220;none&#8220; column_border_radius=&#8220;none&#8220; width=&#8220;2\/3&#8243; tablet_text_alignment=&#8220;default&#8220; phone_text_alignment=&#8220;default&#8220; column_border_width=&#8220;none&#8220; column_border_style=&#8220;solid&#8220;][vc_column_text]\n<div id=\"fws_5667fd8d7b51a\" class=\"wpb_row vc_row-fluid standard_section \">\n<div class=\"col span_12 dark \">\n<div class=\"vc_span12 wpb_column column_container col no-extra-padding\">\n<div class=\"wpb_wrapper\">\n<div class=\"wpb_text_column wpb_content_element \">\n<div class=\"wpb_wrapper\">\n<p>Bereits seit dem Jahre 1895 gab es in Zerbst die St\u00e4dtischen Werke. Mit der Gr\u00fcndung der Stadtwerke Zerbst GmbH am 25. April 1991 als 100% ige Tochter der Stadt Zerbst\/Anhalt begann eine neue \u00c4ra. Die Versorgung der Einwohner und Unternehmen in der Stadt mit W\u00e4rmeenergie, Strom und Gas ist Hauptaufgabe des Unternehmens. Sie setzen f\u00fcr die Erzeugung und\/oder Verteilung von Strom, W\u00e4rme und Gas modernste Technik ein. Die Stadtwerke bieten ihren Abnehmern neue Produkte sowie kundenspezifische Leistungsangebote, gehen sehr genau auf Kundenw\u00fcnsche in ihrem Einzugsgebiet ein. Kostenlose Beratungen zu Neuanschl\u00fcssen, energieorientierter Geb\u00e4udeplanung, Heiztechnik, rationellen Energieanwendungen werden durchgef\u00fchrt sowie Energiespartipps gegeben. Ziel ist es, umfassend zu informieren und zu beraten. und Service vor Ort gew\u00e4hrleisten.<\/p>\n<p>Als Tochterunternehmen wurden am 20. M\u00e4rz 1992 die Gasstadtwerke Zerbst GmbH gegr\u00fcndet. Anteilseigner sind hier mit 51 % die Stadtwerke Zerbst GmbH und mit 49 % die Th\u00fcga M\u00fcnchen. Die 4212 angeschlossenen Haushalte werden \u00fcber ein 113,5 km langes Rohrnetz mit Gas versorgt.<\/p>\n<p>Im Jahre 1995 wurde als weiteres Tochterunternehmen die Stromversorgung Zerbst GmbH gegr\u00fcndet und 2003 in die Stromversorgung Zerbst GmbH &amp; Co.KG gewandelt. Anteilseigner sind mit 70% die Stadtwerke Zerbst GmbH und seit Januar 2012 mit 30% die St\u00e4dtischen Werke Magdeburg GmbH &amp; Co. KG. Die Stromversorgung versorgen 9222 Haushalts- sowie 68 Gewerbekunden. Es werden 102 Mio kWh\/Jahr durch ein 176,54 km langes Versorgungsnetzes geleitet. Als eines der gro\u00dfen kommunalen Unternehmen des Energiemarktes stehen Service- und Versorgungsleistungen im Mittelpunkt der Arbeit. Gro\u00dfes Engagement zeigt es in den Bereichen Klimaschutz und Innovation.<\/p>\n<p>Als kommunales Unternehmen gew\u00e4hrleisten die Stadtwerke, dass jegliche Wertsch\u00f6pfung vor Ort stattfindet. Geld aus Versorgungs- und Dienstleistungen sowie erwirtschaftete \u00dcbersch\u00fcsse flie\u00dfen nicht in fremde Taschen, sondern werden nach Entscheidung der Gesellschafter zweckdienlich im eigenen Territorium verwandt. Vor allem haben die Stadtwerke Interesse an der Entwicklung und an Wohl und Wehe in der eigenen Region. Im Rahmen der M\u00f6glichkeiten engagieren sie sich f\u00fcr kommunale Aufgaben. Durch Kundenn\u00e4he, Preisg\u00fcnstigkeit und Umweltfreundlichkeit sind in den Stadtwerken Kommunalpolitik und Versorgungsaufgabe stets zum Wohle der B\u00fcrger vereint. Rund zwei Drittel aller Bundesb\u00fcrger sch\u00e4tzen die Tatsache, dass Stadtwerke als Partner immer da sind, wo sie gebraucht werden und dass sie f\u00fcr jeden Kunden individuelle Beratung und Service vor Ort gew\u00e4hrleisten.<\/p>\n<p>Mit der \u00dcbernahme der Volksschwimmhalle tragen die Stadtwerke zur finanziellen Entlastung der Stadt bei und sichern f\u00fcr unsere Bev\u00f6lkerung die Bewirtschaftung der B\u00e4derbetriebe ab. Durch die Neugestaltung des Saunabereiches und die umfassenden Renovierungen in der Volksschwimmhalle , wurde diese inzwischen zu einem Ort der Erholung und Entspannung f\u00fcr Jung und Alt. Die Versorgung mit Energie, ganz gleich ob Strom, Gas oder Fernw\u00e4rme ist f\u00fcr die Stadtwerke Zerbst GmbH Pflicht und rechtfertigt das Vertrauen der Kunden mit Zuverl\u00e4ssigkeit und Kompetenz.<\/p>\n<\/div>\n<\/div>\n<\/div>\n<\/div>\n<\/div>\n<\/div>\n[\/vc_column_text][\/vc_column][vc_column column_padding=&#8220;no-extra-padding&#8220; column_padding_position=&#8220;all&#8220; background_color_opacity=&#8220;1&#8243; background_hover_color_opacity=&#8220;1&#8243; column_shadow=&#8220;none&#8220; column_border_radius=&#8220;none&#8220; width=&#8220;1\/3&#8243; tablet_text_alignment=&#8220;default&#8220; phone_text_alignment=&#8220;default&#8220; column_border_width=&#8220;none&#8220; column_border_style=&#8220;solid&#8220;][image_with_animation image_url=&#8220;215&#8243; alignment=&#8220;&#8220; animation=&#8220;Fade In&#8220; border_radius=&#8220;none&#8220; box_shadow=&#8220;none&#8220; max_width=&#8220;100%&#8220;][divider line_type=&#8220;No Line&#8220;][vc_column_text]Firmensitz der Stadtwerke Zerbst[\/vc_column_text][\/vc_column][\/vc_row]\n","protected":false},"excerpt":{"rendered":"<p>[vc_row type=&#8220;in_container&#8220; full_screen_row_position=&#8220;middle&#8220; scene_position=&#8220;center&#8220; text_color=&#8220;dark&#8220; text_align=&#8220;left&#8220; overlay_strength=&#8220;0.3&#8243; shape_divider_position=&#8220;bottom&#8220;][vc_column column_padding=&#8220;no-extra-padding&#8220; column_padding_position=&#8220;all&#8220; background_color_opacity=&#8220;1&#8243; background_hover_color_opacity=&#8220;1&#8243; column_shadow=&#8220;none&#8220; column_border_radius=&#8220;none&#8220; width=&#8220;1\/1&#8243; tablet_text_alignment=&#8220;default&#8220; phone_text_alignment=&#8220;default&#8220; column_border_width=&#8220;none&#8220; column_border_style=&#8220;solid&#8220;][vc_column_text] Unternehmensgeschichte der Stadtwerke Zerbst GmbH [\/vc_column_text][divider line_type=&#8220;Full Width Line&#8220; line_thickness=&#8220;1&#8243; divider_color=&#8220;accent-color&#8220;][\/vc_column][\/vc_row][vc_row&#8230;<\/p>\n","protected":false},"author":1,"featured_media":0,"parent":0,"menu_order":0,"comment_status":"closed","ping_status":"closed","template":"","meta":{"_exactmetrics_skip_tracking":false,"_exactmetrics_sitenote_active":false,"_exactmetrics_sitenote_note":"","_exactmetrics_sitenote_category":0,"footnotes":""},"class_list":["post-22","page","type-page","status-publish"],"_links":{"self":[{"href":"https:\/\/www.stadtwerke-zerbst.de\/swz\/index.php\/wp-json\/wp\/v2\/pages\/22","targetHints":{"allow":["GET"]}}],"collection":[{"href":"https:\/\/www.stadtwerke-zerbst.de\/swz\/index.php\/wp-json\/wp\/v2\/pages"}],"about":[{"href":"https:\/\/www.stadtwerke-zerbst.de\/swz\/index.php\/wp-json\/wp\/v2\/types\/page"}],"author":[{"embeddable":true,"href":"https:\/\/www.stadtwerke-zerbst.de\/swz\/index.php\/wp-json\/wp\/v2\/users\/1"}],"replies":[{"embeddable":true,"href":"https:\/\/www.stadtwerke-zerbst.de\/swz\/index.php\/wp-json\/wp\/v2\/comments?post=22"}],"version-history":[{"count":3,"href":"https:\/\/www.stadtwerke-zerbst.de\/swz\/index.php\/wp-json\/wp\/v2\/pages\/22\/revisions"}],"predecessor-version":[{"id":1580,"href":"https:\/\/www.stadtwerke-zerbst.de\/swz\/index.php\/wp-json\/wp\/v2\/pages\/22\/revisions\/1580"}],"wp:attachment":[{"href":"https:\/\/www.stadtwerke-zerbst.de\/swz\/index.php\/wp-json\/wp\/v2\/media?parent=22"}],"curies":[{"name":"wp","href":"https:\/\/api.w.org\/{rel}","templated":true}]}}