{"id":18,"date":"2015-12-07T11:46:53","date_gmt":"2015-12-07T10:46:53","guid":{"rendered":"http:\/\/www.stadtwerke-zerbst.de\/swz\/?page_id=18"},"modified":"2021-02-25T11:06:49","modified_gmt":"2021-02-25T10:06:49","slug":"stellplatz-fuer-wohnmobile","status":"publish","type":"page","link":"https:\/\/www.stadtwerke-zerbst.de\/swz\/index.php\/stellplatz-fuer-wohnmobile\/","title":{"rendered":"Stellplatz f\u00fcr Wohnmobile"},"content":{"rendered":"[vc_row type=&#8220;in_container&#8220; full_screen_row_position=&#8220;middle&#8220; scene_position=&#8220;center&#8220; text_color=&#8220;dark&#8220; text_align=&#8220;left&#8220; overlay_strength=&#8220;0.3&#8243; shape_divider_position=&#8220;bottom&#8220;][vc_column column_padding=&#8220;no-extra-padding&#8220; column_padding_position=&#8220;all&#8220; background_color_opacity=&#8220;1&#8243; background_hover_color_opacity=&#8220;1&#8243; column_shadow=&#8220;none&#8220; column_border_radius=&#8220;none&#8220; width=&#8220;1\/1&#8243; tablet_text_alignment=&#8220;default&#8220; phone_text_alignment=&#8220;default&#8220; column_border_width=&#8220;none&#8220; column_border_style=&#8220;solid&#8220;][vc_column_text]\n<h2>Stellplatz Wohnmobile<\/h2>\n[\/vc_column_text][divider line_type=&#8220;Full Width Line&#8220; line_thickness=&#8220;1&#8243; divider_color=&#8220;accent-color&#8220;][\/vc_column][\/vc_row][vc_row type=&#8220;in_container&#8220; full_screen_row_position=&#8220;middle&#8220; scene_position=&#8220;center&#8220; text_color=&#8220;dark&#8220; text_align=&#8220;left&#8220; overlay_strength=&#8220;0.3&#8243; shape_divider_position=&#8220;bottom&#8220;][vc_column column_padding=&#8220;no-extra-padding&#8220; column_padding_position=&#8220;all&#8220; background_color_opacity=&#8220;1&#8243; background_hover_color_opacity=&#8220;1&#8243; column_shadow=&#8220;none&#8220; column_border_radius=&#8220;none&#8220; width=&#8220;2\/3&#8243; tablet_text_alignment=&#8220;default&#8220; phone_text_alignment=&#8220;default&#8220; column_border_width=&#8220;none&#8220; column_border_style=&#8220;solid&#8220;][vc_column_text]<div class=\"BorlabsCookie _brlbs-cb-googlemaps\"><div class=\"_brlbs-content-blocker\"> <div class=\"_brlbs-embed _brlbs-google-maps\"> <img class=\"_brlbs-thumbnail\" src=\"https:\/\/www.stadtwerke-zerbst.de\/swz\/wp-content\/plugins\/borlabs-cookie\/assets\/images\/cb-maps.png\" alt=\"Google Maps\"> <div class=\"_brlbs-caption\"> <p>Mit dem Laden der Karte akzeptieren Sie die Datenschutzerkl\u00e4rung von Google.<br><a href=\"https:\/\/policies.google.com\/privacy\" target=\"_blank\" rel=\"nofollow noopener noreferrer\">Mehr erfahren<\/a><\/p> <p><a class=\"_brlbs-btn\" href=\"#\" data-borlabs-cookie-unblock role=\"button\">Karte laden<\/a><\/p> <p><label><input type=\"checkbox\" name=\"unblockAll\" value=\"1\" checked> <small>Google Maps immer entsperren<\/small><\/label><\/p> <\/div> <\/div> <\/div><div class=\"borlabs-hide\" data-borlabs-cookie-type=\"content-blocker\" data-borlabs-cookie-id=\"googlemaps\"><script type=\"text\/template\">PGlmcmFtZSBsb2FkaW5nPSJsYXp5IiBzdHlsZT0iYm9yZGVyOiAwOyIgc3JjPSJodHRwczovL3d3dy5nb29nbGUuY29tL21hcHMvZW1iZWQ\/cGI9ITFtMTghMW0xMiExbTMhMWQyNDU4LjIzMDE0MDU0NTIyNTQhMmQxMi4wODc3MTU1MTU2NzUxMjEhM2Q1MS45NjYyMjg5Nzk3MTMyITJtMyExZjAhMmYwITNmMCEzbTIhMWkxMDI0ITJpNzY4ITRmMTMuMSEzbTMhMW0yITFzMHg0N2E2MDQ0NmYxNDRiMzUxJTNBMHhkODA3ODQ3YTI2M2YwNGFiITJzV29sZnNiciVDMyVCQ2NrZSUyMDMlMkMlMjAzOTI2MSUyMFplcmJzdCUyRkFuaGFsdCE1ZTAhM20yITFzZGUhMnNkZSE0djE2MTQyNDc1NjM3ODUhNW0yITFzZGUhMnNkZSIgd2lkdGg9IjYwMCIgaGVpZ2h0PSI0NTAiIGFsbG93ZnVsbHNjcmVlbj0iYWxsb3dmdWxsc2NyZWVuIj48L2lmcmFtZT4=<\/script><\/div><\/div>[\/vc_column_text][divider line_type=&#8220;No Line&#8220;][\/vc_column][vc_column column_padding=&#8220;no-extra-padding&#8220; column_padding_position=&#8220;all&#8220; background_color_opacity=&#8220;1&#8243; background_hover_color_opacity=&#8220;1&#8243; column_shadow=&#8220;none&#8220; column_border_radius=&#8220;none&#8220; width=&#8220;1\/3&#8243; tablet_text_alignment=&#8220;default&#8220; phone_text_alignment=&#8220;default&#8220; column_border_width=&#8220;none&#8220; column_border_style=&#8220;solid&#8220;][vc_raw_html]JTNDaWZyYW1lJTIwd2lkdGglM0QlMjIyODclMjIlMjBoZWlnaHQlM0QlMjIyMTUlMjIlMjBzcmMlM0QlMjJodHRwcyUzQSUyRiUyRnd3dy55b3V0dWJlLmNvbSUyRmVtYmVkJTJGMHlWX2RBV0ZnQmclMjIlMjBmcmFtZWJvcmRlciUzRCUyMjAlMjIlMjBhbGxvd2Z1bGxzY3JlZW4lM0UlM0MlMkZpZnJhbWUlM0U=[\/vc_raw_html][\/vc_column][\/vc_row][vc_row type=&#8220;in_container&#8220; full_screen_row_position=&#8220;middle&#8220; scene_position=&#8220;center&#8220; text_color=&#8220;dark&#8220; text_align=&#8220;left&#8220; overlay_strength=&#8220;0.3&#8243; shape_divider_position=&#8220;bottom&#8220;][vc_column boxed=&#8220;true&#8220; column_padding=&#8220;no-extra-padding&#8220; column_padding_position=&#8220;all&#8220; background_color_opacity=&#8220;1&#8243; background_hover_color_opacity=&#8220;1&#8243; column_shadow=&#8220;none&#8220; column_border_radius=&#8220;none&#8220; width=&#8220;1\/1&#8243; tablet_text_alignment=&#8220;default&#8220; phone_text_alignment=&#8220;default&#8220; column_border_width=&#8220;none&#8220; column_border_style=&#8220;solid&#8220;][vc_column_text css=&#8220;.vc_custom_1524036305254{padding-top: 20px !important;padding-right: 20px !important;padding-bottom: 20px !important;padding-left: 30px !important;}&#8220;]\n<h4>Platzordnung<\/h4>\n<ol style=\"padding: 20px;\">\n<li>Der umrandete Platz ist nur f\u00fcr Wohnmobile freigegeben.<\/li>\n<li>Nicht zugelassen sind PKW, Wohnwagen oder andere Fahrzeuge.<\/li>\n<li>Die Wohnmobile d\u00fcrfen nur auf der schwarz umrandeten Fl\u00e4che abgestellt werden.<\/li>\n<li>Es gelten die Bestimmungen der Stra\u00dfen-verkehrsordnung (StVO).<\/li>\n<li>Eine Eingrenzung der Stellpl\u00e4tze und das Aufstellen von Zelten und Vorzelten ist nicht erlaubt.<\/li>\n<li>Ein &#8222;Camp-\u00e4hnliches Leben&#8220; &#8211; vor allem das Aufh\u00e4ngen von W\u00e4sche, offenes Grillen oder Feuer, Kochen usw. ist auf dem Parkplatz nicht gestattet.<\/li>\n<li>Die Nutzung von Generatoren ist untersagt. Bei Strom- und Wasserbedarf nutzen Sie bitte die kostenpflichtige kombinierte Wasser- und Stroms\u00e4ule.<\/li>\n<li>Die Versorgung (Frischwasser\/Strom) und Entsorgung (Brauchwasser) erfolgt ausschlie\u00dflich \u00fcber die Ver- und Entsorgungsanlage.<\/li>\n<li>Vermeiden Sie bitte jede Verunreinigung des Parkplatzes und seiner Umgebung. Der M\u00fcll ist in den hierf\u00fcr vorgesehenen Beh\u00e4lter zu entsorgen.<\/li>\n<li>Der L\u00e4rm ist nach 22.00 Uhr bis 7.00 Uhr auf Wohnmobillautst\u00e4rke zu reduzieren.<\/li>\n<li>Sofern Sie Haustiere mitbringen, bitten wir um die Beseitigung der Hinterlassenschaften Ihrer Lieblinge.<\/li>\n<li>Toiletten k\u00f6nnen in der Volksschwimmhalle oder mit den \u00f6ffentlichen Toiletten am Parkplatz der Volksschwimmhalle benutzt werden (\u00d6ffnungszeiten am Badeingang).<\/li>\n<li>Zur Aufrechterhaltung der Ordnung und der Sicherheit auf dem Wohnmobilstellplatz ist die Aus\u00fcbung eines Gewerbes, jeglicher Verkauf und Schaustellungen verboten.<\/li>\n<li>Bei Zuwiderhandlung gegen die Platzordnung ist die Verwaltung berechtigt, das Hausrecht auszu\u00fcben.<\/li>\n<li>Die Benutzung erfolgt auf eigene Gefahr. Der Betreiber haftet nicht f\u00fcr Personen- und\/oder Sachsch\u00e4den. Bei besonderen Vorkommnissen sind die Stadtwerke, Dessauer Stra\u00dfe 76, 39261 Zerbst\/Anhalt, Telefon (0 39 23) 73 75-0 oder (0173) 57 08 986 zu informieren.<\/li>\n<li>Mit der Benutzung des Stellplatzes akzeptieren Sie unsere Platzordnung.<\/li>\n<\/ol>\n<h4>Wir danken Ihnen f\u00fcr die Beachtung der Platzordnung und w\u00fcnschen Ihnen einen\u00a0angenehmen Aufenthalt!<\/h4>\n[\/vc_column_text][\/vc_column][\/vc_row]\n","protected":false},"excerpt":{"rendered":"<p>[vc_row type=&#8220;in_container&#8220; full_screen_row_position=&#8220;middle&#8220; scene_position=&#8220;center&#8220; text_color=&#8220;dark&#8220; text_align=&#8220;left&#8220; overlay_strength=&#8220;0.3&#8243; shape_divider_position=&#8220;bottom&#8220;][vc_column column_padding=&#8220;no-extra-padding&#8220; column_padding_position=&#8220;all&#8220; background_color_opacity=&#8220;1&#8243; background_hover_color_opacity=&#8220;1&#8243; column_shadow=&#8220;none&#8220; column_border_radius=&#8220;none&#8220; width=&#8220;1\/1&#8243; tablet_text_alignment=&#8220;default&#8220; phone_text_alignment=&#8220;default&#8220; column_border_width=&#8220;none&#8220; column_border_style=&#8220;solid&#8220;][vc_column_text] Stellplatz Wohnmobile [\/vc_column_text][divider line_type=&#8220;Full Width Line&#8220; line_thickness=&#8220;1&#8243; divider_color=&#8220;accent-color&#8220;][\/vc_column][\/vc_row][vc_row type=&#8220;in_container&#8220; full_screen_row_position=&#8220;middle&#8220; scene_position=&#8220;center&#8220;&#8230;<\/p>\n","protected":false},"author":1,"featured_media":0,"parent":0,"menu_order":0,"comment_status":"closed","ping_status":"closed","template":"","meta":{"_exactmetrics_skip_tracking":false,"_exactmetrics_sitenote_active":false,"_exactmetrics_sitenote_note":"","_exactmetrics_sitenote_category":0,"footnotes":""},"class_list":["post-18","page","type-page","status-publish"],"_links":{"self":[{"href":"https:\/\/www.stadtwerke-zerbst.de\/swz\/index.php\/wp-json\/wp\/v2\/pages\/18","targetHints":{"allow":["GET"]}}],"collection":[{"href":"https:\/\/www.stadtwerke-zerbst.de\/swz\/index.php\/wp-json\/wp\/v2\/pages"}],"about":[{"href":"https:\/\/www.stadtwerke-zerbst.de\/swz\/index.php\/wp-json\/wp\/v2\/types\/page"}],"author":[{"embeddable":true,"href":"https:\/\/www.stadtwerke-zerbst.de\/swz\/index.php\/wp-json\/wp\/v2\/users\/1"}],"replies":[{"embeddable":true,"href":"https:\/\/www.stadtwerke-zerbst.de\/swz\/index.php\/wp-json\/wp\/v2\/comments?post=18"}],"version-history":[{"count":5,"href":"https:\/\/www.stadtwerke-zerbst.de\/swz\/index.php\/wp-json\/wp\/v2\/pages\/18\/revisions"}],"predecessor-version":[{"id":1536,"href":"https:\/\/www.stadtwerke-zerbst.de\/swz\/index.php\/wp-json\/wp\/v2\/pages\/18\/revisions\/1536"}],"wp:attachment":[{"href":"https:\/\/www.stadtwerke-zerbst.de\/swz\/index.php\/wp-json\/wp\/v2\/media?parent=18"}],"curies":[{"name":"wp","href":"https:\/\/api.w.org\/{rel}","templated":true}]}}