{"id":1668,"date":"2022-07-13T09:09:26","date_gmt":"2022-07-13T07:09:26","guid":{"rendered":"https:\/\/www.stadtwerke-zerbst.de\/swz\/?page_id=1668"},"modified":"2022-07-13T09:09:26","modified_gmt":"2022-07-13T07:09:26","slug":"zahlungsschwierigkeiten","status":"publish","type":"page","link":"https:\/\/www.stadtwerke-zerbst.de\/swz\/index.php\/zahlungsschwierigkeiten\/","title":{"rendered":"Zahlungsschwierigkeiten"},"content":{"rendered":"[vc_row type=&#8220;in_container&#8220; full_screen_row_position=&#8220;middle&#8220; column_margin=&#8220;default&#8220; column_direction=&#8220;default&#8220; column_direction_tablet=&#8220;default&#8220; column_direction_phone=&#8220;default&#8220; scene_position=&#8220;center&#8220; text_color=&#8220;dark&#8220; text_align=&#8220;left&#8220; row_border_radius=&#8220;none&#8220; row_border_radius_applies=&#8220;bg&#8220; overflow=&#8220;visible&#8220; overlay_strength=&#8220;0.3&#8243; gradient_direction=&#8220;left_to_right&#8220; shape_divider_position=&#8220;bottom&#8220; bg_image_animation=&#8220;none&#8220;][vc_column column_padding=&#8220;no-extra-padding&#8220; column_padding_tablet=&#8220;inherit&#8220; column_padding_phone=&#8220;inherit&#8220; column_padding_position=&#8220;all&#8220; column_element_spacing=&#8220;default&#8220; background_color_opacity=&#8220;1&#8243; background_hover_color_opacity=&#8220;1&#8243; column_shadow=&#8220;none&#8220; column_border_radius=&#8220;none&#8220; column_link_target=&#8220;_self&#8220; column_position=&#8220;default&#8220; gradient_direction=&#8220;left_to_right&#8220; overlay_strength=&#8220;0.3&#8243; width=&#8220;1\/1&#8243; tablet_width_inherit=&#8220;default&#8220; tablet_text_alignment=&#8220;default&#8220; phone_text_alignment=&#8220;default&#8220; animation_type=&#8220;default&#8220; bg_image_animation=&#8220;none&#8220; border_type=&#8220;simple&#8220; column_border_width=&#8220;none&#8220; column_border_style=&#8220;solid&#8220;][vc_column_text]\n<div id=\"c544\" class=\"frame frame-default frame-type-text frame-layout-0 logo-rel-padding-75\">\n<header>\n<h2>Wie verhalte ich mich bei Zahlungsschwierigkeiten richtig?<\/h2>\n<\/header>\n<\/div>\n<div id=\"c545\" class=\"frame frame-default frame-type-text frame-layout-0 logo-rel-padding-75\">\n<header><\/header>\n<div class=\"ce-main\">\n<p>&nbsp;<\/p>\n<\/div>\n<\/div>\n[\/vc_column_text][vc_column_text]\n<h3>Grunds\u00e4tzlich<\/h3>\n[\/vc_column_text][divider line_type=&#8220;Full Width Line&#8220; line_thickness=&#8220;1&#8243; divider_color=&#8220;accent-color&#8220;][vc_column_text]\n<div id=\"c544\" class=\"frame frame-default frame-type-text frame-layout-0 logo-rel-padding-75\"><\/div>\n<div id=\"c545\" class=\"frame frame-default frame-type-text frame-layout-0 logo-rel-padding-75\">\n<header><span style=\"font-size: 16px;\">Zahlen Sie Ihre Rechnungen und Abschl\u00e4ge immer p\u00fcnktlich. Wichtig f\u00fcr Sie ist, dass Abschlagstermine nicht verschoben werden k\u00f6nnen. Eine gute L\u00f6sungsm\u00f6glichkeit ist hier z.B. der Dauerauftrag. Einmal eingerichtet, sind Ihre Abschl\u00e4ge immer p\u00fcnktlich bei uns. Bitte beachten Sie jedoch, dass sich mit der Jahresrechnung auch oft der Abschlagsbetrag \u00e4ndert und damit auch Ihr Dauerauftrag angepasst werden muss. Unkomplizierter l\u00e4uft es mit einer SEPA Basis Lastschrift: Hier ziehen die Stadtwerke Zerbst immer zum richtigen Zeitpunkt den korrekten Rechnungs- bzw. Abschlagsbetrag von Ihrem Konto ein. Auch Guthaben k\u00f6nnen so automatisch erstattet werden. Sie brauchen sich um nichts weiter zu k\u00fcmmern.<\/span><\/header>\n<\/div>\n[\/vc_column_text][\/vc_column][\/vc_row][vc_row type=&#8220;in_container&#8220; full_screen_row_position=&#8220;middle&#8220; column_margin=&#8220;default&#8220; column_direction=&#8220;default&#8220; column_direction_tablet=&#8220;default&#8220; column_direction_phone=&#8220;default&#8220; scene_position=&#8220;center&#8220; text_color=&#8220;dark&#8220; text_align=&#8220;left&#8220; row_border_radius=&#8220;none&#8220; row_border_radius_applies=&#8220;bg&#8220; overflow=&#8220;visible&#8220; overlay_strength=&#8220;0.3&#8243; gradient_direction=&#8220;left_to_right&#8220; shape_divider_position=&#8220;bottom&#8220; bg_image_animation=&#8220;none&#8220;][vc_column column_padding=&#8220;no-extra-padding&#8220; column_padding_tablet=&#8220;inherit&#8220; column_padding_phone=&#8220;inherit&#8220; column_padding_position=&#8220;all&#8220; column_element_spacing=&#8220;default&#8220; background_color_opacity=&#8220;1&#8243; background_hover_color_opacity=&#8220;1&#8243; column_shadow=&#8220;none&#8220; column_border_radius=&#8220;none&#8220; column_link_target=&#8220;_self&#8220; column_position=&#8220;default&#8220; gradient_direction=&#8220;left_to_right&#8220; overlay_strength=&#8220;0.3&#8243; width=&#8220;1\/1&#8243; tablet_width_inherit=&#8220;default&#8220; tablet_text_alignment=&#8220;default&#8220; phone_text_alignment=&#8220;default&#8220; animation_type=&#8220;default&#8220; bg_image_animation=&#8220;none&#8220; border_type=&#8220;simple&#8220; column_border_width=&#8220;none&#8220; column_border_style=&#8220;solid&#8220;][toggles style=&#8220;default&#8220;][toggle color=&#8220;Default&#8220; heading_tag=&#8220;default&#8220; title=&#8220;Was passiert, wenn Rechnungen und Abschl\u00e4ge nicht gezahlt werden?&#8220;][vc_column_text]Sie haben in der Vergangenheit immer alle Zahlungen p\u00fcnktlich geleistet und sind jetzt mit einer Zahlung im R\u00fcckstand? Im ersten Schritt erhalten Sie eine Zahlungserinnerung von uns. Geht danach immer noch kein Geld bei uns ein, senden wir Ihnen kostenpflichtige Mahnungen.<br \/>\nZahlen Sie auch dann die offenen Betr\u00e4ge nicht, entstehen weitere Kosten: Ihre Energieversorgung wird unterbrochen und Ihr Z\u00e4hler gesperrt. Die Kosten f\u00fcr die Unterbrechung und die Wiederinbetriebnahme tragen Sie als Kunde. Um das zu vermeiden, melden Sie sich so fr\u00fch wie m\u00f6glich bei uns und wir finden gemeinsam eine L\u00f6sung.[\/vc_column_text][\/toggle][toggle color=&#8220;Default&#8220; heading_tag=&#8220;default&#8220; title=&#8220;Wie erfolgt die Wiederinbetriebnahme?&#8220;][vc_column_text]Voraussetzung f\u00fcr die Wiederinbetriebnahme ist, dass alle offenen Forderungen und Kosten beglichen wurden. Bei Ihren Zahlungen ist es wichtig, dass Sie immer Ihre Vertragskontonummer als Verwendungszweck angeben. Nur so k\u00f6nnen wir alle Geldeing\u00e4nge richtig zuordnen und die Wiederinbetriebnahme Ihres Z\u00e4hlers kann schnellstm\u00f6glich vorgenommen werden.[\/vc_column_text][\/toggle][\/toggles][\/vc_column][\/vc_row][vc_row type=&#8220;in_container&#8220; full_screen_row_position=&#8220;middle&#8220; column_margin=&#8220;default&#8220; column_direction=&#8220;default&#8220; column_direction_tablet=&#8220;default&#8220; column_direction_phone=&#8220;default&#8220; scene_position=&#8220;center&#8220; text_color=&#8220;dark&#8220; text_align=&#8220;left&#8220; row_border_radius=&#8220;none&#8220; row_border_radius_applies=&#8220;bg&#8220; overflow=&#8220;visible&#8220; overlay_strength=&#8220;0.3&#8243; gradient_direction=&#8220;left_to_right&#8220; shape_divider_position=&#8220;bottom&#8220; bg_image_animation=&#8220;none&#8220;][vc_column column_padding=&#8220;no-extra-padding&#8220; column_padding_tablet=&#8220;inherit&#8220; column_padding_phone=&#8220;inherit&#8220; column_padding_position=&#8220;all&#8220; column_element_spacing=&#8220;default&#8220; background_color_opacity=&#8220;1&#8243; background_hover_color_opacity=&#8220;1&#8243; column_shadow=&#8220;none&#8220; column_border_radius=&#8220;none&#8220; column_link_target=&#8220;_self&#8220; column_position=&#8220;default&#8220; gradient_direction=&#8220;left_to_right&#8220; overlay_strength=&#8220;0.3&#8243; width=&#8220;1\/2&#8243; tablet_width_inherit=&#8220;default&#8220; tablet_text_alignment=&#8220;default&#8220; phone_text_alignment=&#8220;default&#8220; animation_type=&#8220;default&#8220; bg_image_animation=&#8220;none&#8220; border_type=&#8220;simple&#8220; column_border_width=&#8220;none&#8220; column_border_style=&#8220;solid&#8220;][vc_column_text]\n<h3>Was wir Ihnen empfehlen:<\/h3>\n[\/vc_column_text][divider line_type=&#8220;Full Width Line&#8220; line_thickness=&#8220;1&#8243; divider_color=&#8220;accent-color&#8220;][vc_column_text]\n<header><span style=\"font-size: 16px;\">Melden Sie sich rechtzeitig bei uns! So k\u00f6nnen Sie viele Unanehmlichkeiten und vor allem unn\u00f6tige Kosten vermeiden. Bei unerwarteten Zahlungsproblemen finden wir eine gemeinsame L\u00f6sung.<\/span><\/header>\n<div class=\"ce-main\">\n<p><strong>Unser Tipp:<\/strong><\/p>\n<p>Beziehen Sie ALG II oder Sozialhilfe fragen Sie beim zust\u00e4ndigen Jobcenter bzw. Sozialamt nach einem Darlehen.<\/p>\n<\/div>\n[\/vc_column_text][\/vc_column][vc_column column_padding=&#8220;no-extra-padding&#8220; column_padding_tablet=&#8220;inherit&#8220; column_padding_phone=&#8220;inherit&#8220; column_padding_position=&#8220;all&#8220; column_element_spacing=&#8220;default&#8220; background_color_opacity=&#8220;1&#8243; background_hover_color_opacity=&#8220;1&#8243; column_shadow=&#8220;none&#8220; column_border_radius=&#8220;none&#8220; column_link_target=&#8220;_self&#8220; column_position=&#8220;default&#8220; gradient_direction=&#8220;left_to_right&#8220; overlay_strength=&#8220;0.3&#8243; width=&#8220;1\/2&#8243; tablet_width_inherit=&#8220;default&#8220; tablet_text_alignment=&#8220;default&#8220; phone_text_alignment=&#8220;default&#8220; animation_type=&#8220;default&#8220; bg_image_animation=&#8220;none&#8220; border_type=&#8220;simple&#8220; column_border_width=&#8220;none&#8220; column_border_style=&#8220;solid&#8220;][vc_column_text]\n<h3>So k\u00f6nnen Sie bei uns bezahlen:<\/h3>\n[\/vc_column_text][divider line_type=&#8220;Full Width Line&#8220; line_thickness=&#8220;1&#8243; divider_color=&#8220;accent-color&#8220;]<div class=\"nectar-fancy-ul\" data-list-icon=\"dot\" data-animation=\"false\" data-animation-delay=\"0\" data-spacing=\"default\" data-alignment=\"left\"> \n<div class=\"info_tile_element__txt\">\n<ul class=\"check check--anthracite\">\n<li>SEPA-Basis Lastschrift<\/li>\n<li>\u00dcberweisung oder Dauerauftrag<\/li>\n<li>Barzahlung im Dienstleistungscenter<\/li>\n<\/ul>\n<\/div>\n <\/div>[\/vc_column][\/vc_row][vc_row type=&#8220;in_container&#8220; full_screen_row_position=&#8220;middle&#8220; column_margin=&#8220;default&#8220; column_direction=&#8220;default&#8220; column_direction_tablet=&#8220;default&#8220; column_direction_phone=&#8220;default&#8220; scene_position=&#8220;center&#8220; text_color=&#8220;dark&#8220; text_align=&#8220;left&#8220; row_border_radius=&#8220;none&#8220; row_border_radius_applies=&#8220;bg&#8220; overflow=&#8220;visible&#8220; overlay_strength=&#8220;0.3&#8243; gradient_direction=&#8220;left_to_right&#8220; shape_divider_position=&#8220;bottom&#8220; bg_image_animation=&#8220;none&#8220;][vc_column column_padding=&#8220;no-extra-padding&#8220; column_padding_tablet=&#8220;inherit&#8220; column_padding_phone=&#8220;inherit&#8220; column_padding_position=&#8220;all&#8220; column_element_spacing=&#8220;default&#8220; background_color_opacity=&#8220;1&#8243; background_hover_color_opacity=&#8220;1&#8243; column_shadow=&#8220;none&#8220; column_border_radius=&#8220;none&#8220; column_link_target=&#8220;_self&#8220; column_position=&#8220;default&#8220; gradient_direction=&#8220;left_to_right&#8220; overlay_strength=&#8220;0.3&#8243; width=&#8220;1\/1&#8243; tablet_width_inherit=&#8220;default&#8220; tablet_text_alignment=&#8220;default&#8220; phone_text_alignment=&#8220;default&#8220; animation_type=&#8220;default&#8220; bg_image_animation=&#8220;none&#8220; border_type=&#8220;simple&#8220; column_border_width=&#8220;none&#8220; column_border_style=&#8220;solid&#8220;][\/vc_column][\/vc_row]\n","protected":false},"excerpt":{"rendered":"<p>[vc_row type=&#8220;in_container&#8220; full_screen_row_position=&#8220;middle&#8220; column_margin=&#8220;default&#8220; column_direction=&#8220;default&#8220; column_direction_tablet=&#8220;default&#8220; column_direction_phone=&#8220;default&#8220; scene_position=&#8220;center&#8220; text_color=&#8220;dark&#8220; text_align=&#8220;left&#8220; row_border_radius=&#8220;none&#8220; row_border_radius_applies=&#8220;bg&#8220; overflow=&#8220;visible&#8220; overlay_strength=&#8220;0.3&#8243; gradient_direction=&#8220;left_to_right&#8220; shape_divider_position=&#8220;bottom&#8220; bg_image_animation=&#8220;none&#8220;][vc_column column_padding=&#8220;no-extra-padding&#8220; column_padding_tablet=&#8220;inherit&#8220; column_padding_phone=&#8220;inherit&#8220; column_padding_position=&#8220;all&#8220; column_element_spacing=&#8220;default&#8220; background_color_opacity=&#8220;1&#8243; background_hover_color_opacity=&#8220;1&#8243; column_shadow=&#8220;none&#8220; column_border_radius=&#8220;none&#8220; column_link_target=&#8220;_self&#8220; column_position=&#8220;default&#8220; gradient_direction=&#8220;left_to_right&#8220; overlay_strength=&#8220;0.3&#8243;&#8230;<\/p>\n","protected":false},"author":6,"featured_media":0,"parent":0,"menu_order":0,"comment_status":"closed","ping_status":"closed","template":"","meta":{"_exactmetrics_skip_tracking":false,"_exactmetrics_sitenote_active":false,"_exactmetrics_sitenote_note":"","_exactmetrics_sitenote_category":0,"footnotes":""},"class_list":["post-1668","page","type-page","status-publish"],"_links":{"self":[{"href":"https:\/\/www.stadtwerke-zerbst.de\/swz\/index.php\/wp-json\/wp\/v2\/pages\/1668","targetHints":{"allow":["GET"]}}],"collection":[{"href":"https:\/\/www.stadtwerke-zerbst.de\/swz\/index.php\/wp-json\/wp\/v2\/pages"}],"about":[{"href":"https:\/\/www.stadtwerke-zerbst.de\/swz\/index.php\/wp-json\/wp\/v2\/types\/page"}],"author":[{"embeddable":true,"href":"https:\/\/www.stadtwerke-zerbst.de\/swz\/index.php\/wp-json\/wp\/v2\/users\/6"}],"replies":[{"embeddable":true,"href":"https:\/\/www.stadtwerke-zerbst.de\/swz\/index.php\/wp-json\/wp\/v2\/comments?post=1668"}],"version-history":[{"count":12,"href":"https:\/\/www.stadtwerke-zerbst.de\/swz\/index.php\/wp-json\/wp\/v2\/pages\/1668\/revisions"}],"predecessor-version":[{"id":1680,"href":"https:\/\/www.stadtwerke-zerbst.de\/swz\/index.php\/wp-json\/wp\/v2\/pages\/1668\/revisions\/1680"}],"wp:attachment":[{"href":"https:\/\/www.stadtwerke-zerbst.de\/swz\/index.php\/wp-json\/wp\/v2\/media?parent=1668"}],"curies":[{"name":"wp","href":"https:\/\/api.w.org\/{rel}","templated":true}]}}