{"id":22,"date":"2015-11-16T16:09:28","date_gmt":"2015-11-16T15:09:28","guid":{"rendered":"http:\/\/www.stadtwerke-zerbst.de\/svz\/?page_id=22"},"modified":"2026-01-05T14:24:08","modified_gmt":"2026-01-05T13:24:08","slug":"smart-meter","status":"publish","type":"page","link":"https:\/\/www.stadtwerke-zerbst.de\/svz\/smart-meter\/","title":{"rendered":"&#8211; &#8211; Smart Meter"},"content":{"rendered":"[vc_row type=&#8220;in_container&#8220; full_screen_row_position=&#8220;middle&#8220; column_margin=&#8220;default&#8220; column_direction=&#8220;default&#8220; column_direction_tablet=&#8220;default&#8220; column_direction_phone=&#8220;default&#8220; scene_position=&#8220;center&#8220; text_color=&#8220;dark&#8220; text_align=&#8220;left&#8220; row_border_radius=&#8220;none&#8220; row_border_radius_applies=&#8220;bg&#8220; overflow=&#8220;visible&#8220; overlay_strength=&#8220;0.3&#8243; gradient_direction=&#8220;left_to_right&#8220; shape_divider_position=&#8220;bottom&#8220; bg_image_animation=&#8220;none&#8220;][vc_column column_padding=&#8220;no-extra-padding&#8220; column_padding_tablet=&#8220;inherit&#8220; column_padding_phone=&#8220;inherit&#8220; column_padding_position=&#8220;all&#8220; column_element_spacing=&#8220;default&#8220; background_color_opacity=&#8220;1&#8243; background_hover_color_opacity=&#8220;1&#8243; column_shadow=&#8220;none&#8220; column_border_radius=&#8220;none&#8220; column_link_target=&#8220;_self&#8220; column_position=&#8220;default&#8220; gradient_direction=&#8220;left_to_right&#8220; overlay_strength=&#8220;0.3&#8243; width=&#8220;1\/1&#8243; tablet_width_inherit=&#8220;default&#8220; tablet_text_alignment=&#8220;default&#8220; phone_text_alignment=&#8220;default&#8220; animation_type=&#8220;default&#8220; bg_image_animation=&#8220;none&#8220; border_type=&#8220;simple&#8220; column_border_width=&#8220;none&#8220; column_border_style=&#8220;solid&#8220;]<div class=\"iwithtext\"><div class=\"iwt-icon\"> <img decoding=\"async\" src=\"https:\/\/www.stadtwerke-zerbst.de\/svz\/wp-content\/uploads\/2015\/11\/smart_meter-1.png\" alt=\"\" \/> <\/div><div class=\"iwt-text\"> \n<h2>Smart Meter \u2013 Ihr Tarif f\u00fcr Intelligente Messsysteme<\/h2>\n <\/div><div class=\"clear\"><\/div><\/div>[divider line_type=&#8220;Full Width Line&#8220; line_thickness=&#8220;1&#8243; divider_color=&#8220;accent-color&#8220;][vc_column_text]M\u00f6chten Sie Ihren Stromverbrauch genauer erfassen? Digitale Z\u00e4hler helfen Ihnen, den Energieverbrauch genau abzubilden und zu kontrollieren. Der Smart Meter macht Ihren Stromverbrauch transparent: Sie k\u00f6nnen verfolgen, wann Sie viel Strom erbrauchen, wann weniger und welche Ger\u00e4te besondere \u201eStromfresser\u201c sind. Eine Entscheidungshilfe, um \u201ealte Sch\u00e4tzchen\u201c gegen neue auszutauschen und manche Ger\u00e4te vielleicht seltener ein- oder \u00f6fter mal auszuschalten.<br \/>\n[\/vc_column_text][divider line_type=&#8220;No Line&#8220;][vc_column_text]<strong>Preise Smart-Meter-Tarif ab 1.01.2026 bis 31.12.2026<\/strong><\/p>\n<table style=\"height: 83px;\">\n<tbody>\n<tr style=\"background-color: #878787; color: white;\">\n<td style=\"border-bottom: 1px solid #e7344c;\">Jahresverbrauch<\/td>\n<td style=\"border-bottom: 1px solid #e7344c; text-align: right;\">Arbeitspreis<\/td>\n<td style=\"border-bottom: 1px solid #e7344c; text-align: right;\">(ct\/kWh)<\/td>\n<td style=\"border-bottom: 1px solid #e7344c; text-align: right;\">Grundpreis<\/td>\n<td style=\"border-bottom: 1px solid #e7344c; text-align: right;\">(Euro\/a)<\/td>\n<\/tr>\n<tr>\n<td>(kWh\/a)<\/td>\n<td style=\"text-align: right;\">netto<\/td>\n<td style=\"text-align: right;\">30,95<\/td>\n<td style=\"text-align: right;\">netto<\/td>\n<td style=\"text-align: right;\">250,00<\/td>\n<\/tr>\n<tr>\n<td>bis max. 100.000<\/td>\n<td style=\"text-align: right;\">brutto<\/td>\n<td style=\"text-align: right;\">36,83<\/td>\n<td style=\"text-align: right;\">brutto<\/td>\n<td style=\"text-align: right;\">297,50<\/td>\n<\/tr>\n<tr>\n<td style=\"font-size: 11px; background-color: #ececec;\" colspan=\"5\">Alle aufgef\u00fchrten Strom-Arbeitsnettopreise enthalten die gesetzliche Stromsteuer von z. Z. 2,05 ct\/kWh, die Umlage nach \u00a7 19 Absatz 2 Strom NEV von 0643 ct\/kWh, der KWK-Aufschlag von 0,275 ct\/kWh, die Offshore-Haftungsumlage von 0,656 ct\/kWh, die Konzessionsabgabe von 1,320 ct\/kWh und die jeweils g\u00fcltigen Netzentgelte.. Die angegebenen Bruttopreise setzen sich zusammen aus den ausgewiesenen Nettopreisen zzgl. 19% Umsatzsteuer. Die Preise f\u00fcr den Smart-Meter Tarif sind g\u00fcltig ab dem 1.01.2026.<\/td>\n<\/tr>\n<\/tbody>\n<\/table>\n[\/vc_column_text][divider line_type=&#8220;No Line&#8220;][vc_column_text][tabbed_section][tab title=&#8220;Details zu den Preisen&#8220; id=&#8220;t1&#8243;]\n<p>Der Preis besteht aus Grundpreis und Arbeitspreis. Der Grundpreis setzt sich zusammen aus Leistungs- und Verrechnungspreis. Der Leistungspreis deckt die j\u00e4hrlichen Kosten f\u00fcr die Bereitstellung der Anlagen und der elektrischen Leistung. Der Verrechnungspreis deckt die j\u00e4hrlichen Kosten f\u00fcr die Z\u00e4hl- und Messeinrichtungen, die Erfassung der Z\u00e4hlerst\u00e4nde sowie f\u00fcr die Abrechnung und das Inkasso. Der Arbeitspreis ist das Entgelt f\u00fcr jede abgenommene Kilowattstunde (kWh). Ma\u00dfgebend f\u00fcr den zu berechnenden Preis ist die jeweils \u00fcber ein Messwerk abgenommene Elektrizit\u00e4tsmenge.<\/p>\n<p>&nbsp;<\/p>\n[\/tab][tab title=&#8220;Wir belohnen Ihre Energieeffizienz&#8220; id=&#8220;t2&#8243;]Die Stromversorgung Zerbst GmbH &amp; Co. KG gew\u00e4hrt ihren privaten Tarifkunden bei einer j\u00e4hrlichen Einsparung von mindestens 200 kWh eine Gutschrift auf die Jahresendrechnung in H\u00f6he von 10,00 Euro und eine Freikarte f\u00fcr einen einmaligen Besuch des Freibades oder Hallenbades f\u00fcr bis zu 3 Personen. Dieser Energiesparbonus gilt f\u00fcr die Tarife Basis-, \u00d6ko- und Smart-Meter-Tarif im Tarifkundenbereich. [\/tab] [\/tabbed_section][\/vc_column_text]<div class=\"iwithtext\"><div class=\"iwt-icon\"> <img decoding=\"async\" src=\"https:\/\/www.stadtwerke-zerbst.de\/svz\/wp-content\/uploads\/2015\/11\/telefon_50.png\" alt=\"\" \/> <\/div><div class=\"iwt-text\"> \n<h3>Kundenservice<\/h3>\n <\/div><div class=\"clear\"><\/div><\/div>[divider line_type=&#8220;Full Width Line&#8220; line_thickness=&#8220;1&#8243; divider_color=&#8220;accent-color&#8220;][vc_column_text]Sie w\u00fcnschen Beratung zu unseren Produkten oder haben noch Fragen? Unser freundliches Serviceteam ber\u00e4t Sie gerne in unserem <a href=\"https:\/\/www.stadtwerke-zerbst.de\/svz\/index.php\/dienstleistungscenter-kontakt-strom\/\" target=\"_blank\" rel=\"noopener noreferrer\">Dienstleistungscenter <\/a>oder selbstverst\u00e4ndlich auch <a title=\"Strom\" href=\"https:\/\/www.stadtwerke-zerbst.de\/svz\/index.php\/dienstleistungscenter-kontakt-strom\/\" target=\"_blank\" rel=\"noopener noreferrer\">telefonisch<\/a>[\/vc_column_text][divider line_type=&#8220;No Line&#8220; custom_height=&#8220;40&#8243;]<div class=\"iwithtext\"><div class=\"iwt-icon\"> <img decoding=\"async\" src=\"https:\/\/www.stadtwerke-zerbst.de\/svz\/wp-content\/uploads\/2015\/11\/Download-1.png\" alt=\"\" \/> <\/div><div class=\"iwt-text\"> \n<h3>Downloads<\/h3>\n <\/div><div class=\"clear\"><\/div><\/div>[divider line_type=&#8220;Full Width Line&#8220; line_thickness=&#8220;1&#8243; divider_color=&#8220;accent-color&#8220;]<div class=\"iwithtext\"><div class=\"iwt-icon\"> <i class=\"icon-default-style fa fa-file accent-color\"><\/i> <\/div><div class=\"iwt-text\"> Laden Sie hier unser <a href=\"https:\/\/www.stadtwerke-zerbst.de\/svz\/wp-content\/uploads\/2024\/03\/Tarifblatt-01.04.2024-31.12.2024.pdf\" target=\"_blank\" rel=\"noopener\">Tarifblatt g\u00fcltig ab 01.01.2026<\/a>\u00a0herunter <\/div><div class=\"clear\"><\/div><\/div><div class=\"iwithtext\"><div class=\"iwt-icon\"> <i class=\"icon-default-style fa fa-file accent-color\"><\/i> <\/div><div class=\"iwt-text\"> Laden Sie hier unser <a href=\"https:\/\/www.stadtwerke-zerbst.de\/svz\/wp-content\/uploads\/2024\/12\/Preisblatt-Tarif-2025.pdf\" target=\"_blank\" rel=\"noopener\">Tarifblatt g\u00fcltig ab 01.01.2025<\/a>\u00a0herunter <\/div><div class=\"clear\"><\/div><\/div><div class=\"iwithtext\"><div class=\"iwt-icon\"> <i class=\"icon-default-style fa fa-file accent-color\"><\/i> <\/div><div class=\"iwt-text\"> Laden Sie hier unser <a href=\"https:\/\/www.stadtwerke-zerbst.de\/svz\/wp-content\/uploads\/2024\/03\/Tarifblatt-01.04.2024-31.12.2024.pdf\" target=\"_blank\" rel=\"noopener\">Tarifblatt g\u00fcltig ab 01.04.2024<\/a>\u00a0herunter <\/div><div class=\"clear\"><\/div><\/div><div class=\"iwithtext\"><div class=\"iwt-icon\"> <i class=\"icon-default-style fa fa-file accent-color\"><\/i> <\/div><div class=\"iwt-text\"> Laden Sie hier unser <a href=\"https:\/\/www.stadtwerke-zerbst.de\/svz\/wp-content\/uploads\/2024\/03\/Tarifblatt-01.12.2023-31.03.2024.pdf\" target=\"_blank\" rel=\"noopener\">Tarifblatt g\u00fcltig ab 01.12.2023<\/a>\u00a0herunter <\/div><div class=\"clear\"><\/div><\/div><div class=\"iwithtext\"><div class=\"iwt-icon\"> <i class=\"icon-default-style fa fa-file accent-color\"><\/i> <\/div><div class=\"iwt-text\"> Laden Sie hier unser <a href=\"https:\/\/www.stadtwerke-zerbst.de\/svz\/wp-content\/uploads\/2022\/11\/Tarifblatt-ab-01.01.2023.pdf\" target=\"_blank\" rel=\"noopener\">Tarifblatt g\u00fcltig ab 01.01.2023<\/a>\u00a0herunter <\/div><div class=\"clear\"><\/div><\/div><div class=\"iwithtext\"><div class=\"iwt-icon\"> <i class=\"icon-default-style fa fa-file accent-color\"><\/i> <\/div><div class=\"iwt-text\"> Laden Sie hier unsere <a href=\"https:\/\/www.stadtwerke-zerbst.de\/svz\/wp-content\/uploads\/2022\/11\/swm_serviceblatt_zerbst_10-2022_web.pdf\" target=\"_blank\" rel=\"noopener\">Serviceinfo zur Stromrechnung 2022<\/a> herunter <\/div><div class=\"clear\"><\/div><\/div><div class=\"iwithtext\"><div class=\"iwt-icon\"> <i class=\"icon-default-style fa fa-file accent-color\"><\/i> <\/div><div class=\"iwt-text\"> Laden Sie hier unser <a href=\"https:\/\/www.stadtwerke-zerbst.de\/svz\/wp-content\/uploads\/2022\/06\/Preisblatt-ab-01.08.2022.pdf\">Tarifblatt g\u00fcltig ab 01.08.2022<\/a> herunter <\/div><div class=\"clear\"><\/div><\/div><div class=\"iwithtext\"><div class=\"iwt-icon\"> <i class=\"icon-default-style fa fa-file accent-color\"><\/i> <\/div><div class=\"iwt-text\"> Laden Sie hier unser <a href=\"https:\/\/www.stadtwerke-zerbst.de\/svz\/wp-content\/uploads\/2022\/01\/Preisblatt-SVZ-2022_ges.pdf\" target=\"_blank\" rel=\"noopener noreferrer\">Tarifblatt 2022<\/a> herunter <\/div><div class=\"clear\"><\/div><\/div><div class=\"iwithtext\"><div class=\"iwt-icon\"> <i class=\"icon-default-style fa fa-file accent-color\"><\/i> <\/div><div class=\"iwt-text\"> Laden Sie<a href=\"https:\/\/www.stadtwerke-zerbst.de\/svz\/wp-content\/uploads\/2021\/02\/Tarifblatt-SVZ-2021.pdf\" target=\"_blank\" rel=\"noopener noreferrer\"> hier unser Tarifblatt 2021<\/a> herunter <\/div><div class=\"clear\"><\/div><\/div><div class=\"iwithtext\"><div class=\"iwt-icon\"> <i class=\"icon-default-style fa fa-file accent-color\"><\/i> <\/div><div class=\"iwt-text\"> Laden Sie<a href=\"https:\/\/www.stadtwerke-zerbst.de\/svz\/wp-content\/uploads\/2020\/02\/korr_Tarifblatt_2020_SVZ.pdf\" target=\"_blank\" rel=\"noopener noreferrer\"> hier unser Tarifblatt 2020<\/a> herunter <\/div><div class=\"clear\"><\/div><\/div><div class=\"iwithtext\"><div class=\"iwt-icon\"> <i class=\"icon-default-style fa fa-file accent-color\"><\/i> <\/div><div class=\"iwt-text\"> Laden Sie <a href=\"https:\/\/www.stadtwerke-zerbst.de\/svz\/wp-content\/uploads\/2018\/02\/Tarifblatt-Stromversorgung-Zerbst-2018.pdf\" target=\"_blank\" rel=\"noopener noreferrer\">hier<\/a> unser Tarifblatt 2018 herunter <\/div><div class=\"clear\"><\/div><\/div><div class=\"iwithtext\"><div class=\"iwt-icon\"> <i class=\"icon-default-style fa fa-file accent-color\"><\/i> <\/div><div class=\"iwt-text\"> Laden Sie <a href=\"https:\/\/www.stadtwerke-zerbst.de\/svz\/wp-content\/uploads\/2015\/11\/agbsvz.pdf\" target=\"_blank\" rel=\"noopener noreferrer\">hier<\/a> unsere AGBs herunter <\/div><div class=\"clear\"><\/div><\/div>[\/vc_column][\/vc_row]\n","protected":false},"excerpt":{"rendered":"<p>[vc_row type=&#8220;in_container&#8220; full_screen_row_position=&#8220;middle&#8220; column_margin=&#8220;default&#8220; column_direction=&#8220;default&#8220; column_direction_tablet=&#8220;default&#8220; column_direction_phone=&#8220;default&#8220; scene_position=&#8220;center&#8220; text_color=&#8220;dark&#8220; text_align=&#8220;left&#8220; row_border_radius=&#8220;none&#8220; row_border_radius_applies=&#8220;bg&#8220; overflow=&#8220;visible&#8220; overlay_strength=&#8220;0.3&#8243; gradient_direction=&#8220;left_to_right&#8220; shape_divider_position=&#8220;bottom&#8220; bg_image_animation=&#8220;none&#8220;][vc_column column_padding=&#8220;no-extra-padding&#8220; column_padding_tablet=&#8220;inherit&#8220; column_padding_phone=&#8220;inherit&#8220; column_padding_position=&#8220;all&#8220; column_element_spacing=&#8220;default&#8220; background_color_opacity=&#8220;1&#8243; background_hover_color_opacity=&#8220;1&#8243; column_shadow=&#8220;none&#8220; column_border_radius=&#8220;none&#8220; column_link_target=&#8220;_self&#8220; column_position=&#8220;default&#8220; gradient_direction=&#8220;left_to_right&#8220; overlay_strength=&#8220;0.3&#8243;&#8230;<\/p>\n","protected":false},"author":1,"featured_media":0,"parent":0,"menu_order":0,"comment_status":"closed","ping_status":"closed","template":"","meta":{"_exactmetrics_skip_tracking":false,"_exactmetrics_sitenote_active":false,"_exactmetrics_sitenote_note":"","_exactmetrics_sitenote_category":0,"footnotes":""},"class_list":["post-22","page","type-page","status-publish"],"_links":{"self":[{"href":"https:\/\/www.stadtwerke-zerbst.de\/svz\/wp-json\/wp\/v2\/pages\/22","targetHints":{"allow":["GET"]}}],"collection":[{"href":"https:\/\/www.stadtwerke-zerbst.de\/svz\/wp-json\/wp\/v2\/pages"}],"about":[{"href":"https:\/\/www.stadtwerke-zerbst.de\/svz\/wp-json\/wp\/v2\/types\/page"}],"author":[{"embeddable":true,"href":"https:\/\/www.stadtwerke-zerbst.de\/svz\/wp-json\/wp\/v2\/users\/1"}],"replies":[{"embeddable":true,"href":"https:\/\/www.stadtwerke-zerbst.de\/svz\/wp-json\/wp\/v2\/comments?post=22"}],"version-history":[{"count":37,"href":"https:\/\/www.stadtwerke-zerbst.de\/svz\/wp-json\/wp\/v2\/pages\/22\/revisions"}],"predecessor-version":[{"id":2313,"href":"https:\/\/www.stadtwerke-zerbst.de\/svz\/wp-json\/wp\/v2\/pages\/22\/revisions\/2313"}],"wp:attachment":[{"href":"https:\/\/www.stadtwerke-zerbst.de\/svz\/wp-json\/wp\/v2\/media?parent=22"}],"curies":[{"name":"wp","href":"https:\/\/api.w.org\/{rel}","templated":true}]}}