{"id":2003,"date":"2022-12-08T12:11:03","date_gmt":"2022-12-08T11:11:03","guid":{"rendered":"https:\/\/www.stadtwerke-zerbst.de\/svz\/?page_id=2003"},"modified":"2025-08-04T14:06:10","modified_gmt":"2025-08-04T12:06:10","slug":"24h-lieferantenwechsel","status":"publish","type":"page","link":"https:\/\/www.stadtwerke-zerbst.de\/svz\/24h-lieferantenwechsel\/","title":{"rendered":"24 h Lieferantenwechsel"},"content":{"rendered":"[vc_row type=&#8220;in_container&#8220; full_screen_row_position=&#8220;middle&#8220; column_margin=&#8220;default&#8220; column_direction=&#8220;default&#8220; column_direction_tablet=&#8220;default&#8220; column_direction_phone=&#8220;default&#8220; scene_position=&#8220;center&#8220; text_color=&#8220;dark&#8220; text_align=&#8220;left&#8220; row_border_radius=&#8220;none&#8220; row_border_radius_applies=&#8220;bg&#8220; overflow=&#8220;visible&#8220; overlay_strength=&#8220;0.3&#8243; gradient_direction=&#8220;left_to_right&#8220; shape_divider_position=&#8220;bottom&#8220; bg_image_animation=&#8220;none&#8220;][vc_column column_padding=&#8220;no-extra-padding&#8220; column_padding_tablet=&#8220;inherit&#8220; column_padding_phone=&#8220;inherit&#8220; column_padding_position=&#8220;all&#8220; column_element_spacing=&#8220;default&#8220; background_color_opacity=&#8220;1&#8243; background_hover_color_opacity=&#8220;1&#8243; column_shadow=&#8220;none&#8220; column_border_radius=&#8220;none&#8220; column_link_target=&#8220;_self&#8220; column_position=&#8220;default&#8220; gradient_direction=&#8220;left_to_right&#8220; overlay_strength=&#8220;0.3&#8243; width=&#8220;1\/1&#8243; tablet_width_inherit=&#8220;default&#8220; tablet_text_alignment=&#8220;default&#8220; phone_text_alignment=&#8220;default&#8220; animation_type=&#8220;default&#8220; bg_image_animation=&#8220;none&#8220; border_type=&#8220;simple&#8220; column_border_width=&#8220;none&#8220; column_border_style=&#8220;solid&#8220;][vc_column_text]\n<h1>24h-Lieferantenwechsel<\/h1>\n<p>Stromanbieter schnell wechseln[\/vc_column_text][divider line_type=&#8220;Full Width Line&#8220; line_thickness=&#8220;1&#8243; divider_color=&#8220;accent-color&#8220; custom_height=&#8220;50&#8243;][vc_column_text]Ab dem 6. Juni 2025 treten neue Regelungen f\u00fcr die An- und Abmeldung des Lieferantenwechsels bei den Netzbetreibern f\u00fcr die Sparte Strom in Kraft. Die Bundesnetzagentur f\u00fchrt angepasste technische Standards ein, die f\u00fcr Energieversorger, Netzbetreiber und weitere Marktpartner verbindlich sind.<\/p>\n<h2 class=\"quote quote--small\">Kurz zusammengefasst:<\/h2>\n<ul class=\"check check--cyan\">\n<li>Ein Wechsel des Stromanbieters ist zuk\u00fcnftig<strong> werktags innerhalb von 24 Stunden<\/strong>\u00a0<strong>technisch<\/strong> m\u00f6glich<\/li>\n<li><strong>Vertragsbeginn und Vertragsende sind nur f\u00fcr die Zukunft m\u00f6glich <\/strong>und k\u00f6nnen nicht nachtr\u00e4glich ge\u00e4ndert werden. Das gilt f\u00fcr Lieferantenwechsel, Einzug und Auszug.<\/li>\n<li>Die neuen Regelungen betreffen ausschlie\u00dflich die <strong>technische Abwicklung<\/strong> und haben keinen Einfluss auf den bestehenden Stromliefervertrag. Achten Sie immer auf Ihre<strong> K\u00fcndigungsfristen und die Vertragslaufzeiten<\/strong>. Diese gelten wie bisher und sind unabh\u00e4ngig von der neuen Regelung.<\/li>\n<\/ul>\n[\/vc_column_text][divider line_type=&#8220;Full Width Line&#8220; line_thickness=&#8220;1&#8243; divider_color=&#8220;accent-color&#8220; custom_height=&#8220;50&#8243;][\/vc_column][\/vc_row][vc_row type=&#8220;in_container&#8220; full_screen_row_position=&#8220;middle&#8220; column_margin=&#8220;default&#8220; column_direction=&#8220;default&#8220; column_direction_tablet=&#8220;default&#8220; column_direction_phone=&#8220;default&#8220; scene_position=&#8220;center&#8220; text_color=&#8220;dark&#8220; text_align=&#8220;left&#8220; row_border_radius=&#8220;none&#8220; row_border_radius_applies=&#8220;bg&#8220; overflow=&#8220;visible&#8220; overlay_strength=&#8220;0.3&#8243; gradient_direction=&#8220;left_to_right&#8220; shape_divider_position=&#8220;bottom&#8220; bg_image_animation=&#8220;none&#8220;][vc_column column_padding=&#8220;no-extra-padding&#8220; column_padding_tablet=&#8220;inherit&#8220; column_padding_phone=&#8220;inherit&#8220; column_padding_position=&#8220;all&#8220; column_element_spacing=&#8220;default&#8220; background_color_opacity=&#8220;1&#8243; background_hover_color_opacity=&#8220;1&#8243; column_shadow=&#8220;none&#8220; column_border_radius=&#8220;none&#8220; column_link_target=&#8220;_self&#8220; column_position=&#8220;default&#8220; gradient_direction=&#8220;left_to_right&#8220; overlay_strength=&#8220;0.3&#8243; width=&#8220;1\/1&#8243; tablet_width_inherit=&#8220;default&#8220; tablet_text_alignment=&#8220;default&#8220; phone_text_alignment=&#8220;default&#8220; animation_type=&#8220;default&#8220; bg_image_animation=&#8220;none&#8220; border_type=&#8220;simple&#8220; column_border_width=&#8220;none&#8220; column_border_style=&#8220;solid&#8220;][toggles style=&#8220;default&#8220;][toggle color=&#8220;Default&#8220; heading_tag=&#8220;default&#8220; title=&#8220;Was ist ein Lieferantenwechsel?&#8220;][vc_column_text]Grunds\u00e4tzlich steht es jedem frei,<strong>\u00a0den aktuellen Energieversorger zu wechseln<\/strong>. Dieser Vorgang wird im Allgemeinen als\u00a0<strong>Lieferantenwechsel<\/strong> bezeichnet. Der Lieferantenwechsel ist von einem Vertragswechsel (z.B. von Zerbst Strom in Zerbst Strom \u00d6ko) zu unterscheiden, der innerhalb eines Anbieters erfolgt.<\/p>\n<p>Der Wechsel des Energieversorgers ist schon jetzt einfach und kann in den meisten F\u00e4llen direkt online erledigt werden. Alle ben\u00f6tigten Daten finden Sie auf Ihrer Vertragsbest\u00e4tigung oder Ihrer letzten Jahresabrechnung. Dazu geh\u00f6ren \u2013 neben den pers\u00f6nlichen Daten \u2013 die Z\u00e4hlernummer, die Marktlokations-ID, der Name des bisherigen Stromanbieters und der Z\u00e4hlerstand.<\/p>\n<p><strong>Was ist neu?<\/strong><\/p>\n<p>Der\u00a0<strong>technische Prozess<\/strong>\u00a0zum Wechsel des Stromversorgers wird deutlich gestrafft. Dieser muss innerhalb von 24 Stunden abgeschlossen sein \u2013 und zwar an jedem regul\u00e4ren Arbeitstag.<br \/>\nF\u00fcr Kunden bedeuten die neuen Regelungen, dass sie bei Aus- oder Einzug auf eine rechtzeitige K\u00fcndigung oder auf einen neuen Vertragsabschluss achten m\u00fcssen. Alles andere bleibt wie zuvor. Laufzeiten und K\u00fcndigungsfristen von Vertr\u00e4gen zwischen dem Stromanbieter und dem Kunden gelten unver\u00e4ndert, ungeachtet der k\u00fcrzeren Fristen der technischen Abwicklung.[\/vc_column_text][\/toggle][\/toggles][vc_column_text]\n<header>\n<h2 class=\"\">Wichtige Infos f\u00fcr Sie:<\/h2>\n<\/header>\n<div class=\"ce-main\">\n<p>Ab 6. Juni 2025 k\u00f6nnen<strong>\u00a0Stromvertr\u00e4ge<\/strong> nur noch zu einem<strong> in der Zukunft liegenden Termin gek\u00fcndigt oder geschlossen<\/strong> werden. Das bedeutet, dass es keine r\u00fcckwirkenden Ein- und Ausz\u00fcge mehr geben wird.<\/p>\n<p>K\u00fcndigen Sie bei <strong>Auszug <\/strong>rechtzeitig Ihren Stromvertrag unter Einhaltung Ihrer K\u00fcndigungsfristen, am besten gleich, wenn Sie Ihren Mietvertrag k\u00fcndigen. Geben Sie hier unbedingt Ihre Z\u00e4hlernummer an. Den Z\u00e4hlerstand melden Sie dann unmittelbar nach der Wohnungsabnahme.<\/p>\n<p>Auch bei <strong>Einzug<\/strong> m\u00fcssen Sie sich rechtzeitig um Ihren neuen Stromvertrag k\u00fcmmern. Wir empfehlen Ihnen, Ihren den Stromvertrag gleich mit Unterschrift Ihres Mietvertrags abzuschlie\u00dfen. Haben Sie daf\u00fcr bitte Ihre neue Z\u00e4hlernummer zur Hand. Nach Wohnungs\u00fcbergabe teilen Sie uns einfach den Z\u00e4hlerstand mit.<\/p>\n<\/div>\n[\/vc_column_text][\/vc_column][\/vc_row][vc_row type=&#8220;in_container&#8220; full_screen_row_position=&#8220;middle&#8220; column_margin=&#8220;default&#8220; column_direction=&#8220;default&#8220; column_direction_tablet=&#8220;default&#8220; column_direction_phone=&#8220;default&#8220; scene_position=&#8220;center&#8220; text_color=&#8220;dark&#8220; text_align=&#8220;left&#8220; row_border_radius=&#8220;none&#8220; row_border_radius_applies=&#8220;bg&#8220; overflow=&#8220;visible&#8220; overlay_strength=&#8220;0.3&#8243; gradient_direction=&#8220;left_to_right&#8220; shape_divider_position=&#8220;bottom&#8220; bg_image_animation=&#8220;none&#8220;][vc_column column_padding=&#8220;no-extra-padding&#8220; column_padding_tablet=&#8220;inherit&#8220; column_padding_phone=&#8220;inherit&#8220; column_padding_position=&#8220;all&#8220; column_element_spacing=&#8220;default&#8220; background_color_opacity=&#8220;1&#8243; background_hover_color_opacity=&#8220;1&#8243; column_shadow=&#8220;none&#8220; column_border_radius=&#8220;none&#8220; column_link_target=&#8220;_self&#8220; column_position=&#8220;default&#8220; gradient_direction=&#8220;left_to_right&#8220; overlay_strength=&#8220;0.3&#8243; width=&#8220;1\/1&#8243; tablet_width_inherit=&#8220;default&#8220; tablet_text_alignment=&#8220;default&#8220; phone_text_alignment=&#8220;default&#8220; animation_type=&#8220;default&#8220; bg_image_animation=&#8220;none&#8220; border_type=&#8220;simple&#8220; column_border_width=&#8220;none&#8220; column_border_style=&#8220;solid&#8220;][toggles style=&#8220;default&#8220;][toggle color=&#8220;Default&#8220; heading_tag=&#8220;default&#8220; title=&#8220;So funktioniert der Umzug als SVZ Kunde ab Juni 2025&#8243;][vc_column_text]Energieliefervertr\u00e4ge enden nicht automatisch bei einem Umzug. Sie m\u00fcssen Ihren Vertrag aktiv k\u00fcndigen. Bei einem Umzug haben sie grunds\u00e4tzlich ein Sonderk\u00fcndigungsrecht (\u00a7 41b Abs. 5 EnWG) mit einer K\u00fcndigungsfrist von sechs Wochen (2 Wochen in der Grundversorgung). Das hei\u00dft, auch im Falle eines Umzuges, ist eine fristlose K\u00fcndigung nicht m\u00f6glich. Sie sollten deshalb\u00a0rechtzeitig vor dem Umzug k\u00fcndigen und einen neuen Energieliefervertrag f\u00fcr die neue Anschrift abschlie\u00dfen. Diese Checkliste hilft beim richtigen Vorgehen:<\/p>\n<h4><strong>Vor dem Umzug:<\/strong><\/h4>\n<ul class=\"check check--cyan\">\n<li><strong>Alten Energieliefervertrag k\u00fcndigen:\u00a0<\/strong>K\u00fcndigen Sie Ihren alten Vertrag rechtzeitig, am besten sofort, nachdem Sie Ihre alte Wohnung gek\u00fcndigt haben. Das k\u00f6nnen Sie problemlos online erledigen.<br \/>\n<a class=\"button-style button-style--cyan\" href=\"https:\/\/www.stadtwerke-zerbst.de\/svz\/an-um-und-abmeldung\/\">Hier k\u00fcndigen<\/a><\/li>\n<li><strong>Neuen Energieliefervertrag abschlie\u00dfen:\u00a0<\/strong>W\u00e4hlen Sie f\u00fcr Ihre neue Wohnung einen SVZ Tarif aus, der am besten zu Ihren Bed\u00fcrfnissen passt. F\u00fcllen Sie das Vertragsformular online aus und senden Sie es an uns,\u00a0sobald Sie Ihren\u00a0neuen Mietvertrag unterschrieben haben.\u00a0Dazu ben\u00f6tigen Sie\u00a0unter anderem Ihre neue Z\u00e4hlernummer. Diese kann Ihnen Ihr neuer Vermieter mitteilen.<br \/>\n<a class=\"button-style button-style--cyan\" href=\"https:\/\/www.stadtwerke-zerbst.de\/svz\/\">Tarif w\u00e4hlen und neuen Vertrag abschlie\u00dfen<\/a><\/li>\n<\/ul>\n<h4>Am Auszugstag \/ Wohnungsabnahme alte Wohnung<\/h4>\n<ul class=\"check check--cyan\">\n<li>Z\u00e4hlerstand in der alten Wohnung ablesen (am besten mit Foto)<\/li>\n<li>Z\u00e4hlernummer und &#8211; stand notieren und im \u00dcbergabeprotokoll festhalten<\/li>\n<li>Z\u00e4hlerstand zum Auszug\u00a0umgehend an uns \u00fcbermitteln.<br \/>\n<a class=\"button-style button-style--cyan\" href=\"https:\/\/www.stadtwerke-zerbst.de\/svz\/zaehlerstand-melden\/\">Z\u00e4hlerstand \u00fcbermitteln<\/a><\/li>\n<\/ul>\n<h4>Am Einzugstag \/ Wohnungs\u00fcbergabe neue Wohnung<\/h4>\n<ul class=\"check check--cyan\">\n<li>Neuer Vertrag muss sp\u00e4testens zum Einzugstag aktiv sein<\/li>\n<li>Z\u00e4hlerstand in der neuen Wohnung ablesen (am besten mit Foto)<\/li>\n<li>Z\u00e4hlernummer und &#8211; stand notieren und im \u00dcbergabeprotokoll festhalten<\/li>\n<li>Z\u00e4hlerstandumgehend an uns \u00fcbermitteln.<br \/>\n<a href=\"https:\/\/www.stadtwerke-zerbst.de\/svz\/zaehlerstand-melden\/\">Z\u00e4hlerstand \u00fcbermitteln<\/a><\/li>\n<\/ul>\n[\/vc_column_text][\/toggle][toggle color=&#8220;Default&#8220; heading_tag=&#8220;default&#8220; title=&#8220;So funktioniert der Wechsel zur SVZ ab Juni 2025&#8243;][vc_column_text]\n<ol class=\"marked marked--cyan\">\n<li><strong>Angebote checken:\u00a0<\/strong>Um Angebote miteinander vergleichen zu k\u00f6nnen, m\u00fcssen Sie\u00a0wissen, wie hoch Ihr\u00a0Jahresverbrauch ist und wie viel Sie\u00a0aktuell bezahlen.<\/li>\n<li><strong>Tarif ausw\u00e4hlen:\u00a0<\/strong>Suchen Sie den SVZ Tarif aus, der am besten zu Ihren Bed\u00fcrfnissen passt. Beachten Sie dabei nicht nur die Kosten, sondern auch die Vertragskonditionen wie Vertragslaufzeit, K\u00fcndigungsfrist oder Preisgarantie.<\/li>\n<li><strong>Vertrag abschlie\u00dfen: <\/strong>F\u00fcllen Sie das Auftragsformular online aus und senden Sie es an uns. Sie k\u00f6nnen aber auch gerne zu unseren \u00d6ffnungszeiten in unser <a href=\"https:\/\/www.stadtwerke-zerbst.de\/svz\/dienstleistungscenter-kontakt-strom\/\">SVZ Dienstleistungscenter<\/a> kommen und sich beraten lassen.<\/li>\n<li><strong>Alten Energieliefervertrag k\u00fcndigen:\u00a0<\/strong>Die K\u00fcndigung des Altvertrags sowie den Datenaustausch mit dem Netzbetreiber und dem bisherigen Lieferanten \u00fcbernehmen wir. Nur bei sehr kurzen K\u00fcndigungsfristen (z.B. Sonderk\u00fcndigungsrecht bei Preisanpassung) k\u00fcndigen Sie Ihren alten Stromvertrag zur Sicherheit bitte selbst.<\/li>\n<li><strong>Wechsel wird best\u00e4tigt:\u00a0<\/strong>Innerhalb kurzer Zeit\u00a0teilen wir Ihnen mit, ob und zu welchem Termin wir die Strombelieferung aufnehmen werden. Der \u00dcbergang erfolgt flie\u00dfend, d.h. es wird keine Unterbrechnung der Stromversorgung geben.<\/li>\n<\/ol>\n[\/vc_column_text][\/toggle][\/toggles][\/vc_column][\/vc_row][vc_row type=&#8220;in_container&#8220; full_screen_row_position=&#8220;middle&#8220; column_margin=&#8220;default&#8220; column_direction=&#8220;default&#8220; column_direction_tablet=&#8220;default&#8220; column_direction_phone=&#8220;default&#8220; scene_position=&#8220;center&#8220; text_color=&#8220;dark&#8220; text_align=&#8220;left&#8220; row_border_radius=&#8220;none&#8220; row_border_radius_applies=&#8220;bg&#8220; overflow=&#8220;visible&#8220; overlay_strength=&#8220;0.3&#8243; gradient_direction=&#8220;left_to_right&#8220; shape_divider_position=&#8220;bottom&#8220; bg_image_animation=&#8220;none&#8220;][vc_column column_padding=&#8220;no-extra-padding&#8220; column_padding_tablet=&#8220;inherit&#8220; column_padding_phone=&#8220;inherit&#8220; column_padding_position=&#8220;all&#8220; column_element_spacing=&#8220;default&#8220; background_color_opacity=&#8220;1&#8243; background_hover_color_opacity=&#8220;1&#8243; column_shadow=&#8220;none&#8220; column_border_radius=&#8220;none&#8220; column_link_target=&#8220;_self&#8220; column_position=&#8220;default&#8220; gradient_direction=&#8220;left_to_right&#8220; overlay_strength=&#8220;0.3&#8243; width=&#8220;1\/1&#8243; tablet_width_inherit=&#8220;default&#8220; tablet_text_alignment=&#8220;default&#8220; phone_text_alignment=&#8220;default&#8220; animation_type=&#8220;default&#8220; bg_image_animation=&#8220;none&#8220; border_type=&#8220;simple&#8220; column_border_width=&#8220;none&#8220; column_border_style=&#8220;solid&#8220;][vc_column_text]\n<h2>H\u00e4ufige Fragen<\/h2>\n[\/vc_column_text][divider line_type=&#8220;No Line&#8220; custom_height=&#8220;30&#8243;][toggles style=&#8220;default&#8220;][toggle color=&#8220;Default&#8220; heading_tag=&#8220;default&#8220; title=&#8220;Was passiert, wenn ich vergesse, meinem Energieversorger den Auszug mitzuteilen?&#8220;][vc_column_text]Der Energieliefervertrag l\u00e4uft weiter und Sie bleiben zahlungspflichtig. Deshalb ist es wichtig, dass Sie Ihren Energieliefervertrag rechtzeitig k\u00fcndigen.[\/vc_column_text][\/toggle][toggle color=&#8220;Default&#8220; heading_tag=&#8220;default&#8220; title=&#8220;Was passiert, wenn ich vergesse, meinem Energieversorger den Einzug mitzuteilen?&#8220;][vc_column_text]Wenn Sie zum Einzug nicht rechtzeitig einen Vertrag abschlie\u00dfen, werden Sie vor\u00fcbergehend vom \u00f6rtlichen Grundversorger zu den Allgemeinen Preisen (Grundversorgung) beliefert.[\/vc_column_text][\/toggle][toggle color=&#8220;Default&#8220; heading_tag=&#8220;default&#8220; title=&#8220;Kann ich meinen Stromlieferanten von heute auf morgen wechseln?&#8220;][vc_column_text]<strong>Nein.<\/strong>\u00a0Der technische Prozess zum Wechsel des Stromlieferanten muss innerhalb von 24 Stunden abgeschlossen sein \u2013 und zwar an jedem regul\u00e4ren Arbeitstag. Deshalb spricht man auch vom \u201e24-Stunden-Lieferantenwechsel\u201c. Dieser betrifft jedoch allein den Informationsaustausch zwischen Lieferanten und Netzbetreibern. In der Praxis hei\u00dft das: Rein technisch kann innerhalb von 24 Stunden der Anbieter gewechselt werden.<br \/>\nF\u00fcr Sie gelten weiterhin die vereinbarten Vertragslaufzeiten und K\u00fcndigungsfristen des bestehenden Stromvertrags.[\/vc_column_text][\/toggle][toggle color=&#8220;Default&#8220; heading_tag=&#8220;default&#8220; title=&#8220;Ist meine vertragliche K\u00fcndigungspflicht jetzt aufgehoben?&#8220;][vc_column_text]<strong>Nein.<\/strong>\u00a0Der 24-Stunden-Lieferantenwechsel betrifft allein den Informationsaustausch zwischen Stromversorgern und Netzbetreibern. Der Lieferantenwechselprozess hat keine Auswirkungen auf Ihre bestehenden Stromvertr\u00e4ge. Das hei\u00dft, die vertraglich vereinbarten Laufzeiten und K\u00fcndigungsfristen m\u00fcssen von Ihnen weiterhin eingehalten werden.[\/vc_column_text][\/toggle][toggle color=&#8220;Default&#8220; heading_tag=&#8220;default&#8220; title=&#8220;Ich beziehe neben Strom auch Gas. Gilt die neue Regelung f\u00fcr alle Vertr\u00e4ge?&#8220;][vc_column_text]Auch f\u00fcr Gas gelten die Vertragslaufzeiten und K\u00fcndigungsfristen unver\u00e4ndert und Vertragsbeginn und Vertragsende sind nur zu einem Termin in der Zukunft m\u00f6glich. Die Fristen\u00e4nderung f\u00fcr den technischen Informationsaustausch zwischen Lieferanten und Netzbetreiber in 24 Stunden gibt es f\u00fcr Gas (noch) nicht.[\/vc_column_text][\/toggle][\/toggles][\/vc_column][\/vc_row][vc_row type=&#8220;in_container&#8220; full_screen_row_position=&#8220;middle&#8220; column_margin=&#8220;default&#8220; column_direction=&#8220;default&#8220; column_direction_tablet=&#8220;default&#8220; column_direction_phone=&#8220;default&#8220; scene_position=&#8220;center&#8220; text_color=&#8220;dark&#8220; text_align=&#8220;left&#8220; row_border_radius=&#8220;none&#8220; row_border_radius_applies=&#8220;bg&#8220; overflow=&#8220;visible&#8220; overlay_strength=&#8220;0.3&#8243; gradient_direction=&#8220;left_to_right&#8220; shape_divider_position=&#8220;bottom&#8220; bg_image_animation=&#8220;none&#8220;][vc_column column_padding=&#8220;no-extra-padding&#8220; column_padding_tablet=&#8220;inherit&#8220; column_padding_phone=&#8220;inherit&#8220; column_padding_position=&#8220;all&#8220; column_element_spacing=&#8220;default&#8220; background_color_opacity=&#8220;1&#8243; background_hover_color_opacity=&#8220;1&#8243; column_shadow=&#8220;none&#8220; column_border_radius=&#8220;none&#8220; column_link_target=&#8220;_self&#8220; column_position=&#8220;default&#8220; gradient_direction=&#8220;left_to_right&#8220; overlay_strength=&#8220;0.3&#8243; width=&#8220;1\/1&#8243; tablet_width_inherit=&#8220;default&#8220; tablet_text_alignment=&#8220;default&#8220; phone_text_alignment=&#8220;default&#8220; animation_type=&#8220;default&#8220; bg_image_animation=&#8220;none&#8220; border_type=&#8220;simple&#8220; column_border_width=&#8220;none&#8220; column_border_style=&#8220;solid&#8220;][\/vc_column][\/vc_row]\n","protected":false},"excerpt":{"rendered":"<p>[vc_row type=&#8220;in_container&#8220; full_screen_row_position=&#8220;middle&#8220; column_margin=&#8220;default&#8220; column_direction=&#8220;default&#8220; column_direction_tablet=&#8220;default&#8220; column_direction_phone=&#8220;default&#8220; scene_position=&#8220;center&#8220; text_color=&#8220;dark&#8220; text_align=&#8220;left&#8220; row_border_radius=&#8220;none&#8220; row_border_radius_applies=&#8220;bg&#8220; overflow=&#8220;visible&#8220; overlay_strength=&#8220;0.3&#8243; gradient_direction=&#8220;left_to_right&#8220; shape_divider_position=&#8220;bottom&#8220; bg_image_animation=&#8220;none&#8220;][vc_column column_padding=&#8220;no-extra-padding&#8220; column_padding_tablet=&#8220;inherit&#8220; column_padding_phone=&#8220;inherit&#8220; column_padding_position=&#8220;all&#8220; column_element_spacing=&#8220;default&#8220; background_color_opacity=&#8220;1&#8243; background_hover_color_opacity=&#8220;1&#8243; column_shadow=&#8220;none&#8220; column_border_radius=&#8220;none&#8220; column_link_target=&#8220;_self&#8220; column_position=&#8220;default&#8220; gradient_direction=&#8220;left_to_right&#8220; overlay_strength=&#8220;0.3&#8243;&#8230;<\/p>\n","protected":false},"author":6,"featured_media":0,"parent":0,"menu_order":0,"comment_status":"closed","ping_status":"closed","template":"","meta":{"_exactmetrics_skip_tracking":false,"_exactmetrics_sitenote_active":false,"_exactmetrics_sitenote_note":"","_exactmetrics_sitenote_category":0,"footnotes":""},"class_list":["post-2003","page","type-page","status-publish"],"_links":{"self":[{"href":"https:\/\/www.stadtwerke-zerbst.de\/svz\/wp-json\/wp\/v2\/pages\/2003","targetHints":{"allow":["GET"]}}],"collection":[{"href":"https:\/\/www.stadtwerke-zerbst.de\/svz\/wp-json\/wp\/v2\/pages"}],"about":[{"href":"https:\/\/www.stadtwerke-zerbst.de\/svz\/wp-json\/wp\/v2\/types\/page"}],"author":[{"embeddable":true,"href":"https:\/\/www.stadtwerke-zerbst.de\/svz\/wp-json\/wp\/v2\/users\/6"}],"replies":[{"embeddable":true,"href":"https:\/\/www.stadtwerke-zerbst.de\/svz\/wp-json\/wp\/v2\/comments?post=2003"}],"version-history":[{"count":31,"href":"https:\/\/www.stadtwerke-zerbst.de\/svz\/wp-json\/wp\/v2\/pages\/2003\/revisions"}],"predecessor-version":[{"id":2248,"href":"https:\/\/www.stadtwerke-zerbst.de\/svz\/wp-json\/wp\/v2\/pages\/2003\/revisions\/2248"}],"wp:attachment":[{"href":"https:\/\/www.stadtwerke-zerbst.de\/svz\/wp-json\/wp\/v2\/media?parent=2003"}],"curies":[{"name":"wp","href":"https:\/\/api.w.org\/{rel}","templated":true}]}}