{"id":18,"date":"2015-11-16T16:08:57","date_gmt":"2015-11-16T15:08:57","guid":{"rendered":"http:\/\/www.stadtwerke-zerbst.de\/svz\/?page_id=18"},"modified":"2026-01-05T14:23:40","modified_gmt":"2026-01-05T13:23:40","slug":"heizstrom","status":"publish","type":"page","link":"https:\/\/www.stadtwerke-zerbst.de\/svz\/heizstrom\/","title":{"rendered":"&#8211; &#8211; Heizstrom"},"content":{"rendered":"[vc_row type=&#8220;in_container&#8220; full_screen_row_position=&#8220;middle&#8220; column_margin=&#8220;default&#8220; column_direction=&#8220;default&#8220; column_direction_tablet=&#8220;default&#8220; column_direction_phone=&#8220;default&#8220; scene_position=&#8220;center&#8220; text_color=&#8220;dark&#8220; text_align=&#8220;left&#8220; row_border_radius=&#8220;none&#8220; row_border_radius_applies=&#8220;bg&#8220; overflow=&#8220;visible&#8220; overlay_strength=&#8220;0.3&#8243; gradient_direction=&#8220;left_to_right&#8220; shape_divider_position=&#8220;bottom&#8220; bg_image_animation=&#8220;none&#8220;][vc_column column_padding=&#8220;no-extra-padding&#8220; column_padding_tablet=&#8220;inherit&#8220; column_padding_phone=&#8220;inherit&#8220; column_padding_position=&#8220;all&#8220; column_element_spacing=&#8220;default&#8220; background_color_opacity=&#8220;1&#8243; background_hover_color_opacity=&#8220;1&#8243; column_shadow=&#8220;none&#8220; column_border_radius=&#8220;none&#8220; column_link_target=&#8220;_self&#8220; column_position=&#8220;default&#8220; gradient_direction=&#8220;left_to_right&#8220; overlay_strength=&#8220;0.3&#8243; width=&#8220;1\/1&#8243; tablet_width_inherit=&#8220;default&#8220; tablet_text_alignment=&#8220;default&#8220; phone_text_alignment=&#8220;default&#8220; animation_type=&#8220;default&#8220; bg_image_animation=&#8220;none&#8220; border_type=&#8220;simple&#8220; column_border_width=&#8220;none&#8220; column_border_style=&#8220;solid&#8220;][vc_row_inner column_margin=&#8220;default&#8220; column_direction=&#8220;default&#8220; column_direction_tablet=&#8220;default&#8220; column_direction_phone=&#8220;default&#8220; text_align=&#8220;left&#8220; row_position=&#8220;default&#8220; row_position_tablet=&#8220;inherit&#8220; row_position_phone=&#8220;inherit&#8220; overflow=&#8220;visible&#8220; pointer_events=&#8220;all&#8220;][vc_column_inner column_padding=&#8220;no-extra-padding&#8220; column_padding_tablet=&#8220;inherit&#8220; column_padding_phone=&#8220;inherit&#8220; column_padding_position=&#8220;all&#8220; column_element_spacing=&#8220;default&#8220; background_color_opacity=&#8220;1&#8243; background_hover_color_opacity=&#8220;1&#8243; column_shadow=&#8220;none&#8220; column_border_radius=&#8220;none&#8220; column_link_target=&#8220;_self&#8220; gradient_direction=&#8220;left_to_right&#8220; overlay_strength=&#8220;0.3&#8243; width=&#8220;1\/1&#8243; tablet_width_inherit=&#8220;default&#8220; animation_type=&#8220;default&#8220; bg_image_animation=&#8220;none&#8220; border_type=&#8220;simple&#8220; column_border_width=&#8220;none&#8220; column_border_style=&#8220;solid&#8220;]<div class=\"iwithtext\"><div class=\"iwt-icon\"> <img decoding=\"async\" src=\"https:\/\/www.stadtwerke-zerbst.de\/svz\/wp-content\/uploads\/2015\/11\/heizstrom-1.png\" alt=\"\" \/> <\/div><div class=\"iwt-text\"> \n<h2>Zerbst Heizstrom: Der passende Tarif, wenn Sie elektrisch heizen<\/h2>\n <\/div><div class=\"clear\"><\/div><\/div>[divider line_type=&#8220;Full Width Line&#8220; line_thickness=&#8220;1&#8243; divider_color=&#8220;accent-color&#8220;][\/vc_column_inner][\/vc_row_inner][vc_row_inner column_margin=&#8220;default&#8220; column_direction=&#8220;default&#8220; column_direction_tablet=&#8220;default&#8220; column_direction_phone=&#8220;default&#8220; text_align=&#8220;left&#8220; row_position=&#8220;default&#8220; row_position_tablet=&#8220;inherit&#8220; row_position_phone=&#8220;inherit&#8220; overflow=&#8220;visible&#8220; pointer_events=&#8220;all&#8220;][vc_column_inner column_padding=&#8220;no-extra-padding&#8220; column_padding_tablet=&#8220;inherit&#8220; column_padding_phone=&#8220;inherit&#8220; column_padding_position=&#8220;all&#8220; column_element_spacing=&#8220;default&#8220; background_color_opacity=&#8220;1&#8243; background_hover_color_opacity=&#8220;1&#8243; column_shadow=&#8220;none&#8220; column_border_radius=&#8220;none&#8220; column_link_target=&#8220;_self&#8220; gradient_direction=&#8220;left_to_right&#8220; overlay_strength=&#8220;0.3&#8243; width=&#8220;2\/3&#8243; tablet_width_inherit=&#8220;default&#8220; animation_type=&#8220;default&#8220; bg_image_animation=&#8220;none&#8220; border_type=&#8220;simple&#8220; column_border_width=&#8220;none&#8220; column_border_style=&#8220;solid&#8220;][vc_column_text]Sie heizen elektrisch? Hier ist Ihr Vertrag f\u00fcr alle W\u00e4rmepumpen, Nachtspeicher\u00f6fen und alle anderen unterbrechbaren Verbrauchseinrichtungen.<br \/>\n[\/vc_column_text][\/vc_column_inner][vc_column_inner column_padding=&#8220;no-extra-padding&#8220; column_padding_tablet=&#8220;inherit&#8220; column_padding_phone=&#8220;inherit&#8220; column_padding_position=&#8220;all&#8220; column_element_spacing=&#8220;default&#8220; background_color_opacity=&#8220;1&#8243; background_hover_color_opacity=&#8220;1&#8243; column_shadow=&#8220;none&#8220; column_border_radius=&#8220;none&#8220; column_link_target=&#8220;_self&#8220; gradient_direction=&#8220;left_to_right&#8220; overlay_strength=&#8220;0.3&#8243; width=&#8220;1\/3&#8243; tablet_width_inherit=&#8220;default&#8220; animation_type=&#8220;default&#8220; bg_image_animation=&#8220;none&#8220; border_type=&#8220;simple&#8220; column_border_width=&#8220;none&#8220; column_border_style=&#8220;solid&#8220;][vc_column_text]\n<h3>Anmeldeformular<\/h3>\n[\/vc_column_text][vc_column_text css=&#8220;.vc_custom_1702372909780{margin-top: 20px !important;}&#8220;]Hier k\u00f6nnen Sie die Anmeldung f\u00fcr Ihren Stromliefervertrag selber ausf\u00fcllen. Bitte schicken Sie den unterschriebenen Vertrag im Anschluss an uns zur\u00fcck, entweder postalisch oder per Mail an <a href=\"&#x6d;&#97;&#x69;&#108;t&#x6f;&#58;s&#x2e;&#100;&#x72;&#x65;w&#x69;&#110;g&#x40;&#115;&#x77;&#x7a;e&#x72;&#98;s&#x74;&#46;d&#x65;\">s&#46;&#x64;&#x72;&#x65;w&#105;&#x6e;&#x67;&#x40;s&#119;&#x7a;&#x65;&#x72;b&#115;&#x74;&#x2e;&#x64;e<\/a>.[\/vc_column_text][nectar_btn size=&#8220;small&#8220; button_style=&#8220;regular&#8220; button_color_2=&#8220;Accent-Color&#8220; icon_family=&#8220;none&#8220; text=&#8220;zum Formular&#8220; url=&#8220;https:\/\/www.stadtwerke-zerbst.de\/svz\/wp-content\/uploads\/2023\/12\/Stromvertragsformular_SVZ_2023.pdf&#8220; margin_top=&#8220;30&#8243;][\/vc_column_inner][\/vc_row_inner][divider line_type=&#8220;No Line&#8220;][vc_column_text]<strong>Preise f\u00fcr Zerbst Heizstrom ab 1.01.2026 bis 31.12.2026<\/strong><\/p>\n<table style=\"height: 83px;\">\n<tbody>\n<tr style=\"background-color: #878787; color: white;\">\n<td style=\"border-bottom: 1px solid #e7344c;\">Jahresverbrauch<\/td>\n<td style=\"border-bottom: 1px solid #e7344c; text-align: right;\">Arbeitspreis<\/td>\n<td style=\"border-bottom: 1px solid #e7344c; text-align: right;\">(ct.\/kWh)<\/td>\n<td style=\"border-bottom: 1px solid #e7344c; text-align: right;\">Grundpreis<\/td>\n<td style=\"border-bottom: 1px solid #e7344c; text-align: right;\">(Euro\/a)<\/td>\n<\/tr>\n<tr>\n<td>(kWh\/a)<\/td>\n<td style=\"text-align: right;\">netto<\/td>\n<td style=\"text-align: right;\">28,60<\/td>\n<td style=\"text-align: right;\">netto<\/td>\n<td style=\"text-align: right;\">155,00<\/td>\n<\/tr>\n<tr>\n<td>bis max. 100.000<\/td>\n<td style=\"text-align: right;\">brutto<\/td>\n<td style=\"text-align: right;\">34,03<\/td>\n<td style=\"text-align: right;\">brutto<\/td>\n<td style=\"text-align: right;\">184,45<\/td>\n<\/tr>\n<tr>\n<td style=\"font-size: 11px; background-color: #ececec;\" colspan=\"5\">Alle aufgef\u00fchrten Strom-Arbeitsnettopreise enthalten die gesetzliche Stromsteuer von z. Z. 2,05 ct\/kWh, die Umlage nach \u00a7 19 Absatz 2 Strom NEV von 0643 ct\/kWh, der KWK-Aufschlag von 0,275 ct\/kWh, die Offshore-Haftungsumlage von 0,656 ct\/kWh, die Konzessionsabgabe von 1,320 ct\/kWh und die jeweils g\u00fcltigen Netzentgelte.. Die angegebenen Bruttopreise setzen sich zusammen aus den ausgewiesenen Nettopreisen zzgl. 19% Umsatzsteuer.<\/td>\n<\/tr>\n<\/tbody>\n<\/table>\n[\/vc_column_text][divider line_type=&#8220;No Line&#8220;][vc_column_text][tabbed_section][tab title=&#8220;Details zu den Preisen&#8220; id=&#8220;t1&#8243;]\n<p>Der Preis besteht aus Grundpreis und Arbeitspreis. Der Grundpreis setzt sich zusammen aus Leistungs- und Verrechnungspreis. Der Leistungspreis deckt die j\u00e4hrlichen Kosten f\u00fcr die Bereitstellung der Anlagen und der elektrischen Leistung. Der Verrechnungspreis deckt die j\u00e4hrlichen Kosten f\u00fcr die Z\u00e4hl- und Messeinrichtungen, die Erfassung der Z\u00e4hlerst\u00e4nde sowie f\u00fcr die Abrechnung und das Inkasso. Der Arbeitspreis ist das Entgelt f\u00fcr jede abgenommene Kilowattstunde (kWh). Ma\u00dfgebend f\u00fcr den zu berechnenden Preis ist die jeweils \u00fcber ein Messwerk abgenommene Elektrizit\u00e4tsmenge.<\/p>\n[\/tab][tab title=&#8220;Was sind unterbrechbare Verbrauchseinrichtungen?&#8220; id=&#8220;t2&#8243;]\n<p>Anlagen und Ger\u00e4te, die z.B. zur Raumheizung, Warmwasseraufbereitung oder Klimatisierung dienen, haben gegen\u00fcber sonstigen Haushaltsger\u00e4ten einen erh\u00f6hten Leistungsbedarf, der das Stromnetz zus\u00e4tzlich belastet und der in erheblichem Umfang temperaturabh\u00e4ngig ist.<\/p>\n<p>Je nach Wetterlage haben praktisch alle Anlagen dieser Art, einen gleichf\u00f6rmig erh\u00f6hten bzw. abgesenkten Bedarf. Um Belastungsspitzen f\u00fcr das Stromnetz zu reduzieren, werden diese Verbrauchseinrichtungen, sofern unterbrechbar, nur eingeschr\u00e4nkt beliefert und unterliegen vom\u00a0 <em><u>Netzbetreiber<\/u><\/em> vorgegebenen Sperrzeiten.<\/p>\n<p>Die Unterbrechung der Belieferung erfolgt alleinig durch den Netzbetreiber \u00fcber Schaltuhren oder sonstige Steuerungsm\u00f6glichkeiten.<\/p>\n<p><strong>Daher ist es wichtig, dass der Stromverbrauch \u00fcber einen separaten Stromz\u00e4hler gemessen wird.<\/strong><\/p>\n[\/tab] [\/tabbed_section][\/vc_column_text]<div class=\"iwithtext\"><div class=\"iwt-icon\"> <img decoding=\"async\" src=\"https:\/\/www.stadtwerke-zerbst.de\/svz\/wp-content\/uploads\/2015\/11\/Download-1.png\" alt=\"\" \/> <\/div><div class=\"iwt-text\"> \n<h3>Kundenservice<\/h3>\n <\/div><div class=\"clear\"><\/div><\/div>[divider line_type=&#8220;Full Width Line&#8220; line_thickness=&#8220;1&#8243; divider_color=&#8220;accent-color&#8220;][vc_column_text]Sie w\u00fcnschen Beratung zu unseren Produkten oder haben noch Fragen? Unser freundliches Serviceteam ber\u00e4t Sie gerne in unserem <a title=\"Dienstleistungscenter \/ Kontakt\" href=\"https:\/\/www.stadtwerke-zerbst.de\/svz\/index.php\/dienstleistungscenter-kontakt-strom\/\">Dienstleistungscenter<\/a> oder selbstverst\u00e4ndlich auch <a title=\"Strom\" href=\"https:\/\/www.stadtwerke-zerbst.de\/svz\/index.php\/dienstleistungscenter-kontakt-strom\/\">telefonisch.<\/a>[\/vc_column_text][divider line_type=&#8220;No Line&#8220; custom_height=&#8220;40&#8243;]<div class=\"iwithtext\"><div class=\"iwt-icon\"> <img decoding=\"async\" src=\"https:\/\/www.stadtwerke-zerbst.de\/svz\/wp-content\/uploads\/2015\/11\/Download-1.png\" alt=\"\" \/> <\/div><div class=\"iwt-text\"> \n<h3>Downloads<\/h3>\n <\/div><div class=\"clear\"><\/div><\/div>[divider line_type=&#8220;Full Width Line&#8220; line_thickness=&#8220;1&#8243; divider_color=&#8220;accent-color&#8220;]<div class=\"iwithtext\"><div class=\"iwt-icon\"> <i class=\"icon-default-style fa fa-file accent-color\"><\/i> <\/div><div class=\"iwt-text\"> Laden Sie hier unser <a href=\"https:\/\/www.stadtwerke-zerbst.de\/svz\/wp-content\/uploads\/2025\/12\/Tarifblatt-2026.pdf\" target=\"_blank\" rel=\"noopener\">Tarifblatt g\u00fcltig ab 01.01.2026 <\/a>herunter <\/div><div class=\"clear\"><\/div><\/div><div class=\"iwithtext\"><div class=\"iwt-icon\"> <i class=\"icon-default-style fa fa-file accent-color\"><\/i> <\/div><div class=\"iwt-text\"> Laden Sie hier unser <a href=\"https:\/\/www.stadtwerke-zerbst.de\/svz\/wp-content\/uploads\/2024\/12\/Preisblatt-Tarif-2025.pdf\" target=\"_blank\" rel=\"noopener\">Tarifblatt g\u00fcltig ab 01.01.2025 <\/a>herunter <\/div><div class=\"clear\"><\/div><\/div><div class=\"iwithtext\"><div class=\"iwt-icon\"> <i class=\"icon-default-style fa fa-file accent-color\"><\/i> <\/div><div class=\"iwt-text\"> Laden Sie hier unser <a href=\"https:\/\/www.stadtwerke-zerbst.de\/svz\/wp-content\/uploads\/2024\/03\/Tarifblatt-01.04.2024-31.12.2024.pdf\" target=\"_blank\" rel=\"noopener\">Tarifblatt g\u00fcltig ab 01.04.2024<\/a> herunter <\/div><div class=\"clear\"><\/div><\/div><div class=\"iwithtext\"><div class=\"iwt-icon\"> <i class=\"icon-default-style fa fa-file accent-color\"><\/i> <\/div><div class=\"iwt-text\"> Laden Sie hier unser <a href=\"https:\/\/www.stadtwerke-zerbst.de\/svz\/wp-content\/uploads\/2024\/03\/Tarifblatt-01.12.2023-31.03.2024.pdf\" target=\"_blank\" rel=\"noopener\">Tarifblatt g\u00fcltig ab 01.12.2023<\/a> herunter <\/div><div class=\"clear\"><\/div><\/div><div class=\"iwithtext\"><div class=\"iwt-icon\"> <i class=\"icon-default-style fa fa-file accent-color\"><\/i> <\/div><div class=\"iwt-text\"> Laden Sie hier unser <a href=\"https:\/\/www.stadtwerke-zerbst.de\/svz\/wp-content\/uploads\/2022\/11\/Tarifblatt-ab-01.01.2023.pdf\" target=\"_blank\" rel=\"noopener\">Tarifblatt g\u00fcltig ab 01.01.2023<\/a> herunter <\/div><div class=\"clear\"><\/div><\/div><div class=\"iwithtext\"><div class=\"iwt-icon\"> <i class=\"icon-default-style fa fa-file accent-color\"><\/i> <\/div><div class=\"iwt-text\"> Laden Sie hier unsere <a href=\"https:\/\/www.stadtwerke-zerbst.de\/svz\/wp-content\/uploads\/2022\/11\/swm_serviceblatt_zerbst_10-2022_web.pdf\" target=\"_blank\" rel=\"noopener\">Serviceinfo zur Stromrechnung 2022<\/a> herunter <\/div><div class=\"clear\"><\/div><\/div><div class=\"iwithtext\"><div class=\"iwt-icon\"> <i class=\"icon-default-style fa fa-file accent-color\"><\/i> <\/div><div class=\"iwt-text\"> Laden Sie hier unser <a href=\"https:\/\/www.stadtwerke-zerbst.de\/svz\/wp-content\/uploads\/2022\/06\/Preisblatt-ab-01.08.2022.pdf\">Tarifblatt g\u00fcltig ab 01.08.2022<\/a> herunter <\/div><div class=\"clear\"><\/div><\/div><div class=\"iwithtext\"><div class=\"iwt-icon\"> <i class=\"icon-default-style fa fa-file accent-color\"><\/i> <\/div><div class=\"iwt-text\"> Laden Sie hier unser <a href=\"https:\/\/www.stadtwerke-zerbst.de\/svz\/wp-content\/uploads\/2022\/01\/Preisblatt-SVZ-2022_ges.pdf\">Tarifblatt 2022<\/a> herunter <\/div><div class=\"clear\"><\/div><\/div><div class=\"iwithtext\"><div class=\"iwt-icon\"> <i class=\"icon-default-style fa fa-file accent-color\"><\/i> <\/div><div class=\"iwt-text\"> Laden Sie <a href=\"https:\/\/www.stadtwerke-zerbst.de\/svz\/wp-content\/uploads\/2021\/02\/Tarifblatt-SVZ-2021.pdf\" target=\"_blank\" rel=\"noopener noreferrer\">hier unser Tarifblatt 2021<\/a> herunter <\/div><div class=\"clear\"><\/div><\/div><div class=\"iwithtext\"><div class=\"iwt-icon\"> <i class=\"icon-default-style fa fa-file accent-color\"><\/i> <\/div><div class=\"iwt-text\"> Laden Sie <a href=\"https:\/\/www.stadtwerke-zerbst.de\/svz\/wp-content\/uploads\/2020\/02\/korr_Tarifblatt_2020_SVZ.pdf\" target=\"_blank\" rel=\"noopener noreferrer\">hier unser Tarifblatt 2020<\/a> herunter <\/div><div class=\"clear\"><\/div><\/div><div class=\"iwithtext\"><div class=\"iwt-icon\"> <i class=\"icon-default-style fa fa-file accent-color\"><\/i> <\/div><div class=\"iwt-text\"> Laden Sie <a href=\"https:\/\/www.stadtwerke-zerbst.de\/svz\/wp-content\/uploads\/2018\/02\/Tarifblatt-Stromversorgung-Zerbst-2018.pdf\" target=\"_blank\" rel=\"noopener noreferrer\">hier<\/a> unser Tarifblatt 2018 herunter <\/div><div class=\"clear\"><\/div><\/div><div class=\"iwithtext\"><div class=\"iwt-icon\"> <i class=\"icon-default-style fa fa-file accent-color\"><\/i> <\/div><div class=\"iwt-text\"> Laden Sie <a href=\"https:\/\/www.stadtwerke-zerbst.de\/svz\/wp-content\/uploads\/2015\/11\/agbsvz.pdf\" target=\"_blank\" rel=\"noopener noreferrer\">hier<\/a> unsere AGBs herunter <\/div><div class=\"clear\"><\/div><\/div>[\/vc_column][\/vc_row]\n","protected":false},"excerpt":{"rendered":"<p>[vc_row type=&#8220;in_container&#8220; full_screen_row_position=&#8220;middle&#8220; column_margin=&#8220;default&#8220; column_direction=&#8220;default&#8220; column_direction_tablet=&#8220;default&#8220; column_direction_phone=&#8220;default&#8220; scene_position=&#8220;center&#8220; text_color=&#8220;dark&#8220; text_align=&#8220;left&#8220; row_border_radius=&#8220;none&#8220; row_border_radius_applies=&#8220;bg&#8220; overflow=&#8220;visible&#8220; overlay_strength=&#8220;0.3&#8243; gradient_direction=&#8220;left_to_right&#8220; shape_divider_position=&#8220;bottom&#8220; bg_image_animation=&#8220;none&#8220;][vc_column column_padding=&#8220;no-extra-padding&#8220; column_padding_tablet=&#8220;inherit&#8220; column_padding_phone=&#8220;inherit&#8220; column_padding_position=&#8220;all&#8220; column_element_spacing=&#8220;default&#8220; background_color_opacity=&#8220;1&#8243; background_hover_color_opacity=&#8220;1&#8243; column_shadow=&#8220;none&#8220; column_border_radius=&#8220;none&#8220; column_link_target=&#8220;_self&#8220; column_position=&#8220;default&#8220; gradient_direction=&#8220;left_to_right&#8220; overlay_strength=&#8220;0.3&#8243;&#8230;<\/p>\n","protected":false},"author":1,"featured_media":0,"parent":0,"menu_order":0,"comment_status":"closed","ping_status":"closed","template":"","meta":{"_exactmetrics_skip_tracking":false,"_exactmetrics_sitenote_active":false,"_exactmetrics_sitenote_note":"","_exactmetrics_sitenote_category":0,"footnotes":""},"class_list":["post-18","page","type-page","status-publish"],"_links":{"self":[{"href":"https:\/\/www.stadtwerke-zerbst.de\/svz\/wp-json\/wp\/v2\/pages\/18","targetHints":{"allow":["GET"]}}],"collection":[{"href":"https:\/\/www.stadtwerke-zerbst.de\/svz\/wp-json\/wp\/v2\/pages"}],"about":[{"href":"https:\/\/www.stadtwerke-zerbst.de\/svz\/wp-json\/wp\/v2\/types\/page"}],"author":[{"embeddable":true,"href":"https:\/\/www.stadtwerke-zerbst.de\/svz\/wp-json\/wp\/v2\/users\/1"}],"replies":[{"embeddable":true,"href":"https:\/\/www.stadtwerke-zerbst.de\/svz\/wp-json\/wp\/v2\/comments?post=18"}],"version-history":[{"count":35,"href":"https:\/\/www.stadtwerke-zerbst.de\/svz\/wp-json\/wp\/v2\/pages\/18\/revisions"}],"predecessor-version":[{"id":2312,"href":"https:\/\/www.stadtwerke-zerbst.de\/svz\/wp-json\/wp\/v2\/pages\/18\/revisions\/2312"}],"wp:attachment":[{"href":"https:\/\/www.stadtwerke-zerbst.de\/svz\/wp-json\/wp\/v2\/media?parent=18"}],"curies":[{"name":"wp","href":"https:\/\/api.w.org\/{rel}","templated":true}]}}