{"id":150,"date":"2015-11-17T11:28:49","date_gmt":"2015-11-17T10:28:49","guid":{"rendered":"http:\/\/www.stadtwerke-zerbst.de\/svz\/?page_id=150"},"modified":"2025-11-10T14:05:47","modified_gmt":"2025-11-10T13:05:47","slug":"hochlastzeitfenster","status":"publish","type":"page","link":"https:\/\/www.stadtwerke-zerbst.de\/svz\/hochlastzeitfenster\/","title":{"rendered":"&#8211; &#8211; Hochlastzeitfenster"},"content":{"rendered":"[vc_row type=&#8220;in_container&#8220; full_screen_row_position=&#8220;middle&#8220; column_margin=&#8220;default&#8220; column_direction=&#8220;default&#8220; column_direction_tablet=&#8220;default&#8220; column_direction_phone=&#8220;default&#8220; scene_position=&#8220;center&#8220; text_color=&#8220;dark&#8220; text_align=&#8220;left&#8220; row_border_radius=&#8220;none&#8220; row_border_radius_applies=&#8220;bg&#8220; overflow=&#8220;visible&#8220; overlay_strength=&#8220;0.3&#8243; gradient_direction=&#8220;left_to_right&#8220; shape_divider_position=&#8220;bottom&#8220; bg_image_animation=&#8220;none&#8220;][vc_column column_padding=&#8220;no-extra-padding&#8220; column_padding_tablet=&#8220;inherit&#8220; column_padding_phone=&#8220;inherit&#8220; column_padding_position=&#8220;all&#8220; column_element_spacing=&#8220;default&#8220; background_color_opacity=&#8220;1&#8243; background_hover_color_opacity=&#8220;1&#8243; column_shadow=&#8220;none&#8220; column_border_radius=&#8220;none&#8220; column_link_target=&#8220;_self&#8220; column_position=&#8220;default&#8220; gradient_direction=&#8220;left_to_right&#8220; overlay_strength=&#8220;0.3&#8243; width=&#8220;1\/1&#8243; tablet_width_inherit=&#8220;default&#8220; tablet_text_alignment=&#8220;default&#8220; phone_text_alignment=&#8220;default&#8220; animation_type=&#8220;default&#8220; bg_image_animation=&#8220;none&#8220; border_type=&#8220;simple&#8220; column_border_width=&#8220;none&#8220; column_border_style=&#8220;solid&#8220;][vc_column_text]\n<h2>Hochlastzeitfenster<\/h2>\n[\/vc_column_text][divider line_type=&#8220;Full Width Line&#8220; line_thickness=&#8220;1&#8243; divider_color=&#8220;accent-color&#8220;][vc_column_text]<b>Hochlastzeitfenster 2026 gem. \u00a719 Abs. 2 S. 1 StromNEV<\/b><\/p>\n<p>Gem\u00e4\u00df \u00a719 Abs. 2 S. 1 StromNEV ist die Stromversorgung Zerbst GmbH &amp; Co. KG verpflichtet, einem Letztverbraucher in Abweichung von \u00a716 StromNEV ein individuelles Netzentgelt anzubieten, wenn auf Grund vorliegender oder prognostizierter Verbrauchsdaten oder auf Grund technischer oder vertraglicher Gegebenheiten offensichtlich ist, dass der H\u00f6chstlastbeitrag eines Letztverbrauchers vorhersehbar erheblich von der zeitgleichen Jahresh\u00f6chstlast aller Entnahmen dieser Netz- oder Umspannebene abweicht.<\/p>\n<p>F\u00fcr Letztverbraucher, die einen Vertrag mit der Stromversorgung Zerbst GmbH &amp; Co. KG \u00fcber ein individuelles Netzentgelt nach \u00a7 19 Abs. 2 S. 1 abgeschlossen haben, und dieses anschlie\u00dfend bei der Regulierungsbeh\u00f6rde angezeigt haben, kommt die Jahresh\u00f6chstlast, die innerhalb der Hochlastzeitfenster auftritt, zur Abrechnung.<\/p>\n<p>Auf Basis des Referenzzeitraumes Sept 2024 \u2013 Aug 2025 ergeben sich nach den Vorgaben des Leitfadens der Bundesnetzagentur vom 29.10.2010 f\u00fcr 2026 folgende Hochlastzeitfenster:<\/p>\n<table style=\"height: 461px;\" width=\"593\">\n<tbody>\n<tr style=\"background-color: #878787; color: white;\">\n<td style=\"border-bottom: 1px solid #bd1a51; text-align: left;\">Entnahmeebene<\/td>\n<td style=\"border-bottom: 1px solid #bd1a51; text-align: center;\">Winter<br \/>\nDez. &#8211; Feb.<\/td>\n<td style=\"border-bottom: 1px solid #bd1a51; text-align: center;\">Fr\u00fchling<br \/>\nM\u00e4rz &#8211; Mai<\/td>\n<td style=\"border-bottom: 1px solid #bd1a51; text-align: center;\">Sommer<br \/>\nJuni &#8211; Aug.<\/td>\n<td style=\"border-bottom: 1px solid #bd1a51; text-align: center;\">Herbst<br \/>\nSept. &#8211; Nov.<\/td>\n<\/tr>\n<tr>\n<td>\u00a0MS<\/td>\n<td style=\"text-align: center;\">entf\u00e4llt<\/td>\n<td style=\"text-align: center;\">entf\u00e4llt<\/td>\n<td style=\"text-align: center;\">8:15 \u2013 9:15<\/td>\n<td style=\"text-align: center;\">entf\u00e4llt<\/td>\n<\/tr>\n<tr>\n<td>\u00a0NS Umspannung<\/td>\n<td style=\"text-align: center;\">entf\u00e4llt<\/td>\n<td style=\"text-align: center;\">entf\u00e4llt<\/td>\n<td style=\"text-align: center;\">8:15 \u2013 9:15<\/td>\n<td style=\"text-align: center;\">\u00a0entf\u00e4llt<\/td>\n<\/tr>\n<tr>\n<td>\u00a0NS<\/td>\n<td style=\"text-align: center;\">entf\u00e4llt<\/td>\n<td style=\"text-align: center;\">entf\u00e4llt<\/td>\n<td style=\"text-align: center;\">8:15 \u2013 9:15<\/td>\n<td style=\"text-align: center;\">\u00a0entf\u00e4llt<\/td>\n<\/tr>\n<\/tbody>\n<\/table>\n<p>&nbsp;<\/p>\n<p><strong>Hinweise zu der Tabelle: <\/strong><\/p>\n<p>&nbsp;<\/p>\n<p>Definition Hochlastzeitfenster nach Leitfaden der BNetzA: \u201eDie Hochlastzeitfenster sind ausschlie\u00dflich an Werktagen g\u00fcltig. Wochenenden, Feiertage und maximal ein Br\u00fcckentag sowie die Zeit zwischen Weihnachten und Neujahr gelten als Nebenzeiten, da der Eintritt der zeitgleichen Jahresh\u00f6chstlast an diesen Tagen aller Wahrscheinlichkeit nach nicht zu erwarten ist.&#8220;<\/p>\n<p>&nbsp;<\/p>\n<p><strong>Definition Jahreszeiten nach Leitfaden der BNetzA:<\/strong><\/p>\n<p>&nbsp;<\/p>\n<p>Winter\u00a0\u00a0\u00a0\u00a0 01.01. &#8211; 28\/29.02.<\/p>\n<p>Fr\u00fchling\u00a0 01.03. &#8211; 31.05.<\/p>\n<p>Sommer\u00a0 01.06. &#8211; 31.08.<\/p>\n<p>Herbst\u00a0\u00a0\u00a0\u00a0 01.09. &#8211; 30.11.<\/p>\n<p>Winter\u00a0\u00a0\u00a0\u00a0 01.12. &#8211; 31.12.[\/vc_column_text][divider line_type=&#8220;No Line&#8220; custom_height=&#8220;40&#8243;]<div class=\"iwithtext\"><div class=\"iwt-icon\"> <img decoding=\"async\" src=\"https:\/\/www.stadtwerke-zerbst.de\/svz\/wp-content\/uploads\/2015\/11\/Download-1.png\" alt=\"\" \/> <\/div><div class=\"iwt-text\"> \n<h3>Downloads<\/h3>\n <\/div><div class=\"clear\"><\/div><\/div>[divider line_type=&#8220;Full Width Line&#8220; line_thickness=&#8220;1&#8243; divider_color=&#8220;accent-color&#8220;]<div class=\"iwithtext\"><div class=\"iwt-icon\"> <i class=\"icon-default-style fa fa-file accent-color\"><\/i> <\/div><div class=\"iwt-text\"> <a href=\"https:\/\/www.stadtwerke-zerbst.de\/svz\/wp-content\/uploads\/2025\/11\/Hochlastzeitfenster_SVZ_2026.pdf\">Hochlastzeitfenster 2026<\/a> <\/div><div class=\"clear\"><\/div><\/div><div class=\"iwithtext\"><div class=\"iwt-icon\"> <i class=\"icon-default-style fa fa-file accent-color\"><\/i> <\/div><div class=\"iwt-text\"> <a href=\"https:\/\/www.stadtwerke-zerbst.de\/svz\/wp-content\/uploads\/2024\/10\/Hochlastzeitfenster_SVZ_2025.pdf\" target=\"_blank\" rel=\"noopener\">Hochlastzeitfenster 2025<\/a> <\/div><div class=\"clear\"><\/div><\/div><div class=\"iwithtext\"><div class=\"iwt-icon\"> <i class=\"icon-default-style fa fa-file accent-color\"><\/i> <\/div><div class=\"iwt-text\"> <a href=\"https:\/\/www.stadtwerke-zerbst.de\/svz\/wp-content\/uploads\/2023\/12\/Hochlastzeitfenster_SVZ_2024.pdf\" target=\"_blank\" rel=\"noopener\">Hochlastzeitfenster 2024<\/a> <\/div><div class=\"clear\"><\/div><\/div><div class=\"iwithtext\"><div class=\"iwt-icon\"> <i class=\"icon-default-style fa fa-file accent-color\"><\/i> <\/div><div class=\"iwt-text\"> <a href=\"https:\/\/www.stadtwerke-zerbst.de\/svz\/wp-content\/uploads\/2022\/11\/Hochlastzeitfenster-SVZ-2023.pdf\" target=\"_blank\" rel=\"noopener\">Hochlastzeitfenster 2023<\/a> <\/div><div class=\"clear\"><\/div><\/div><div class=\"iwithtext\"><div class=\"iwt-icon\"> <i class=\"icon-default-style fa fa-file accent-color\"><\/i> <\/div><div class=\"iwt-text\"> <a href=\"https:\/\/www.stadtwerke-zerbst.de\/svz\/wp-content\/uploads\/2021\/11\/Hochlastzeitfenster_SVZ_-2022.pdf\" target=\"_blank\" rel=\"noopener noreferrer\">Hochlastzeitfenster 2022<\/a> <\/div><div class=\"clear\"><\/div><\/div><div class=\"iwithtext\"><div class=\"iwt-icon\"> <i class=\"icon-default-style fa fa-file accent-color\"><\/i> <\/div><div class=\"iwt-text\"> <a href=\"https:\/\/www.stadtwerke-zerbst.de\/svz\/wp-content\/uploads\/2020\/11\/HLZ-2021-Stromversorgung-Zerbst.pdf\" target=\"_blank\" rel=\"noopener noreferrer\">Hochlastzeitfenster 2021<\/a> <\/div><div class=\"clear\"><\/div><\/div><div class=\"iwithtext\"><div class=\"iwt-icon\"> <i class=\"icon-default-style fa fa-file accent-color\"><\/i> <\/div><div class=\"iwt-text\"> <a href=\"https:\/\/www.stadtwerke-zerbst.de\/svz\/wp-content\/uploads\/2021\/02\/Hochlastzeitfenster_SVZ_2020.pdf\" target=\"_blank\" rel=\"noopener noreferrer\">Hochlastzeitfenster 2020<\/a> <\/div><div class=\"clear\"><\/div><\/div><div class=\"iwithtext\"><div class=\"iwt-icon\"> <i class=\"icon-default-style fa fa-file accent-color\"><\/i> <\/div><div class=\"iwt-text\"> <a href=\"https:\/\/www.stadtwerke-zerbst.de\/svz\/wp-content\/uploads\/2019\/01\/HLZF19_SVZ.pdf\" target=\"_blank\" rel=\"noopener noreferrer\">Hochlastzeitfenster 2019<\/a> <\/div><div class=\"clear\"><\/div><\/div><div class=\"iwithtext\"><div class=\"iwt-icon\"> <i class=\"icon-default-style fa fa-file accent-color\"><\/i> <\/div><div class=\"iwt-text\"> <a href=\"https:\/\/www.stadtwerke-zerbst.de\/svz\/wp-content\/uploads\/2017\/12\/Hochlastzeitfenster_SVZ_2018_Neu.pdf\" target=\"_blank\" rel=\"noopener noreferrer\">Hochlastzeitfenster 2018<\/a> <\/div><div class=\"clear\"><\/div><\/div><div class=\"iwithtext\"><div class=\"iwt-icon\"> <i class=\"icon-default-style fa fa-file accent-color\"><\/i> <\/div><div class=\"iwt-text\"> <a href=\"https:\/\/www.stadtwerke-zerbst.de\/svz\/wp-content\/uploads\/2017\/01\/Hochlastzeitfenster_SVZ_2017_02.pdf\">Hochlastzeitfenster 2017<\/a> <\/div><div class=\"clear\"><\/div><\/div><div class=\"iwithtext\"><div class=\"iwt-icon\"> <i class=\"icon-default-style fa fa-file accent-color\"><\/i> <\/div><div class=\"iwt-text\"> <a href=\"https:\/\/www.stadtwerke-zerbst.de\/svz\/wp-content\/uploads\/2015\/11\/hochlastzeitfenster_svz_2016_03.pdf\">Hochlastzeitfenster 2016<\/a> <\/div><div class=\"clear\"><\/div><\/div>[\/vc_column][\/vc_row]\n","protected":false},"excerpt":{"rendered":"<p>[vc_row type=&#8220;in_container&#8220; full_screen_row_position=&#8220;middle&#8220; column_margin=&#8220;default&#8220; column_direction=&#8220;default&#8220; column_direction_tablet=&#8220;default&#8220; column_direction_phone=&#8220;default&#8220; scene_position=&#8220;center&#8220; text_color=&#8220;dark&#8220; text_align=&#8220;left&#8220; row_border_radius=&#8220;none&#8220; row_border_radius_applies=&#8220;bg&#8220; overflow=&#8220;visible&#8220; overlay_strength=&#8220;0.3&#8243; gradient_direction=&#8220;left_to_right&#8220; shape_divider_position=&#8220;bottom&#8220; bg_image_animation=&#8220;none&#8220;][vc_column column_padding=&#8220;no-extra-padding&#8220; column_padding_tablet=&#8220;inherit&#8220; column_padding_phone=&#8220;inherit&#8220; column_padding_position=&#8220;all&#8220; column_element_spacing=&#8220;default&#8220; background_color_opacity=&#8220;1&#8243; background_hover_color_opacity=&#8220;1&#8243; column_shadow=&#8220;none&#8220; column_border_radius=&#8220;none&#8220; column_link_target=&#8220;_self&#8220; column_position=&#8220;default&#8220; gradient_direction=&#8220;left_to_right&#8220; overlay_strength=&#8220;0.3&#8243;&#8230;<\/p>\n","protected":false},"author":1,"featured_media":0,"parent":0,"menu_order":0,"comment_status":"closed","ping_status":"closed","template":"","meta":{"_exactmetrics_skip_tracking":false,"_exactmetrics_sitenote_active":false,"_exactmetrics_sitenote_note":"","_exactmetrics_sitenote_category":0,"footnotes":""},"class_list":["post-150","page","type-page","status-publish"],"_links":{"self":[{"href":"https:\/\/www.stadtwerke-zerbst.de\/svz\/wp-json\/wp\/v2\/pages\/150","targetHints":{"allow":["GET"]}}],"collection":[{"href":"https:\/\/www.stadtwerke-zerbst.de\/svz\/wp-json\/wp\/v2\/pages"}],"about":[{"href":"https:\/\/www.stadtwerke-zerbst.de\/svz\/wp-json\/wp\/v2\/types\/page"}],"author":[{"embeddable":true,"href":"https:\/\/www.stadtwerke-zerbst.de\/svz\/wp-json\/wp\/v2\/users\/1"}],"replies":[{"embeddable":true,"href":"https:\/\/www.stadtwerke-zerbst.de\/svz\/wp-json\/wp\/v2\/comments?post=150"}],"version-history":[{"count":26,"href":"https:\/\/www.stadtwerke-zerbst.de\/svz\/wp-json\/wp\/v2\/pages\/150\/revisions"}],"predecessor-version":[{"id":2295,"href":"https:\/\/www.stadtwerke-zerbst.de\/svz\/wp-json\/wp\/v2\/pages\/150\/revisions\/2295"}],"wp:attachment":[{"href":"https:\/\/www.stadtwerke-zerbst.de\/svz\/wp-json\/wp\/v2\/media?parent=150"}],"curies":[{"name":"wp","href":"https:\/\/api.w.org\/{rel}","templated":true}]}}