{"id":130,"date":"2015-11-17T11:24:44","date_gmt":"2015-11-17T10:24:44","guid":{"rendered":"http:\/\/www.stadtwerke-zerbst.de\/svz\/?page_id=130"},"modified":"2025-10-14T10:42:54","modified_gmt":"2025-10-14T08:42:54","slug":"hausanschluss","status":"publish","type":"page","link":"https:\/\/www.stadtwerke-zerbst.de\/svz\/hausanschluss\/","title":{"rendered":"&#8211; &#8211; Hausanschluss"},"content":{"rendered":"[vc_row type=&#8220;in_container&#8220; full_screen_row_position=&#8220;middle&#8220; column_margin=&#8220;default&#8220; column_direction=&#8220;default&#8220; column_direction_tablet=&#8220;default&#8220; column_direction_phone=&#8220;default&#8220; scene_position=&#8220;center&#8220; text_color=&#8220;dark&#8220; text_align=&#8220;left&#8220; row_border_radius=&#8220;none&#8220; row_border_radius_applies=&#8220;bg&#8220; overflow=&#8220;visible&#8220; overlay_strength=&#8220;0.3&#8243; gradient_direction=&#8220;left_to_right&#8220; shape_divider_position=&#8220;bottom&#8220; bg_image_animation=&#8220;none&#8220;][vc_column column_padding=&#8220;no-extra-padding&#8220; column_padding_tablet=&#8220;inherit&#8220; column_padding_phone=&#8220;inherit&#8220; column_padding_position=&#8220;all&#8220; column_element_spacing=&#8220;default&#8220; background_color_opacity=&#8220;1&#8243; background_hover_color_opacity=&#8220;1&#8243; column_shadow=&#8220;none&#8220; column_border_radius=&#8220;none&#8220; column_link_target=&#8220;_self&#8220; column_position=&#8220;default&#8220; gradient_direction=&#8220;left_to_right&#8220; overlay_strength=&#8220;0.3&#8243; width=&#8220;1\/1&#8243; tablet_width_inherit=&#8220;default&#8220; tablet_text_alignment=&#8220;default&#8220; phone_text_alignment=&#8220;default&#8220; animation_type=&#8220;default&#8220; bg_image_animation=&#8220;none&#8220; border_type=&#8220;simple&#8220; column_border_width=&#8220;none&#8220; column_border_style=&#8220;solid&#8220;][vc_column_text]\n<h2>Hausanschluss und Beratung<\/h2>\n[\/vc_column_text][divider line_type=&#8220;Full Width Line&#8220; line_thickness=&#8220;1&#8243; divider_color=&#8220;accent-color&#8220;][vc_column_text]Sie planen, ein Haus zu bauen? Sie brauchen f\u00fcr Ihr Grundst\u00fcck mehr elektrische Leistung oder Drehstrom, zum Beispiel zum Betreiben des Elektroherdes Ihrer neuen K\u00fcche? Um Ihnen die Installation oder Ver\u00e4nderung des Anschlusses zu erleichtern, haben wir hier f\u00fcr Sie die wichtigsten Tipps und Hinweise zusammengestellt.<\/p>\n<h4>\u00a0Was ist zu tun?<\/h4>\n<p>Damit wir Ihren Antrag bearbeiten k\u00f6nnen, ben\u00f6tigen wir eine <b>Anmeldung zum Anschluss an das Niederspannungsnetz<\/b>. Wenden Sie sich dazu einfach an einen Elektro-Fachbetrieb Ihrer Wahl, so zum Beispiel aus dem Elektro-Installateurverzeichnis der Stromversorgung und f\u00fcllen Sie das untenstehende Formular aus.<\/p>\n<p>Auf dieser Grundlage unterbreiten wir Ihnen ein <b>Kostenangebot<\/b>. Dieses Angebot gilt gleichzeitig als Netzanschlussvertrag. Mit Ihrer Unterschrift beauftragen Sie uns mit der Errichtung oder Ver\u00e4nderung des Hausanschlusses.<\/p>\n<p>Die Arbeiten bis zum Hausanschlusskasten werden von uns als zust\u00e4ndige Stadtwerke bzw. von einer durch uns beauftragten Firma ausgef\u00fchrt. F\u00fcr die <b>Installation der Kundenanlage<\/b> ist die von Ihnen beauftragte Installationsfirma verantwortlich.<\/p>\n<p>Die Installationsarbeiten d\u00fcrfen nur von einem konzessionierten, das hei\u00dft von einem bei einem Versorgungsunternehmen im Installateurverzeichnis eingetragenen Fachbetrieb durchgef\u00fchrt werden. Beachten Sie bitte, dass die Versorgungsleitungen nicht \u00fcberbaut oder mit B\u00e4umen oder tief wurzelnden Str\u00e4uchern \u00fcberpflanzt werden d\u00fcrfen.<\/p>\n<p>Nach Fertigstellung der Arbeiten in Ihrem Haus beantragt Ihr Installateur bei uns die Inbetriebsetzung und <b>Z\u00e4hlermontage<\/b>.<\/p>\n<p>Ein Mitarbeiter der Stadtwerke Zerbst montiert Ihren Z\u00e4hler und nimmt den <b>Hausanschluss in Betrieb<\/b>.<\/p>\n<p>Bei weiteren Fragen sind wir gerne f\u00fcr Sie da.<\/p>\n<h4>Ihr Ansprechpartner<\/h4>\n<p><b>Michael Schulz<\/b><br \/>\nTel.\u00a0(0 39 23) 73 75-11<br \/>\nE-Mail: <a href=\"&#x6d;&#x61;&#105;lt&#x6f;&#x3a;&#109;&#46;s&#x63;&#x68;&#117;&#108;z&#x40;&#x73;&#x77;&#122;er&#x62;&#x73;&#116;&#46;d&#x65;\">&#x6d;&#x2e;&#x73;&#x63;&#x68;&#117;&#108;&#122;&#64;swz&#x65;&#x72;&#x62;&#x73;&#x74;&#x2e;&#100;&#101;<\/a><\/p>\n[\/vc_column_text][nectar_btn size=&#8220;large&#8220; open_new_tab=&#8220;true&#8220; button_style=&#8220;regular&#8220; button_color_2=&#8220;Accent-Color&#8220; icon_family=&#8220;none&#8220; text=&#8220;Zum Anmeldeformular Netzanschluss&#8220; url=&#8220;https:\/\/netzanschluss.stadtwerke-zerbst.de\/&#8220; margin_top=&#8220;35&#8243; margin_bottom=&#8220;35&#8243;][vc_column_text]\n<h4 class=\"contentheading\">Beratung<\/h4>\n<div>\n<div>\n<p>Was muss ich bei meinem neuen Hausanschluss beachten? Wie kann ich mich an- oder ummelden? Bekomme ich F\u00f6rdermittel, wenn ich meine Heizung erneuere? Wie kann ich W\u00e4rmeverluste senken und Kosten sparen? Welche Vorteile bieten Erdgasfahrzeuge?<\/p>\n<p>Fragen Sie einfach unsere Mitarbeiterinnen und Mitarbeiter! Sie beantworten gerne alle Fragen rund um das Thema Energie und beraten Sie zu all unseren Serviceprodukten. Rufen Sie einfach an, schreiben eine E-Mail oder kommen Sie direkt bei uns vorbei.<\/p>\n<\/div>\n<\/div>\n<p>Ihr Ansprechpartner:<br \/>\n<b>Frank H\u00f6flich<br \/>\n<\/b>Tel. (0 39 23) 73 72-20<br \/>\nE-mail: <a href=\"&#x6d;&#97;&#x69;&#x6c;&#116;&#x6f;&#x3a;&#102;&#x2e;&#x68;&#111;&#x65;&#x66;l&#x69;&#x63;h&#x40;&#115;w&#x7a;&#101;r&#x62;&#115;t&#x2e;&#100;e\">f&#46;ho&#101;&#102;&#108;&#105;&#99;&#x68;&#x40;&#x73;&#x77;&#x7a;&#x65;&#x72;bst&#46;&#100;&#101;<\/a><\/p>\n<p><b>Stromversorgung Zerbst GmbH &amp; Co.KG<\/b><br \/>\nDessauer Stra\u00dfe 76<br \/>\n39261 Zerbst<\/p>\n<p>Tel. (0 39 23) 73 72-0<br \/>\nFax: (0 39 23) 73 72-32[\/vc_column_text][divider line_type=&#8220;No Line&#8220; custom_height=&#8220;40&#8243;]<div class=\"iwithtext\"><div class=\"iwt-icon\"> <img decoding=\"async\" src=\"https:\/\/www.stadtwerke-zerbst.de\/svz\/wp-content\/uploads\/2015\/11\/Download-1.png\" alt=\"\" \/> <\/div><div class=\"iwt-text\"> \n<h3><strong>Download Netzanschlussformular<\/strong><\/h3>\n <\/div><div class=\"clear\"><\/div><\/div>[divider line_type=&#8220;Full Width Line&#8220; line_thickness=&#8220;1&#8243; divider_color=&#8220;accent-color&#8220;]<div class=\"iwithtext\"><div class=\"iwt-icon\"> <i class=\"icon-default-style fa fa-file accent-color\"><\/i> <\/div><div class=\"iwt-text\"> <a href=\"https:\/\/www.stadtwerke-zerbst.de\/svz\/wp-content\/uploads\/2023\/11\/E1_E2-PV-Anlagen-Meldeboegen.pdf\" target=\"_blank\" rel=\"noopener\">Datenblatt f\u00fcr Erzeugungsanlagen im Niederspannungsnetz<\/a> <\/div><div class=\"clear\"><\/div><\/div>[\/vc_column][\/vc_row]\n","protected":false},"excerpt":{"rendered":"<p>[vc_row type=&#8220;in_container&#8220; full_screen_row_position=&#8220;middle&#8220; column_margin=&#8220;default&#8220; column_direction=&#8220;default&#8220; column_direction_tablet=&#8220;default&#8220; column_direction_phone=&#8220;default&#8220; scene_position=&#8220;center&#8220; text_color=&#8220;dark&#8220; text_align=&#8220;left&#8220; row_border_radius=&#8220;none&#8220; row_border_radius_applies=&#8220;bg&#8220; overflow=&#8220;visible&#8220; overlay_strength=&#8220;0.3&#8243; gradient_direction=&#8220;left_to_right&#8220; shape_divider_position=&#8220;bottom&#8220; bg_image_animation=&#8220;none&#8220;][vc_column column_padding=&#8220;no-extra-padding&#8220; column_padding_tablet=&#8220;inherit&#8220; column_padding_phone=&#8220;inherit&#8220; column_padding_position=&#8220;all&#8220; column_element_spacing=&#8220;default&#8220; background_color_opacity=&#8220;1&#8243; background_hover_color_opacity=&#8220;1&#8243; column_shadow=&#8220;none&#8220; column_border_radius=&#8220;none&#8220; column_link_target=&#8220;_self&#8220; column_position=&#8220;default&#8220; gradient_direction=&#8220;left_to_right&#8220; overlay_strength=&#8220;0.3&#8243;&#8230;<\/p>\n","protected":false},"author":1,"featured_media":0,"parent":0,"menu_order":0,"comment_status":"closed","ping_status":"closed","template":"","meta":{"_exactmetrics_skip_tracking":false,"_exactmetrics_sitenote_active":false,"_exactmetrics_sitenote_note":"","_exactmetrics_sitenote_category":0,"footnotes":""},"class_list":["post-130","page","type-page","status-publish"],"_links":{"self":[{"href":"https:\/\/www.stadtwerke-zerbst.de\/svz\/wp-json\/wp\/v2\/pages\/130","targetHints":{"allow":["GET"]}}],"collection":[{"href":"https:\/\/www.stadtwerke-zerbst.de\/svz\/wp-json\/wp\/v2\/pages"}],"about":[{"href":"https:\/\/www.stadtwerke-zerbst.de\/svz\/wp-json\/wp\/v2\/types\/page"}],"author":[{"embeddable":true,"href":"https:\/\/www.stadtwerke-zerbst.de\/svz\/wp-json\/wp\/v2\/users\/1"}],"replies":[{"embeddable":true,"href":"https:\/\/www.stadtwerke-zerbst.de\/svz\/wp-json\/wp\/v2\/comments?post=130"}],"version-history":[{"count":12,"href":"https:\/\/www.stadtwerke-zerbst.de\/svz\/wp-json\/wp\/v2\/pages\/130\/revisions"}],"predecessor-version":[{"id":2278,"href":"https:\/\/www.stadtwerke-zerbst.de\/svz\/wp-json\/wp\/v2\/pages\/130\/revisions\/2278"}],"wp:attachment":[{"href":"https:\/\/www.stadtwerke-zerbst.de\/svz\/wp-json\/wp\/v2\/media?parent=130"}],"curies":[{"name":"wp","href":"https:\/\/api.w.org\/{rel}","templated":true}]}}