{"id":1180,"date":"2017-10-23T09:53:03","date_gmt":"2017-10-23T07:53:03","guid":{"rendered":"http:\/\/www.stadtwerke-zerbst.de\/svz\/?page_id=1180"},"modified":"2025-10-30T10:32:41","modified_gmt":"2025-10-30T09:32:41","slug":"preisblatt-messtellenbetrieb-fuer-intelligente-messsysteme-ims","status":"publish","type":"page","link":"https:\/\/www.stadtwerke-zerbst.de\/svz\/preisblatt-messtellenbetrieb-fuer-intelligente-messsysteme-ims\/","title":{"rendered":"Preisblatt Messtellenbetrieb f\u00fcr intelligente Messsysteme (iMS)"},"content":{"rendered":"[vc_row type=&#8220;in_container&#8220; full_screen_row_position=&#8220;middle&#8220; column_margin=&#8220;default&#8220; column_direction=&#8220;default&#8220; column_direction_tablet=&#8220;default&#8220; column_direction_phone=&#8220;default&#8220; scene_position=&#8220;center&#8220; text_color=&#8220;dark&#8220; text_align=&#8220;left&#8220; row_border_radius=&#8220;none&#8220; row_border_radius_applies=&#8220;bg&#8220; overflow=&#8220;visible&#8220; overlay_strength=&#8220;0.3&#8243; gradient_direction=&#8220;left_to_right&#8220; shape_divider_position=&#8220;bottom&#8220; bg_image_animation=&#8220;none&#8220;][vc_column column_padding=&#8220;no-extra-padding&#8220; column_padding_tablet=&#8220;inherit&#8220; column_padding_phone=&#8220;inherit&#8220; column_padding_position=&#8220;all&#8220; column_element_spacing=&#8220;default&#8220; background_color_opacity=&#8220;1&#8243; background_hover_color_opacity=&#8220;1&#8243; column_shadow=&#8220;none&#8220; column_border_radius=&#8220;none&#8220; column_link_target=&#8220;_self&#8220; column_position=&#8220;default&#8220; gradient_direction=&#8220;left_to_right&#8220; overlay_strength=&#8220;0.3&#8243; width=&#8220;1\/1&#8243; tablet_width_inherit=&#8220;default&#8220; tablet_text_alignment=&#8220;default&#8220; phone_text_alignment=&#8220;default&#8220; animation_type=&#8220;default&#8220; bg_image_animation=&#8220;none&#8220; border_type=&#8220;simple&#8220; column_border_width=&#8220;none&#8220; column_border_style=&#8220;solid&#8220;][vc_column_text]\n<h2>Messstellenbetrieb<\/h2>\n[\/vc_column_text][divider line_type=&#8220;Full Width Line&#8220; line_thickness=&#8220;1&#8243; divider_color=&#8220;accent-color&#8220;][\/vc_column][\/vc_row][vc_row type=&#8220;in_container&#8220; full_screen_row_position=&#8220;middle&#8220; column_margin=&#8220;default&#8220; column_direction=&#8220;default&#8220; column_direction_tablet=&#8220;default&#8220; column_direction_phone=&#8220;default&#8220; scene_position=&#8220;center&#8220; text_color=&#8220;dark&#8220; text_align=&#8220;left&#8220; row_border_radius=&#8220;none&#8220; row_border_radius_applies=&#8220;bg&#8220; overflow=&#8220;visible&#8220; overlay_strength=&#8220;0.3&#8243; gradient_direction=&#8220;left_to_right&#8220; shape_divider_position=&#8220;bottom&#8220; bg_image_animation=&#8220;none&#8220;][vc_column column_padding=&#8220;no-extra-padding&#8220; column_padding_tablet=&#8220;inherit&#8220; column_padding_phone=&#8220;inherit&#8220; column_padding_position=&#8220;all&#8220; column_element_spacing=&#8220;default&#8220; background_color_opacity=&#8220;1&#8243; background_hover_color_opacity=&#8220;1&#8243; column_shadow=&#8220;none&#8220; column_border_radius=&#8220;none&#8220; column_link_target=&#8220;_self&#8220; column_position=&#8220;default&#8220; gradient_direction=&#8220;left_to_right&#8220; overlay_strength=&#8220;0.3&#8243; width=&#8220;2\/3&#8243; tablet_width_inherit=&#8220;default&#8220; tablet_text_alignment=&#8220;default&#8220; phone_text_alignment=&#8220;default&#8220; animation_type=&#8220;default&#8220; bg_image_animation=&#8220;none&#8220; border_type=&#8220;simple&#8220; column_border_width=&#8220;none&#8220; column_border_style=&#8220;solid&#8220;][vc_column_text]Preisblatt Messstellenbetrieb von moderne Messeinrichtungen (mME) und intelligenten Messsystemen (iMS) nach dem Messstellenbetriebsgesetz (MsbG)<br \/>\n<strong> Stand\u00a0 30.09.2025, Preise g\u00fcltig ab 01.01.2026<\/strong>[\/vc_column_text][divider line_type=&#8220;No Line&#8220; custom_height=&#8220;25&#8243;][vc_column_text]\n<h2>Standardleistungen<\/h2>\n<p>Das Messstellenbetriebsgesetz sieht f\u00fcr grundzust\u00e4ndige Messstellenbetreiber folgende Preisobergrenzen f\u00fcr den Messstellenbetrieb vor (bei Letztverbrauchern in Abh\u00e4ngigkeit vom Jahresstromverbrauch, bei Einspeisern von der installierten Leistung):[\/vc_column_text][divider line_type=&#8220;No Line&#8220; custom_height=&#8220;25&#8243;][vc_column_text]\n<table>\n<tbody>\n<tr>\n<td style=\"background-color: #878787;\" colspan=\"2\">\n<p style=\"text-align: center;\"><span style=\"color: #ffffff;\"><strong>Letztverbraucher<\/strong><\/span><\/p>\n<\/td>\n<td style=\"background-color: #878787;\" colspan=\"6\">\n<p style=\"text-align: center;\"><strong><span style=\"color: #ffffff;\">\u20ac je Z\u00e4hlpunkt und Jahr<\/span><\/strong><\/p>\n<\/td>\n<\/tr>\n<tr>\n<td style=\"text-align: center;\" rowspan=\"2\">Messtelle<\/td>\n<td style=\"text-align: center;\" rowspan=\"2\">Verbrauch<\/p>\n<p>(kWh\/a)<\/td>\n<td style=\"text-align: center;\" colspan=\"2\">2024<\/td>\n<td style=\"text-align: center;\" colspan=\"2\">2025<\/td>\n<td style=\"text-align: center;\" colspan=\"2\">2026<\/td>\n<\/tr>\n<tr>\n<td style=\"text-align: center;\">netto<\/td>\n<td style=\"text-align: center;\">brutto<sup>2<\/sup><\/td>\n<td style=\"text-align: center;\">netto<\/td>\n<td style=\"text-align: center;\">brutto<sup>2<\/sup><\/td>\n<td style=\"text-align: center;\">netto<\/td>\n<td style=\"text-align: center;\">brutto<sup>2<\/sup><\/td>\n<\/tr>\n<tr>\n<td style=\"text-align: center;\">mME<sup>1<\/sup><\/td>\n<td style=\"text-align: center;\"><\/td>\n<td style=\"text-align: center;\">16,81<\/td>\n<td style=\"text-align: center;\">20,00<\/td>\n<td style=\"text-align: center;\">16,81<\/td>\n<td style=\"text-align: center;\">20,00<\/td>\n<td style=\"text-align: center;\">21,01<\/td>\n<td style=\"text-align: center;\">25,00<\/td>\n<\/tr>\n<tr>\n<td style=\"text-align: center;\" rowspan=\"7\">iMS<\/td>\n<td style=\"text-align: left;\"><\/td>\n<td style=\"text-align: center;\"><\/td>\n<td style=\"text-align: center;\"><\/td>\n<td style=\"text-align: center;\"><\/td>\n<td style=\"text-align: center;\"><\/td>\n<td style=\"text-align: center;\"><\/td>\n<td style=\"text-align: center;\"><\/td>\n<\/tr>\n<tr>\n<td>\u00a0&lt; 6.000<\/td>\n<td style=\"text-align: center;\">16,81<\/td>\n<td style=\"text-align: center;\">20,00<\/td>\n<td style=\"text-align: center;\">16,81<\/td>\n<td style=\"text-align: center;\">20,00<\/td>\n<td style=\"text-align: center;\">25,21<\/td>\n<td style=\"text-align: center;\">30,00<\/td>\n<\/tr>\n<tr>\n<td>\u00a0&gt;6.000 &#8211; 10.000<\/td>\n<td style=\"text-align: center;\">16,81<\/td>\n<td style=\"text-align: center;\">20,00<\/td>\n<td style=\"text-align: center;\">16,81<\/td>\n<td style=\"text-align: center;\">20,00<\/td>\n<td style=\"text-align: center;\">33,61<\/td>\n<td style=\"text-align: center;\">40,00<\/td>\n<\/tr>\n<tr>\n<td>\u00a0&gt;10.000 &#8211; 20.000<\/td>\n<td style=\"text-align: center;\">42,02<\/td>\n<td style=\"text-align: center;\">50,00<\/td>\n<td style=\"text-align: center;\">42,02<\/td>\n<td style=\"text-align: center;\">50,00<\/td>\n<td style=\"text-align: center;\">42,02<\/td>\n<td style=\"text-align: center;\">50,00<\/td>\n<\/tr>\n<tr>\n<td>\u00a0\u00a0&gt;20.000 &#8211; 50.000<\/td>\n<td style=\"text-align: center;\">75,63<\/td>\n<td style=\"text-align: center;\">90,00<\/td>\n<td style=\"text-align: center;\">75,63<\/td>\n<td style=\"text-align: center;\">90,00<\/td>\n<td style=\"text-align: center;\">92,44<\/td>\n<td style=\"text-align: center;\">110,00<\/td>\n<\/tr>\n<tr>\n<td>\u00a0\u00a0\u00a0&gt;50.000 &#8211; 100.000<\/td>\n<td style=\"text-align: center;\">100,84<\/td>\n<td style=\"text-align: center;\">120,00<\/td>\n<td style=\"text-align: center;\">100,84<\/td>\n<td style=\"text-align: center;\">120,00<\/td>\n<td style=\"text-align: center;\">117,65<\/td>\n<td style=\"text-align: center;\">140,00<\/td>\n<\/tr>\n<tr>\n<td>\u00a0\u00a0\u00a0&gt;100.000<\/td>\n<td style=\"text-align: center;\">270,00<\/td>\n<td style=\"text-align: center;\">321,30<\/td>\n<td style=\"text-align: center;\">270,00<\/td>\n<td style=\"text-align: center;\">321,30<\/td>\n<td style=\"text-align: center;\" colspan=\"2\">nach Vereinbarung<\/td>\n<\/tr>\n<tr>\n<td style=\"text-align: center;\">iMS &#8211; Unterbrechb.<\/p>\n<p>Verbrauchseinrichtung nach \u00a7 14a ENWG<\/td>\n<td style=\"text-align: center;\"><\/td>\n<td style=\"text-align: center;\">42,02<\/td>\n<td style=\"text-align: center;\">50,00<\/td>\n<td style=\"text-align: center;\">42,02<\/td>\n<td style=\"text-align: center;\">50,00<\/td>\n<td style=\"text-align: center;\">42,02<\/td>\n<td style=\"text-align: center;\">50,00<\/td>\n<\/tr>\n<\/tbody>\n<\/table>\n[\/vc_column_text][vc_column_text]\n<table>\n<tbody>\n<tr>\n<td style=\"background-color: #878787;\" colspan=\"2\">\n<p style=\"text-align: center;\"><span style=\"color: #ffffff;\"><strong>Einspeiser<\/strong><\/span><\/p>\n<\/td>\n<td style=\"background-color: #878787;\" colspan=\"6\">\n<p style=\"text-align: center;\"><strong><span style=\"color: #ffffff;\">\u20ac je Z\u00e4hlpunkt und Jahr<\/span><\/strong><\/p>\n<\/td>\n<\/tr>\n<tr>\n<td style=\"text-align: center;\" rowspan=\"2\">Messtelle<\/td>\n<td style=\"text-align: center;\" rowspan=\"2\">installierte Leistung<\/p>\n<p>in kW<\/td>\n<td style=\"text-align: center;\" colspan=\"2\">2024<\/td>\n<td style=\"text-align: center;\" colspan=\"2\">2025<\/td>\n<td style=\"text-align: center;\" colspan=\"2\">2026<\/td>\n<\/tr>\n<tr>\n<td style=\"text-align: center;\">netto<\/td>\n<td style=\"text-align: center;\">brutto<sup>2<\/sup><\/td>\n<td style=\"text-align: center;\">netto<\/td>\n<td style=\"text-align: center;\">brutto<sup>2<\/sup><\/td>\n<td style=\"text-align: center;\">netto<\/td>\n<td style=\"text-align: center;\">brutto<sup>2<\/sup><\/td>\n<\/tr>\n<tr>\n<td style=\"text-align: center;\">mME<sup>1<\/sup><\/td>\n<td style=\"text-align: center;\"><\/td>\n<td style=\"text-align: center;\"><\/td>\n<td style=\"text-align: center;\"><\/td>\n<td style=\"text-align: center;\"><\/td>\n<td style=\"text-align: center;\"><\/td>\n<td style=\"text-align: center;\">21,01<\/td>\n<td style=\"text-align: center;\">25,00<\/td>\n<\/tr>\n<tr>\n<td style=\"text-align: center;\" rowspan=\"5\">iMS<\/td>\n<td style=\"text-align: center;\">1 &#8211; 7<\/td>\n<td style=\"text-align: center;\">16,81<\/td>\n<td style=\"text-align: center;\">20,00<\/td>\n<td style=\"text-align: center;\">16,81<\/td>\n<td style=\"text-align: center;\">20,00<\/td>\n<td style=\"text-align: center;\">21,01<\/td>\n<td style=\"text-align: center;\">25,00<\/td>\n<\/tr>\n<tr>\n<td style=\"text-align: center;\">\u00a0&gt;7 &#8211; 15<\/td>\n<td style=\"text-align: center;\">16,81<\/td>\n<td style=\"text-align: center;\">20,00<\/td>\n<td style=\"text-align: center;\">16,81<\/td>\n<td style=\"text-align: center;\">20,00<\/td>\n<td style=\"text-align: center;\">25,21<\/td>\n<td style=\"text-align: center;\">30,00<\/td>\n<\/tr>\n<tr>\n<td style=\"text-align: center;\">\u00a0&gt;15 &#8211; 25<\/td>\n<td style=\"text-align: center;\">42,02<\/td>\n<td style=\"text-align: center;\">50,00<\/td>\n<td style=\"text-align: center;\">42,02<\/td>\n<td style=\"text-align: center;\">50,00<\/td>\n<td style=\"text-align: center;\">42,02<\/td>\n<td style=\"text-align: center;\">50,00<\/td>\n<\/tr>\n<tr>\n<td style=\"text-align: center;\">\u00a0\u00a0&gt;25 &#8211; 100<\/td>\n<td style=\"text-align: center;\">100,84<\/td>\n<td style=\"text-align: center;\">120,00<\/td>\n<td style=\"text-align: center;\">100,84<\/td>\n<td style=\"text-align: center;\">120,00<\/td>\n<td style=\"text-align: center;\">117,65<\/td>\n<td style=\"text-align: center;\">140,00<\/td>\n<\/tr>\n<tr>\n<td style=\"text-align: center;\">\u00a0\u00a0&gt; 100<\/td>\n<td style=\"text-align: center;\">270,00<\/td>\n<td style=\"text-align: center;\">321,30<\/td>\n<td style=\"text-align: center;\">270,00<\/td>\n<td style=\"text-align: center;\">321,30<\/td>\n<td style=\"text-align: center;\" colspan=\"2\">nach Vereinbarung<\/td>\n<\/tr>\n<\/tbody>\n<\/table>\n<p><sup>1<\/sup> j\u00e4hrliche Bereitstellung der Messwerte ohne Wandler und ohne Tarifschaltger\u00e4t<\/p>\n<p><sup>2<\/sup> inkl. 19% Umsatzsteuer[\/vc_column_text][vc_column_text]\n<p>&nbsp;<\/p>\n<p>&nbsp;<\/p>\n<table>\n<tbody>\n<tr>\n<td rowspan=\"2\"><\/td>\n<td style=\"background-color: #878787;\" colspan=\"2\">\n<p style=\"text-align: center;\"><span style=\"color: #ffffff;\"><strong>\u20ac je Z\u00e4hlpunkt und Ablesung\u00a0<\/strong><\/span><\/p>\n<\/td>\n<\/tr>\n<tr>\n<td style=\"text-align: center;\">netto<\/td>\n<td style=\"text-align: center;\">brutto<sup>2<\/sup><\/td>\n<\/tr>\n<tr>\n<td style=\"text-align: left;\">Steuerungseinrichtung am Netzanschluss-<br \/>\npunkt (\u00a7 30 Abs. 2 Nr. 2 MsbG)<\/td>\n<td style=\"text-align: center;\">42,02<\/td>\n<td style=\"text-align: center;\">50,00<\/td>\n<\/tr>\n<\/tbody>\n<\/table>\n[\/vc_column_text][divider line_type=&#8220;No Line&#8220; custom_height=&#8220;25&#8243;][vc_column_text]\n<h2>2. Zusatzleistungen<\/h2>\n<table>\n<tbody>\n<tr>\n<td style=\"background-color: #878787;\" rowspan=\"2\">\n<p style=\"text-align: center;\"><span style=\"color: #ffffff;\"><strong>Zusatzleistungen im Sinne von <\/strong><\/span><\/p>\n<p style=\"text-align: center;\"><span style=\"color: #ffffff;\"><strong>\u00a7 34 Abs. 2 msbG<\/strong><\/span><\/p>\n<\/td>\n<td style=\"background-color: #878787;\" colspan=\"2\">\n<p style=\"text-align: center;\"><span style=\"color: #ffffff;\"><strong>\u20ac je Z\u00e4hlpunkt und Jahr<\/strong><\/span><\/p>\n<\/td>\n<td style=\"background-color: #878787;\">\n<p style=\"text-align: center;\"><span style=\"color: #ffffff;\"><strong>\u20ac gem. \u00a7 34 Abs. 2 MsbG Nr.<\/strong><\/span><\/p>\n<\/td>\n<\/tr>\n<tr>\n<td style=\"text-align: center;\">netto<\/td>\n<td style=\"text-align: center;\">brutto<sup>2<\/sup><\/td>\n<td style=\"text-align: center;\"><\/td>\n<\/tr>\n<tr>\n<td style=\"text-align: left;\">vorzeitige Ausstattung einer Messstelle<br \/>\nmit intelligentem Messsystem (optionaler Einbaufall<\/td>\n<td style=\"text-align: center;\">25,21<\/td>\n<td style=\"text-align: center;\">30,00<\/td>\n<td style=\"text-align: center;\">1<\/td>\n<\/tr>\n<tr>\n<td style=\"text-align: left;\">T\u00e4gliche \u00dcbermittlung aller erhobenen<br \/>\nMesswerte an beauftragte Dritte<\/td>\n<td style=\"text-align: center;\">25,21<\/td>\n<td style=\"text-align: center;\">30,00<\/td>\n<td style=\"text-align: center;\">10<\/td>\n<\/tr>\n<tr>\n<td style=\"background-color: #878787;\" rowspan=\"2\">\n<p style=\"text-align: center;\"><span style=\"color: #ffffff;\"><strong>Zusatzleistungen im Sinne von <\/strong><\/span><\/p>\n<p style=\"text-align: center;\"><span style=\"color: #ffffff;\"><strong>\u00a7 34 Abs. 2 msbG<\/strong><\/span><\/p>\n<\/td>\n<td style=\"background-color: #878787;\" colspan=\"2\">\n<p style=\"text-align: center;\"><span style=\"color: #ffffff;\"><strong>\u20ac je Z\u00e4hlpunkt und Vorgang<\/strong><\/span><\/p>\n<\/td>\n<td style=\"background-color: #878787;\">\n<p style=\"text-align: center;\"><span style=\"color: #ffffff;\"><strong>\u20ac gem. \u00a7 34 Abs. 2 MsbG Nr.<\/strong><\/span><\/p>\n<\/td>\n<\/tr>\n<tr>\n<td style=\"text-align: center;\">netto<\/td>\n<td style=\"text-align: center;\">brutto<sup>2<\/sup><\/td>\n<td style=\"text-align: center;\"><\/td>\n<\/tr>\n<tr>\n<td style=\"text-align: left;\">Vorzeitige Ausstattung einer Messstelle<br \/>\nmit intelligentem Messsystem<\/td>\n<td style=\"text-align: center;\">84,03<\/td>\n<td style=\"text-align: center;\">100,00<\/td>\n<td style=\"text-align: center;\">1<\/td>\n<\/tr>\n<\/tbody>\n<\/table>\n[\/vc_column_text][vc_column_text]\n<p>&nbsp;<\/p>\n<table>\n<tbody>\n<tr>\n<td style=\"background-color: #878787;\" rowspan=\"2\">\n<p style=\"text-align: center;\"><span style=\"color: #ffffff;\"><strong>Zusatzleistungen im Sinne von <\/strong><\/span><\/p>\n<p style=\"text-align: center;\"><span style=\"color: #ffffff;\"><strong>\u00a7 34 Abs. 3 MsbG<\/strong><\/span><\/p>\n<\/td>\n<td style=\"background-color: #878787;\" colspan=\"2\">\n<p style=\"text-align: center;\"><span style=\"color: #ffffff;\"><strong>\u20ac je Z\u00e4hlpunkt und Ablesung\u00a0<\/strong><\/span><\/p>\n<\/td>\n<\/tr>\n<tr>\n<td style=\"text-align: center;\">netto<\/td>\n<td style=\"text-align: center;\">brutto<sup>2<\/sup><\/td>\n<\/tr>\n<tr>\n<td style=\"text-align: left;\">Zus\u00e4tzliche Messwerte f\u00fcr mME<\/td>\n<td style=\"text-align: center;\"><\/td>\n<td style=\"text-align: center;\"><\/td>\n<\/tr>\n<tr>\n<td>\n<p style=\"text-align: center;\">\n<\/td>\n<td style=\"background-color: #878787;\" colspan=\"2\">\n<p style=\"text-align: center;\"><span style=\"color: #ffffff;\"><strong>\u20ac je Z\u00e4hlpunkt und Jahr<\/strong><\/span><\/p>\n<\/td>\n<\/tr>\n<tr>\n<td style=\"text-align: center;\"><\/td>\n<td style=\"text-align: center;\">netto<\/td>\n<td style=\"text-align: center;\">brutto<sup>2<\/sup><\/td>\n<\/tr>\n<tr>\n<td style=\"text-align: left;\">Schaltger\u00e4t\/Tarifschaltung bei mME<\/td>\n<td style=\"text-align: center;\">15,00<\/td>\n<td style=\"text-align: center;\">17,85<\/td>\n<\/tr>\n<tr>\n<td style=\"text-align: left;\">Wandler in Mittelspannung<\/td>\n<td style=\"text-align: center;\">190,00<\/td>\n<td style=\"text-align: center;\">225,10<\/td>\n<\/tr>\n<tr>\n<td style=\"text-align: left;\">Wandler in Niederspannung<\/td>\n<td style=\"text-align: center;\">30,00<\/td>\n<td style=\"text-align: center;\">35,70<\/td>\n<\/tr>\n<tr>\n<td style=\"text-align: left;\">zus\u00e4tzliche Ausstattung mit Steuerungseinrichtungen<br \/>\nund Anbindung an SMGW<br \/>\nZusatzdienstleitung nach \u00a7 34 MsbG, Abs. 2, S. 2, Nr. 5<\/td>\n<td style=\"text-align: center;\">150,00<\/td>\n<td style=\"text-align: center;\">150,00<\/td>\n<\/tr>\n<\/tbody>\n<\/table>\n<p><sup>2<\/sup> inkl. 19% Umsatzsteuer[\/vc_column_text][\/vc_column][vc_column column_padding=&#8220;no-extra-padding&#8220; column_padding_tablet=&#8220;inherit&#8220; column_padding_phone=&#8220;inherit&#8220; column_padding_position=&#8220;all&#8220; column_element_spacing=&#8220;default&#8220; background_color_opacity=&#8220;1&#8243; background_hover_color_opacity=&#8220;1&#8243; column_shadow=&#8220;none&#8220; column_border_radius=&#8220;none&#8220; column_link_target=&#8220;_self&#8220; column_position=&#8220;default&#8220; gradient_direction=&#8220;left_to_right&#8220; overlay_strength=&#8220;0.3&#8243; width=&#8220;1\/3&#8243; tablet_width_inherit=&#8220;default&#8220; tablet_text_alignment=&#8220;default&#8220; phone_text_alignment=&#8220;default&#8220; animation_type=&#8220;default&#8220; bg_image_animation=&#8220;none&#8220; border_type=&#8220;simple&#8220; column_border_width=&#8220;none&#8220; column_border_style=&#8220;solid&#8220;][vc_column_text]<strong>Download<br \/>\n<\/strong><\/p>\n<p><a href=\"https:\/\/www.stadtwerke-zerbst.de\/svz\/wp-content\/uploads\/2025\/10\/Preisblatt-Messstellenbetrieb-2026.pdf\">Preisblatt f\u00fcr den Messstellenbetrieb<\/a><\/p>\n<p><a href=\"https:\/\/www.stadtwerke-zerbst.de\/svz\/wp-content\/uploads\/2018\/10\/Messstellenvertrag-Strom_gMSB-Lief_BDEW_2018.pdf\" target=\"_blank\" rel=\"noopener\">Messstellenvertrag Strom \u00fcber den Messstellenbetrieb von intelligenten Messsystemen und modernen Messeinrichtungen<\/a><\/p>\n<p><a href=\"https:\/\/www.stadtwerke-zerbst.de\/svz\/wp-content\/uploads\/2018\/05\/Vereinbarung-Abrechnung-mME-iMSy.pdf\">Vereinbarung \u00fcber die Abrechnung des Messstellenbetriebsentgelts f\u00fcr intelligente Messtechnik<\/a>[\/vc_column_text][\/vc_column][\/vc_row]\n","protected":false},"excerpt":{"rendered":"<p>[vc_row type=&#8220;in_container&#8220; full_screen_row_position=&#8220;middle&#8220; column_margin=&#8220;default&#8220; column_direction=&#8220;default&#8220; column_direction_tablet=&#8220;default&#8220; column_direction_phone=&#8220;default&#8220; scene_position=&#8220;center&#8220; text_color=&#8220;dark&#8220; text_align=&#8220;left&#8220; row_border_radius=&#8220;none&#8220; row_border_radius_applies=&#8220;bg&#8220; overflow=&#8220;visible&#8220; overlay_strength=&#8220;0.3&#8243; gradient_direction=&#8220;left_to_right&#8220; shape_divider_position=&#8220;bottom&#8220; bg_image_animation=&#8220;none&#8220;][vc_column column_padding=&#8220;no-extra-padding&#8220; column_padding_tablet=&#8220;inherit&#8220; column_padding_phone=&#8220;inherit&#8220; column_padding_position=&#8220;all&#8220; column_element_spacing=&#8220;default&#8220; background_color_opacity=&#8220;1&#8243; background_hover_color_opacity=&#8220;1&#8243; column_shadow=&#8220;none&#8220; column_border_radius=&#8220;none&#8220; column_link_target=&#8220;_self&#8220; column_position=&#8220;default&#8220; gradient_direction=&#8220;left_to_right&#8220; overlay_strength=&#8220;0.3&#8243;&#8230;<\/p>\n","protected":false},"author":6,"featured_media":0,"parent":0,"menu_order":0,"comment_status":"closed","ping_status":"closed","template":"","meta":{"_exactmetrics_skip_tracking":false,"_exactmetrics_sitenote_active":false,"_exactmetrics_sitenote_note":"","_exactmetrics_sitenote_category":0,"footnotes":""},"class_list":["post-1180","page","type-page","status-publish"],"_links":{"self":[{"href":"https:\/\/www.stadtwerke-zerbst.de\/svz\/wp-json\/wp\/v2\/pages\/1180","targetHints":{"allow":["GET"]}}],"collection":[{"href":"https:\/\/www.stadtwerke-zerbst.de\/svz\/wp-json\/wp\/v2\/pages"}],"about":[{"href":"https:\/\/www.stadtwerke-zerbst.de\/svz\/wp-json\/wp\/v2\/types\/page"}],"author":[{"embeddable":true,"href":"https:\/\/www.stadtwerke-zerbst.de\/svz\/wp-json\/wp\/v2\/users\/6"}],"replies":[{"embeddable":true,"href":"https:\/\/www.stadtwerke-zerbst.de\/svz\/wp-json\/wp\/v2\/comments?post=1180"}],"version-history":[{"count":17,"href":"https:\/\/www.stadtwerke-zerbst.de\/svz\/wp-json\/wp\/v2\/pages\/1180\/revisions"}],"predecessor-version":[{"id":2292,"href":"https:\/\/www.stadtwerke-zerbst.de\/svz\/wp-json\/wp\/v2\/pages\/1180\/revisions\/2292"}],"wp:attachment":[{"href":"https:\/\/www.stadtwerke-zerbst.de\/svz\/wp-json\/wp\/v2\/media?parent=1180"}],"curies":[{"name":"wp","href":"https:\/\/api.w.org\/{rel}","templated":true}]}}