{"id":87,"date":"2015-11-26T09:39:19","date_gmt":"2015-11-26T08:39:19","guid":{"rendered":"http:\/\/www.stadtwerke-zerbst.de\/gsz\/?page_id=87"},"modified":"2019-03-28T14:46:43","modified_gmt":"2019-03-28T13:46:43","slug":"erdagastankstelle","status":"publish","type":"page","link":"https:\/\/www.stadtwerke-zerbst.de\/gsz\/erdagastankstelle\/","title":{"rendered":"Erdgastankstelle"},"content":{"rendered":"[vc_row type=&#8220;in_container&#8220; full_screen_row_position=&#8220;middle&#8220; scene_position=&#8220;center&#8220; text_color=&#8220;dark&#8220; text_align=&#8220;left&#8220; overlay_strength=&#8220;0.3&#8243; shape_divider_position=&#8220;bottom&#8220;][vc_column column_padding=&#8220;no-extra-padding&#8220; column_padding_position=&#8220;all&#8220; background_color_opacity=&#8220;1&#8243; background_hover_color_opacity=&#8220;1&#8243; column_shadow=&#8220;none&#8220; column_border_radius=&#8220;none&#8220; width=&#8220;1\/1&#8243; tablet_text_alignment=&#8220;default&#8220; phone_text_alignment=&#8220;default&#8220; column_border_width=&#8220;none&#8220; column_border_style=&#8220;solid&#8220;][vc_column_text]\n<h2>Erdgasfahrzeuge \u2013 die clevere Alternative<\/h2>\n[\/vc_column_text][divider line_type=&#8220;Full Width Line&#8220; line_thickness=&#8220;1&#8243; divider_color=&#8220;accent-color&#8220;][\/vc_column][\/vc_row][vc_row type=&#8220;in_container&#8220; full_screen_row_position=&#8220;middle&#8220; equal_height=&#8220;yes&#8220; scene_position=&#8220;center&#8220; text_color=&#8220;dark&#8220; text_align=&#8220;left&#8220; overlay_strength=&#8220;0.3&#8243; shape_divider_position=&#8220;bottom&#8220; shape_type=&#8220;&#8220;][vc_column column_padding=&#8220;no-extra-padding&#8220; column_padding_position=&#8220;all&#8220; background_color_opacity=&#8220;1&#8243; background_hover_color_opacity=&#8220;1&#8243; column_shadow=&#8220;none&#8220; column_border_radius=&#8220;none&#8220; width=&#8220;2\/3&#8243; tablet_text_alignment=&#8220;default&#8220; phone_text_alignment=&#8220;default&#8220; column_border_width=&#8220;none&#8220; column_border_style=&#8220;solid&#8220;][vc_column_text]\n<p><strong>GSZ f\u00f6rdert Neuanschaffung mit 500-Kilogramm-Gutschein<\/strong><\/p>\n<p>Erdgas-Fahrzeuge sind in puncto \u201egr\u00fcner\u201c Antrieb weiter auf dem Vormarsch! Umweltbewusste Autofahrer entscheiden sich lieber f\u00fcr einen Erdgasmotor als f\u00fcr Fl\u00fcssiggas- oder Elektroantrieb. Vor allem Vielfahrer setzen zunehmend auf die g\u00fcnstige und umweltschonende Alternative, denn der niedrige Verbrauch,\u00a0 g\u00fcnstige Erdgaspreise und niedrige Kfz-Steuer bringen deutliche Spar-Vorteile. Gegen\u00fcber Diesel k\u00f6nnen die Kraftstoffkosten um mehr als 40 % und gegen\u00fcber Normalbenzin sogar um rund 50 % gesenkt werden. Auch wenn die Anschaffungskosten f\u00fcr Erdgasfahrzeuge noch etwas h\u00f6her liegen als f\u00fcr Benziner oder Diesel, amortisieren sich diese Mehrkosten schon nach 45.000 km.<\/p>\n<p>Erdgas wird in Kilogramm verkauft. Daher lassen sich die an den Tankstellen angegebenen Preise nicht ohne weiteres vergleichen. Bei einem echten Vergleich muss zus\u00e4tzlich der Energiegehalt der einzelnen Kraftstoffe ber\u00fccksichtigt werden. Ein Kilogramm des \u00fcberwiegend verkauften H-Gases hat einen Energiegehalt von etwa 13,3 kWh, ein Liter Diesel etwa 9,9 kWh, ein Liter Superbenzin etwa 8,6 kWh und ein Liter Autogas etwa 6,8 kWh. Damit entspricht der Energiegehalt von einem Kilogramm Erdgas etwa 1,5 Litern Benzin, ca. 1,3 Litern Diesel bzw. ca. 1,9 Litern Autogas. (Quelle: www.erdgas.info)<\/p>\n<p>Ein weiteres Argument f\u00fcr eine Anschaffung ist das Erdgasfahrzeug-F\u00f6rderprogramm von GSZ. Der 500-kg-Tankgutschein reicht f\u00fcr gut 8.500 km![\/vc_column_text][\/vc_column][vc_column column_padding=&#8220;no-extra-padding&#8220; column_padding_position=&#8220;all&#8220; background_color_opacity=&#8220;1&#8243; background_hover_color_opacity=&#8220;1&#8243; column_shadow=&#8220;none&#8220; column_border_radius=&#8220;none&#8220; width=&#8220;1\/3&#8243; tablet_text_alignment=&#8220;default&#8220; phone_text_alignment=&#8220;default&#8220; column_border_width=&#8220;none&#8220; column_border_style=&#8220;solid&#8220;][vc_column_text]\n<h4>Hier finden Sie unsere Erdgastankstelle in Zerbst<\/h4>\n[nectar_gmap zoom=&#8220;15&#8243; enable_zoom=&#8220;1&#8243; marker_image=&#8220;181&#8243; map_greyscale=&#8220;1&#8243; map_color=&#8220;#48b193&#8243; size=&#8220;200&#8243; map_center_lat=&#8220;51.951510&#8243; map_center_lng=&#8220;12.092100&#8243; map_markers=&#8220;51.951510|12.092100|Dienstleistungscenter&#8220;]\n<p>&nbsp;<\/p>\n<p><strong>CNG Erdgastankstelle Busbetrieb Ruthe<\/strong><\/p>\n<p>Altbuchsland 18<\/p>\n<p>39261 Zerbst<\/p>\n<p><img loading=\"lazy\" decoding=\"async\" class=\"wp-image-195 size-full alignleft\" src=\"https:\/\/www.stadtwerke-zerbst.de\/gsz\/wp-content\/uploads\/2015\/11\/tank1.jpg\" alt=\"tank1\" width=\"400\" height=\"267\" srcset=\"https:\/\/www.stadtwerke-zerbst.de\/gsz\/wp-content\/uploads\/2015\/11\/tank1.jpg 400w, https:\/\/www.stadtwerke-zerbst.de\/gsz\/wp-content\/uploads\/2015\/11\/tank1-300x200.jpg 300w\" sizes=\"auto, (max-width: 400px) 100vw, 400px\" \/>[\/vc_column_text][\/vc_column][\/vc_row][vc_row type=&#8220;in_container&#8220; full_screen_row_position=&#8220;middle&#8220; equal_height=&#8220;yes&#8220; scene_position=&#8220;center&#8220; text_color=&#8220;dark&#8220; text_align=&#8220;left&#8220; overlay_strength=&#8220;0.3&#8243; shape_divider_position=&#8220;bottom&#8220; shape_type=&#8220;&#8220;][vc_column column_padding=&#8220;no-extra-padding&#8220; column_padding_position=&#8220;all&#8220; background_color_opacity=&#8220;1&#8243; background_hover_color_opacity=&#8220;1&#8243; column_shadow=&#8220;none&#8220; column_border_radius=&#8220;none&#8220; width=&#8220;2\/3&#8243; tablet_text_alignment=&#8220;default&#8220; phone_text_alignment=&#8220;default&#8220; column_border_width=&#8220;none&#8220; column_border_style=&#8220;solid&#8220;][vc_column_text]\n<h4>Was Sie schon immer \u00fcber Erdgas als Kraftstoff wissen wollten<\/h4>\n<ul>\n<li>Erdgas ist als Kraftstoff eine echte, akzeptable Alternative zum Antrieb von Fahrzeugen.<\/li>\n<\/ul>\n<ul>\n<li>Im Vergleich zu Benzin kostet Erdgas im Schnitt nur die H\u00e4lfte.<\/li>\n<\/ul>\n<ul>\n<li>Gegen\u00fcber Diesel k\u00f6nnen etwa 30% eingespart werden.<\/li>\n<\/ul>\n<ul>\n<li>Erdgasfahrzeuge sind ebenso sicher, wie jedes andere Auto auch.<\/li>\n<\/ul>\n<ul>\n<li>Wenig CO<sub>2<\/sub> lautet das Motto f\u00fcr den umweltschonenden Antrieb.<\/li>\n<\/ul>\n<ul>\n<li>Mit reinem BIO-Erdgas sinkt der CO<sub>2<\/sub>-Aussto\u00df sogar um bis 97%.<\/li>\n<\/ul>\n<ul>\n<li>Im Vergleich zu Diesel entstehen rund 95% weniger Stickoxide und Feinstaub wird nahezu gar nicht emittiert.<\/li>\n<\/ul>\n<ul>\n<li>Rund 100.000 Erdgasautofahrer sind auf unseren Stra\u00dfen jeden Tag unterwegs.<\/li>\n<\/ul>\n[\/vc_column_text][\/vc_column][vc_column column_padding=&#8220;no-extra-padding&#8220; column_padding_position=&#8220;all&#8220; background_color_opacity=&#8220;1&#8243; background_hover_color_opacity=&#8220;1&#8243; column_shadow=&#8220;none&#8220; column_border_radius=&#8220;none&#8220; width=&#8220;1\/3&#8243; tablet_text_alignment=&#8220;default&#8220; phone_text_alignment=&#8220;default&#8220; column_border_width=&#8220;none&#8220; column_border_style=&#8220;solid&#8220;][vc_column_text]\n<h4>Ihr Ansprechpartner zum Thema Erdgas als Kraftstoff<\/h4>\n<p>&nbsp;<\/p>\n<table style=\"height: 207px;\" width=\"223\">\n<tbody>\n<tr>\n<td>\n<h5>Frank H\u00f6flich<\/h5>\n<\/td>\n<td>Tel: (0 39 25) 9882-228<\/td>\n<\/tr>\n<tr>\n<td><a href=\"https:\/\/www.stadtwerke-zerbst.de\/gsz\/wp-content\/uploads\/2017\/09\/Frank-Hoeflich.jpg\" rel=\"attachment wp-att-475\"><img loading=\"lazy\" decoding=\"async\" class=\"alignnone size-full wp-image-475\" src=\"https:\/\/www.stadtwerke-zerbst.de\/gsz\/wp-content\/uploads\/2017\/09\/Frank-Hoeflich.jpg\" alt=\"Frank-Hoeflich\" width=\"150\" height=\"210\" \/><\/a><\/td>\n<td>E-Mail: <a href=\"&#x6d;&#97;i&#x6c;&#116;o&#x3a;&#102;&#46;&#x68;&#x6f;&#101;&#x66;&#x6c;&#105;c&#x68;&#64;e&#x2d;&#109;s&#x2e;&#x64;&#101;\">&#x66;&#46;h&#x6f;&#101;f&#x6c;&#105;c&#x68;&#64;e&#x2d;&#109;s&#x2e;&#100;e<\/a><\/td>\n<\/tr>\n<\/tbody>\n<\/table>\n[\/vc_column_text][\/vc_column][\/vc_row]\n","protected":false},"excerpt":{"rendered":"<p>[vc_row type=&#8220;in_container&#8220; full_screen_row_position=&#8220;middle&#8220; scene_position=&#8220;center&#8220; text_color=&#8220;dark&#8220; text_align=&#8220;left&#8220; overlay_strength=&#8220;0.3&#8243; shape_divider_position=&#8220;bottom&#8220;][vc_column column_padding=&#8220;no-extra-padding&#8220; column_padding_position=&#8220;all&#8220; background_color_opacity=&#8220;1&#8243; background_hover_color_opacity=&#8220;1&#8243; column_shadow=&#8220;none&#8220; column_border_radius=&#8220;none&#8220; width=&#8220;1\/1&#8243; tablet_text_alignment=&#8220;default&#8220; phone_text_alignment=&#8220;default&#8220; column_border_width=&#8220;none&#8220; column_border_style=&#8220;solid&#8220;][vc_column_text] Erdgasfahrzeuge \u2013 die clevere Alternative [\/vc_column_text][divider line_type=&#8220;Full Width Line&#8220; line_thickness=&#8220;1&#8243; divider_color=&#8220;accent-color&#8220;][\/vc_column][\/vc_row][vc_row&#8230;<\/p>\n","protected":false},"author":1,"featured_media":0,"parent":0,"menu_order":0,"comment_status":"closed","ping_status":"closed","template":"","meta":{"_exactmetrics_skip_tracking":false,"_exactmetrics_sitenote_active":false,"_exactmetrics_sitenote_note":"","_exactmetrics_sitenote_category":0,"footnotes":""},"class_list":["post-87","page","type-page","status-publish"],"_links":{"self":[{"href":"https:\/\/www.stadtwerke-zerbst.de\/gsz\/wp-json\/wp\/v2\/pages\/87","targetHints":{"allow":["GET"]}}],"collection":[{"href":"https:\/\/www.stadtwerke-zerbst.de\/gsz\/wp-json\/wp\/v2\/pages"}],"about":[{"href":"https:\/\/www.stadtwerke-zerbst.de\/gsz\/wp-json\/wp\/v2\/types\/page"}],"author":[{"embeddable":true,"href":"https:\/\/www.stadtwerke-zerbst.de\/gsz\/wp-json\/wp\/v2\/users\/1"}],"replies":[{"embeddable":true,"href":"https:\/\/www.stadtwerke-zerbst.de\/gsz\/wp-json\/wp\/v2\/comments?post=87"}],"version-history":[{"count":12,"href":"https:\/\/www.stadtwerke-zerbst.de\/gsz\/wp-json\/wp\/v2\/pages\/87\/revisions"}],"predecessor-version":[{"id":741,"href":"https:\/\/www.stadtwerke-zerbst.de\/gsz\/wp-json\/wp\/v2\/pages\/87\/revisions\/741"}],"wp:attachment":[{"href":"https:\/\/www.stadtwerke-zerbst.de\/gsz\/wp-json\/wp\/v2\/media?parent=87"}],"curies":[{"name":"wp","href":"https:\/\/api.w.org\/{rel}","templated":true}]}}