{"id":5,"date":"2015-11-24T11:28:08","date_gmt":"2015-11-24T10:28:08","guid":{"rendered":"http:\/\/www.stadtwerke-zerbst.de\/gsz\/?page_id=5"},"modified":"2026-02-16T14:06:35","modified_gmt":"2026-02-16T13:06:35","slug":"preise-und-tarife","status":"publish","type":"page","link":"https:\/\/www.stadtwerke-zerbst.de\/gsz\/","title":{"rendered":"Preise und Tarife"},"content":{"rendered":"[vc_row type=&#8220;in_container&#8220; full_screen_row_position=&#8220;middle&#8220; column_margin=&#8220;default&#8220; column_direction=&#8220;default&#8220; column_direction_tablet=&#8220;default&#8220; column_direction_phone=&#8220;default&#8220; scene_position=&#8220;center&#8220; text_color=&#8220;dark&#8220; text_align=&#8220;left&#8220; row_border_radius=&#8220;none&#8220; row_border_radius_applies=&#8220;bg&#8220; overflow=&#8220;visible&#8220; overlay_strength=&#8220;0.3&#8243; gradient_direction=&#8220;left_to_right&#8220; shape_divider_position=&#8220;bottom&#8220; bg_image_animation=&#8220;none&#8220;][vc_column column_padding=&#8220;no-extra-padding&#8220; column_padding_tablet=&#8220;inherit&#8220; column_padding_phone=&#8220;inherit&#8220; column_padding_position=&#8220;all&#8220; column_element_spacing=&#8220;default&#8220; background_color_opacity=&#8220;1&#8243; background_hover_color_opacity=&#8220;1&#8243; column_shadow=&#8220;none&#8220; column_border_radius=&#8220;none&#8220; column_link_target=&#8220;_self&#8220; column_position=&#8220;default&#8220; gradient_direction=&#8220;left_to_right&#8220; overlay_strength=&#8220;0.3&#8243; width=&#8220;1\/1&#8243; tablet_width_inherit=&#8220;default&#8220; tablet_text_alignment=&#8220;default&#8220; phone_text_alignment=&#8220;default&#8220; animation_type=&#8220;default&#8220; bg_image_animation=&#8220;none&#8220; border_type=&#8220;simple&#8220; column_border_width=&#8220;none&#8220; column_border_style=&#8220;solid&#8220;][divider line_type=&#8220;No Line&#8220; custom_height=&#8220;40&#8243;][vc_column_text]\n<h2>Preise und Tarife<\/h2>\n[\/vc_column_text][divider line_type=&#8220;Full Width Line&#8220; line_thickness=&#8220;1&#8243; divider_color=&#8220;accent-color&#8220;][\/vc_column][\/vc_row][vc_row type=&#8220;in_container&#8220; full_screen_row_position=&#8220;middle&#8220; column_margin=&#8220;default&#8220; column_direction=&#8220;default&#8220; column_direction_tablet=&#8220;default&#8220; column_direction_phone=&#8220;default&#8220; scene_position=&#8220;center&#8220; text_color=&#8220;dark&#8220; text_align=&#8220;left&#8220; row_border_radius=&#8220;none&#8220; row_border_radius_applies=&#8220;bg&#8220; overflow=&#8220;visible&#8220; overlay_strength=&#8220;0.3&#8243; gradient_direction=&#8220;left_to_right&#8220; shape_divider_position=&#8220;bottom&#8220; bg_image_animation=&#8220;none&#8220;][vc_column column_padding=&#8220;no-extra-padding&#8220; column_padding_tablet=&#8220;inherit&#8220; column_padding_phone=&#8220;inherit&#8220; column_padding_position=&#8220;all&#8220; column_element_spacing=&#8220;default&#8220; background_color_opacity=&#8220;1&#8243; background_hover_color_opacity=&#8220;1&#8243; column_shadow=&#8220;none&#8220; column_border_radius=&#8220;none&#8220; column_link_target=&#8220;_self&#8220; column_position=&#8220;default&#8220; gradient_direction=&#8220;left_to_right&#8220; overlay_strength=&#8220;0.3&#8243; width=&#8220;2\/3&#8243; tablet_width_inherit=&#8220;default&#8220; tablet_text_alignment=&#8220;default&#8220; phone_text_alignment=&#8220;default&#8220; animation_type=&#8220;default&#8220; bg_image_animation=&#8220;none&#8220; border_type=&#8220;simple&#8220; column_border_width=&#8220;none&#8220; column_border_style=&#8220;solid&#8220;][vc_column_text]\n<h2>Neue GSZ-Produkte<\/h2>\n<h4>Langfristig mehr Sicherheit mit dem neuen ZerbstGas Fix 27<\/h4>\n<p>Ab sofort haben Sie die M\u00f6glichkeit sich langfristig abzusichern \u2013 mit dem neuen ZerbstGas Fix 27*!<\/p>\n<p>Neben unserem Produkt ZerbstGas haben Sie nun die Gelegenheit sich einen stabilen Energiepreis bis zum 30. September 2027 zu sichern. Das Angebot ist limiert.<\/p>\n<p>Unsere Mitarbeiter informieren Sie dazu gerne in unserem Dienstleistungszentrum am Zerbster Markt 13 (Tel 03923 486800-0) sowie im Kundenzentrum \u201eEnergie-B\u00fcndel\u201c in Sch\u00f6nebeck, Karl-Marx-Stra\u00dfe 18 (Tel 03928 789-333).<\/p>\n<p>*Ausgenommen von der Preisgarantie sind Steuern sowie weitere staatlich veranlasste Umlagen und Abgaben.<\/p>\n<hr \/>\n<h2 style=\"line-height: 50px;\">Unsere Gasprodukte<\/h2>\n[divider line_type=&#8220;No Line&#8220; custom_height=&#8220;40&#8243;]\n<h4><a href=\"https:\/\/www.stadtwerke-zerbst.de\/gsz\/wp-content\/uploads\/2025\/12\/2026_01_01_GSZ_Grundversorgung.pdf\">GSZ Basis Standard<\/a><\/h4>\n<h4><strong><a href=\"https:\/\/www.stadtwerke-zerbst.de\/gsz\/wp-content\/uploads\/2025\/12\/2026-01-01_EMS_ZerbstGas_NEU.pdf\">Zerbst Gas<\/a><\/strong><\/h4>\n<h4><a href=\"https:\/\/www.stadtwerke-zerbst.de\/gsz\/wp-content\/uploads\/2025\/12\/2026-01-01_EMS_ZerbstGas_Fix2027.pdf\"><strong>ZerbstGas Fixer Energiepreis 2027<\/strong><\/a><\/h4>\n[\/vc_column_text][divider line_type=&#8220;Full Width Line&#8220; line_thickness=&#8220;1&#8243; divider_color=&#8220;accent-color&#8220; custom_height=&#8220;50&#8243;][vc_column_text]\n<h4><a href=\"https:\/\/www.stadtwerke-zerbst.de\/gsz\/wp-content\/uploads\/2025\/05\/gsz_preisblatt_01052025_zerbstgas_biobasic-15.pdf\">ZerbstGas BioBasic 15<\/a><\/h4>\n<h4><a href=\"https:\/\/www.stadtwerke-zerbst.de\/gsz\/wp-content\/uploads\/2025\/05\/gsz_preisblatt_01052025_zerbstgas_bioplus-30.pdf\">ZerbstGas BioPlus 30<\/a><\/h4>\n<h4><a href=\"https:\/\/www.stadtwerke-zerbst.de\/gsz\/wp-content\/uploads\/2025\/05\/gsz_preisblatt_01052025_zerbstgas_biopremium-65.pdf\">ZerbstGas BioPremium 65<\/a><\/h4>\n[\/vc_column_text][\/vc_column][vc_column column_padding=&#8220;no-extra-padding&#8220; column_padding_tablet=&#8220;inherit&#8220; column_padding_phone=&#8220;inherit&#8220; column_padding_position=&#8220;all&#8220; column_element_spacing=&#8220;default&#8220; background_color_opacity=&#8220;1&#8243; background_hover_color_opacity=&#8220;1&#8243; column_shadow=&#8220;none&#8220; column_border_radius=&#8220;none&#8220; column_link_target=&#8220;_self&#8220; column_position=&#8220;default&#8220; gradient_direction=&#8220;left_to_right&#8220; overlay_strength=&#8220;0.3&#8243; width=&#8220;1\/3&#8243; tablet_width_inherit=&#8220;default&#8220; tablet_text_alignment=&#8220;default&#8220; phone_text_alignment=&#8220;default&#8220; animation_type=&#8220;default&#8220; bg_image_animation=&#8220;none&#8220; border_type=&#8220;simple&#8220; column_border_width=&#8220;none&#8220; column_border_style=&#8220;solid&#8220;][vc_column_text]\n<h3><strong><span style=\"color: #3fb498;\">F\u00fcr Sie erreichbar<\/span><\/strong><\/h3>\n<p><em>M\u00f6chten Sie uns ihren Z\u00e4hlerstand melden oder ihren Abschlag \u00e4ndern lassen? Haben Sie Fragen zu unseren aktuellen Produkten und Dienstleistungen? <\/em><\/p>\n<p><em>Melden Sie sich gerne unter Tel 03923 486800-0 oder per Mail <a href=\"&#109;&#x61;&#105;&#x6c;t&#x6f;:&#105;&#x6e;&#102;&#x6f;&#64;&#x67;s&#45;&#x7a;&#46;&#x64;e\">&#105;&#x6e;f&#111;&#x40;g&#115;&#x2d;z&#46;&#x64;e<\/a>.<\/em>[\/vc_column_text][divider line_type=&#8220;Full Width Line&#8220; line_thickness=&#8220;2&#8243; divider_color=&#8220;accent-color&#8220; custom_height=&#8220;60&#8243;][vc_column_text]\n<h3><span style=\"color: #3fb498;\"><strong>Notrufnummer Gas<\/strong><\/span><\/h3>\n<p>Notfallnummer\/Bereitschaftsdienst bei St\u00f6rungen f\u00fcr das Stadtgebiet Zerbst\/Anhalt<br \/>\n<strong><span style=\"color: #ff0000;\">(0 39 23) 24 64<\/span><\/strong>[\/vc_column_text][divider line_type=&#8220;No Line&#8220; custom_height=&#8220;30&#8243;][nectar_btn size=&#8220;large&#8220; open_new_tab=&#8220;true&#8220; button_style=&#8220;regular&#8220; button_color_2=&#8220;Accent-Color&#8220; icon_family=&#8220;none&#8220; text=&#8220;Was tun bei Zahlungsschwierigkeiten?&#8220; url=&#8220;https:\/\/www.stadtwerke-zerbst.de\/swz\/index.php\/zahlungsschwierigkeiten\/&#8220;][divider line_type=&#8220;No Line&#8220; custom_height=&#8220;20&#8243;][divider line_type=&#8220;Full Width Line&#8220; line_thickness=&#8220;2&#8243; divider_color=&#8220;accent-color&#8220; custom_height=&#8220;20&#8243;][vc_column_text]\n<h5><strong><span style=\"color: #3fb498;\">Bestellung Vertragsunterlagen<\/span><\/strong><\/h5>\n<hr \/>\n<p>F\u00fcllen Sie einfach das Kontaktformular aus, wir schicken Ihnen die Unterlagen umgehend zu.<\/p>\n\n<div class=\"wpcf7 no-js\" id=\"wpcf7-f765-o1\" lang=\"de-DE\" dir=\"ltr\" data-wpcf7-id=\"765\">\n<div class=\"screen-reader-response\"><p role=\"status\" aria-live=\"polite\" aria-atomic=\"true\"><\/p> <ul><\/ul><\/div>\n<form action=\"\/gsz\/wp-json\/wp\/v2\/pages\/5#wpcf7-f765-o1\" method=\"post\" class=\"wpcf7-form init cf7-style preise-und-tarife\" aria-label=\"Kontaktformular\" novalidate=\"novalidate\" data-status=\"init\">\n<fieldset class=\"hidden-fields-container\"><input type=\"hidden\" name=\"_wpcf7\" value=\"765\" \/><input type=\"hidden\" name=\"_wpcf7_version\" value=\"6.1.5\" \/><input type=\"hidden\" name=\"_wpcf7_locale\" value=\"de_DE_formal\" \/><input type=\"hidden\" name=\"_wpcf7_unit_tag\" value=\"wpcf7-f765-o1\" \/><input type=\"hidden\" name=\"_wpcf7_container_post\" value=\"0\" \/><input type=\"hidden\" name=\"_wpcf7_posted_data_hash\" value=\"\" \/>\n<\/fieldset>\n<p><label> Ihr Name (Pflichtfeld)<br \/>\n<span class=\"wpcf7-form-control-wrap\" data-name=\"your-name\"><input size=\"40\" maxlength=\"400\" class=\"wpcf7-form-control wpcf7-text wpcf7-validates-as-required\" aria-required=\"true\" aria-invalid=\"false\" value=\"\" type=\"text\" name=\"your-name\" \/><\/span> <\/label>\n<\/p>\n<p><label> Ihr Vorname (Pflichtfeld)<br \/>\n<span class=\"wpcf7-form-control-wrap\" data-name=\"your-prename\"><input size=\"40\" maxlength=\"400\" class=\"wpcf7-form-control wpcf7-text wpcf7-validates-as-required\" aria-required=\"true\" aria-invalid=\"false\" value=\"\" type=\"text\" name=\"your-prename\" \/><\/span> <\/label>\n<\/p>\n<p><label> Stra\u00dfe und Hausnummer (Pflichtfeld)<br \/>\n<span class=\"wpcf7-form-control-wrap\" data-name=\"your-street\"><input size=\"40\" maxlength=\"400\" class=\"wpcf7-form-control wpcf7-text wpcf7-validates-as-required\" aria-required=\"true\" aria-invalid=\"false\" value=\"\" type=\"text\" name=\"your-street\" \/><\/span> <\/label>\n<\/p>\n<p><label> Postleitzahl und Ort (Pflichtfeld)<br \/>\n<span class=\"wpcf7-form-control-wrap\" data-name=\"your-city\"><input size=\"40\" maxlength=\"400\" class=\"wpcf7-form-control wpcf7-text wpcf7-validates-as-required\" aria-required=\"true\" aria-invalid=\"false\" value=\"\" type=\"text\" name=\"your-city\" \/><\/span> <\/label>\n<\/p>\n<p><label> Ihre E-Mail-Adresse (Pflichtfeld)<br \/>\n<span class=\"wpcf7-form-control-wrap\" data-name=\"your-email\"><input size=\"40\" maxlength=\"400\" class=\"wpcf7-form-control wpcf7-email wpcf7-validates-as-required wpcf7-text wpcf7-validates-as-email\" aria-required=\"true\" aria-invalid=\"false\" value=\"\" type=\"email\" name=\"your-email\" \/><\/span> <\/label>\n<\/p>\n<p><label> Ihre Telefonnummer f\u00fcr R\u00fcckfragen<br \/>\n<span class=\"wpcf7-form-control-wrap\" data-name=\"your-phone\"><input size=\"40\" maxlength=\"400\" class=\"wpcf7-form-control wpcf7-text\" aria-invalid=\"false\" value=\"\" type=\"text\" name=\"your-phone\" \/><\/span> <\/label>\n<\/p>\n<p><input class=\"wpcf7-form-control wpcf7-submit has-spinner\" type=\"submit\" value=\"SENDEN\" \/>\n<\/p><div class=\"wpcf7-response-output\" aria-hidden=\"true\"><\/div>\n<\/form>\n<\/div>\n[\/vc_column_text][divider line_type=&#8220;No Line&#8220; custom_height=&#8220;20&#8243;][divider line_type=&#8220;Full Width Line&#8220; line_thickness=&#8220;2&#8243; divider_color=&#8220;accent-color&#8220; custom_height=&#8220;20&#8243;]<div class=\"iwithtext\"><div class=\"iwt-icon\"> <img decoding=\"async\" src=\"https:\/\/www.stadtwerke-zerbst.de\/gsz\/wp-content\/uploads\/2018\/01\/Download-gsz-50x50.png\" alt=\"\" \/> <\/div><div class=\"iwt-text\"> \n<h5><span style=\"color: #3fb498;\"><strong>Downloads<\/strong><\/span><\/h5>\n<p>&nbsp;<\/p>\n<p><strong><a href=\"https:\/\/www.stadtwerke-zerbst.de\/gsz\/wp-content\/uploads\/2022\/02\/GSZ_22-001-03_GasGVV_02022022_RZ_online.pdf\" target=\"_blank\" rel=\"noopener noreferrer\">GasGVV mit erg\u00e4nzenden Bedingungen<\/a><\/strong><\/p>\n<p><strong><a href=\"https:\/\/www.stadtwerke-zerbst.de\/gsz\/wp-content\/uploads\/2022\/02\/muster_abwendungsvereinbarung_gsz.pdf\" target=\"_blank\" rel=\"noopener noreferrer\">Muster Abwendungsvereinbarung<\/a><\/strong><\/p>\n<p><strong><a href=\"https:\/\/www.stadtwerke-zerbst.de\/gsz\/wp-content\/uploads\/2018\/05\/gsz_flyer_produkte.pdf\">Unser Produktflyer<\/a><\/strong><\/p>\n<p><a href=\"https:\/\/www.stadtwerke-zerbst.de\/gsz\/wp-content\/uploads\/2026\/02\/GSZ-Wiedervekaeuferbescheinigung-bis-09.06.2027.pdf\"><strong>Wiederverk\u00e4uferbescheinigung f\u00fcr Lieferanten<\/strong><\/a> <\/div><div class=\"clear\"><\/div><\/div>[\/vc_column][\/vc_row]\n","protected":false},"excerpt":{"rendered":"<p>[vc_row type=&#8220;in_container&#8220; full_screen_row_position=&#8220;middle&#8220; column_margin=&#8220;default&#8220; column_direction=&#8220;default&#8220; column_direction_tablet=&#8220;default&#8220; column_direction_phone=&#8220;default&#8220; scene_position=&#8220;center&#8220; text_color=&#8220;dark&#8220; text_align=&#8220;left&#8220; row_border_radius=&#8220;none&#8220; row_border_radius_applies=&#8220;bg&#8220; overflow=&#8220;visible&#8220; overlay_strength=&#8220;0.3&#8243; gradient_direction=&#8220;left_to_right&#8220; shape_divider_position=&#8220;bottom&#8220; bg_image_animation=&#8220;none&#8220;][vc_column column_padding=&#8220;no-extra-padding&#8220; column_padding_tablet=&#8220;inherit&#8220; column_padding_phone=&#8220;inherit&#8220; column_padding_position=&#8220;all&#8220; column_element_spacing=&#8220;default&#8220; background_color_opacity=&#8220;1&#8243; background_hover_color_opacity=&#8220;1&#8243; column_shadow=&#8220;none&#8220; column_border_radius=&#8220;none&#8220; column_link_target=&#8220;_self&#8220; column_position=&#8220;default&#8220; gradient_direction=&#8220;left_to_right&#8220; overlay_strength=&#8220;0.3&#8243;&#8230;<\/p>\n","protected":false},"author":1,"featured_media":0,"parent":0,"menu_order":0,"comment_status":"closed","ping_status":"closed","template":"","meta":{"_exactmetrics_skip_tracking":false,"_exactmetrics_sitenote_active":false,"_exactmetrics_sitenote_note":"","_exactmetrics_sitenote_category":0,"footnotes":""},"class_list":["post-5","page","type-page","status-publish"],"_links":{"self":[{"href":"https:\/\/www.stadtwerke-zerbst.de\/gsz\/wp-json\/wp\/v2\/pages\/5","targetHints":{"allow":["GET"]}}],"collection":[{"href":"https:\/\/www.stadtwerke-zerbst.de\/gsz\/wp-json\/wp\/v2\/pages"}],"about":[{"href":"https:\/\/www.stadtwerke-zerbst.de\/gsz\/wp-json\/wp\/v2\/types\/page"}],"author":[{"embeddable":true,"href":"https:\/\/www.stadtwerke-zerbst.de\/gsz\/wp-json\/wp\/v2\/users\/1"}],"replies":[{"embeddable":true,"href":"https:\/\/www.stadtwerke-zerbst.de\/gsz\/wp-json\/wp\/v2\/comments?post=5"}],"version-history":[{"count":73,"href":"https:\/\/www.stadtwerke-zerbst.de\/gsz\/wp-json\/wp\/v2\/pages\/5\/revisions"}],"predecessor-version":[{"id":1250,"href":"https:\/\/www.stadtwerke-zerbst.de\/gsz\/wp-json\/wp\/v2\/pages\/5\/revisions\/1250"}],"wp:attachment":[{"href":"https:\/\/www.stadtwerke-zerbst.de\/gsz\/wp-json\/wp\/v2\/media?parent=5"}],"curies":[{"name":"wp","href":"https:\/\/api.w.org\/{rel}","templated":true}]}}