{"id":373,"date":"2016-02-01T14:20:08","date_gmt":"2016-02-01T13:20:08","guid":{"rendered":"http:\/\/www.stadtwerke-zerbst.de\/gsz\/?page_id=373"},"modified":"2020-11-20T08:00:29","modified_gmt":"2020-11-20T07:00:29","slug":"impressum","status":"publish","type":"page","link":"https:\/\/www.stadtwerke-zerbst.de\/gsz\/impressum\/","title":{"rendered":"Impressum"},"content":{"rendered":"<h2>Impressum<\/h2>\n<p><strong>Gasstadtwerke Zerbst GmbH<br \/>\n<\/strong>Haus 2<br \/>\nDessauer Stra\u00dfe 76<br \/>\n39261 Zerbst\/Anhalt<\/p>\n<p><strong>Gesch\u00e4ftsf\u00fchrer:<\/strong><br \/>\nJ\u00fcrgen Konratt<br \/>\nTelefon: (0 39 23) 73 72-11<br \/>\nE-mail: <a href=\"&#x6d;&#97;&#x69;&#x6c;&#116;&#x6f;&#x3a;&#106;&#x2e;&#x6b;&#111;&#x6e;&#x72;a&#x74;&#x74;&#64;&#x73;&#119;z&#x65;&#114;b&#x73;&#116;&#46;&#x64;&#101;\">&#x6a;&#46;&#x6b;o&#x6e;&#114;&#x61;&#116;t&#x40;s&#x77;&#122;&#x65;&#114;&#x62;&#115;t&#x2e;d&#x65;<\/a><\/p>\n<p>Jens Brenner<br \/>\nTel. (0 39 25) 988 22 00<br \/>\nE-Mail: <a href=\"&#x6d;a&#x69;&#108;&#x74;&#111;:&#x6a;&#46;&#x62;&#114;&#x65;&#110;n&#x65;&#114;&#x40;&#101;-&#x6d;s&#x2e;&#100;&#x65;\" target=\"_blank\" rel=\"noopener noreferrer\">&#106;&#x2e;&#98;&#x72;&#101;&#x6e;&#110;&#x65;&#114;&#x40;&#101;&#x2d;&#109;&#x73;&#46;&#x64;&#101;<\/a><\/p>\n<p><strong>Sekretariat:<\/strong><br \/>\nYvonne Lambrecht Telefon: (0 39 23) 73 72-0<br \/>\nTelefax: (0 39 23) 73 72-32<br \/>\nE-mail: <a href=\"&#x6d;&#97;i&#x6c;&#x74;&#111;:&#x79;&#x2e;&#108;a&#x6d;&#98;r&#x65;&#x63;&#104;t&#x40;&#x73;&#119;z&#x65;&#114;&#98;&#x73;&#x74;&#46;d&#x65;\">&#121;&#x2e;&#108;&#x61;&#109;&#x62;r&#x65;c&#x68;t&#64;&#x73;&#119;&#x7a;&#101;&#x72;&#98;&#x73;t&#x2e;d&#x65;<\/a><\/p>\n<p>Internet: www.stadtwerke-zerbst.de\/gsz\/<br \/>\n<strong>Handelsregister:<\/strong> Amtsgericht Stendal HRB 13127<br \/>\n<strong>Steuer-Nr.:<\/strong> 107\/105\/06243<br \/>\n<strong>Umsatzsteuer Ident-Nr.:<\/strong> DE 139776550<\/p>\n<p><strong>Inhaltliche Verantwortung:<\/strong><br \/>\nJ\u00fcrgen Konratt<br \/>\nJens Brenner<\/p>\n<p>&nbsp;<\/p>\n","protected":false},"excerpt":{"rendered":"<p>Impressum Gasstadtwerke Zerbst GmbH Haus 2 Dessauer Stra\u00dfe 76 39261 Zerbst\/Anhalt Gesch\u00e4ftsf\u00fchrer: J\u00fcrgen Konratt Telefon: (0 39 23) 73 72-11 E-mail: &#106;&#x2e;k&#x6f;&#x6e;&#114;&#x61;t&#x74;&#x40;&#115;&#x77;z&#x65;&#x72;&#98;&#x73;t&#x2e;&#x64;&#101; Jens Brenner Tel. (0 39 25) 988 22&#8230;<\/p>\n","protected":false},"author":1,"featured_media":0,"parent":0,"menu_order":0,"comment_status":"closed","ping_status":"closed","template":"","meta":{"_exactmetrics_skip_tracking":false,"_exactmetrics_sitenote_active":false,"_exactmetrics_sitenote_note":"","_exactmetrics_sitenote_category":0,"footnotes":""},"class_list":["post-373","page","type-page","status-publish"],"_links":{"self":[{"href":"https:\/\/www.stadtwerke-zerbst.de\/gsz\/wp-json\/wp\/v2\/pages\/373","targetHints":{"allow":["GET"]}}],"collection":[{"href":"https:\/\/www.stadtwerke-zerbst.de\/gsz\/wp-json\/wp\/v2\/pages"}],"about":[{"href":"https:\/\/www.stadtwerke-zerbst.de\/gsz\/wp-json\/wp\/v2\/types\/page"}],"author":[{"embeddable":true,"href":"https:\/\/www.stadtwerke-zerbst.de\/gsz\/wp-json\/wp\/v2\/users\/1"}],"replies":[{"embeddable":true,"href":"https:\/\/www.stadtwerke-zerbst.de\/gsz\/wp-json\/wp\/v2\/comments?post=373"}],"version-history":[{"count":4,"href":"https:\/\/www.stadtwerke-zerbst.de\/gsz\/wp-json\/wp\/v2\/pages\/373\/revisions"}],"predecessor-version":[{"id":885,"href":"https:\/\/www.stadtwerke-zerbst.de\/gsz\/wp-json\/wp\/v2\/pages\/373\/revisions\/885"}],"wp:attachment":[{"href":"https:\/\/www.stadtwerke-zerbst.de\/gsz\/wp-json\/wp\/v2\/media?parent=373"}],"curies":[{"name":"wp","href":"https:\/\/api.w.org\/{rel}","templated":true}]}}