{"id":369,"date":"2016-02-01T14:15:13","date_gmt":"2016-02-01T13:15:13","guid":{"rendered":"http:\/\/www.stadtwerke-zerbst.de\/gsz\/?page_id=369"},"modified":"2019-03-28T14:46:51","modified_gmt":"2019-03-28T13:46:51","slug":"datenschutz","status":"publish","type":"page","link":"https:\/\/www.stadtwerke-zerbst.de\/gsz\/datenschutz\/","title":{"rendered":"Datenschutz"},"content":{"rendered":"<p><strong>Datenschutzerkl\u00e4rung<\/strong><\/p>\n<p>Sie erhalten als Nutzer unserer Internetseite in dieser Datenschutzerkl\u00e4rung alle notwendigen Informationen dar\u00fcber, wie, in welchem Umfang sowie zu welchem Zweck wir oder Drittanbieter Daten von Ihnen erheben und diese verwenden. Die Erhebung und Nutzung Ihrer Daten erfolgt streng nach den gesetzlichen Vorgaben, insbesondere der EU-Datenschutz-Grundverordnung (EU-DSGVO) und des Bundesdatenschutzgesetztes (neu). Wir f\u00fchlen uns der Vertraulichkeit Ihrer personenbezogenen Daten besonders verpflichtet und arbeiten deshalb streng innerhalb der Grenzen, die die gesetzlichen Vorgaben uns setzen. Die Erhebung dieser personenbezogenen Daten erfolgt auf freiwilliger Basis, wenn uns das m\u00f6glich ist. Auch geben wir diese Daten nur mit Ihrer ausdr\u00fccklichen Zustimmung an Dritte weiter. Wir sorgen bei besonders vertraulichen Daten wie im Zahlungsverkehr oder im Hinblick auf Ihre Anfragen an uns durch Einsatz einer SSL-Verschl\u00fcsselung f\u00fcr hohe Sicherheit. Wir m\u00f6chten es aber an dieser Stelle nicht vers\u00e4umen, auf die allgemeinen Gefahren der Internetnutzung hinzuweisen, auf die wir keinen Einfluss haben. Besonders im E-Mail-Verkehr sind Ihre Daten ohne weitere Vorkehrungen nicht sicher und k\u00f6nnen unter Umst\u00e4nden von Dritten erfasst werden.<\/p>\n<p><strong>Name und Kontaktdaten des f\u00fcr die Datenverarbeitung Verantwortlichen:<\/strong><\/p>\n<p>Unternehmensbezeichnung: Gasstadtwerke Zerbst GmbH<br \/>\nTelefonnummer: 03923-48 68 00-0<br \/>\nE-Mail Adresse: <a href=\"m&#97;&#x69;&#x6c;t&#111;&#58;&#x64;&#x6c;c&#101;&#110;&#x74;&#x65;r&#64;&#x73;&#x77;&#x7a;e&#114;&#x62;&#x73;t&#46;&#100;&#x65;\">dlcenter(at)swzerbst.de<\/a><\/p>\n<p><strong>Die Kontaktdaten des Datenschutzbeauftragten:<\/strong><\/p>\n<p>Detlef Schrickel<\/p>\n<p>Telefonnummer: 03923 7372-13<br \/>\nE-Mail Adresse: <a href=\"&#x6d;&#x61;&#x69;&#x6c;&#x74;&#x6f;&#x3a;&#x64;&#x2e;&#x73;&#x63;&#x68;&#x72;&#x69;&#x63;&#x6b;&#x65;&#x6c;&#x40;&#x73;&#x77;&#x7a;&#101;&#114;&#98;&#115;&#116;&#46;&#100;&#101;\">d.schrickel(at)swzerbst.de<\/a><\/p>\n<p><strong>Zweck der Datenverarbeitung<\/strong><\/p>\n<p>Bei der Nutzung unserer Internetseiten werden aus organisatorischen und technischen Gr\u00fcnden folgende Daten gespeichert: die Namen der von Ihnen aufgerufenen Seiten, des von Ihnen verwendeten Browsers und Ihres Betriebssystems, Datum und Uhrzeit des Zugangs, verwendete Suchmaschinen, Namen herunter geladener Dateien und ihre IP-Adresse.<\/p>\n<p>Wir werten diese technischen Daten anonym und lediglich zu statistischen Zwecken aus, um unseren Internetauftritt st\u00e4ndig weiter optimieren und unsere Internetangebote noch attraktiver gestalten zu k\u00f6nnen. Diese Daten werden getrennt von anderen personenbezogenen Informationen auf gesicherten Systemen gespeichert. R\u00fcckschl\u00fcsse auf einzelne Person werden nicht gezogen.<\/p>\n<p><strong>Verarbeitung personenbezogener Daten<\/strong><\/p>\n<p>Personenbezogene Daten verarbeiten wir im Rahmen von Datenvermeidung und Datensparsamkeit nur in dem Ausma\u00df und so lange, wie es zur Nutzung unserer Webseite notwendig ist, beziehungsweise vom Gesetzgeber vorgeschrieben wird. Wir nehmen den Schutz Ihrer pers\u00f6nlichen Daten ernst und halten uns bei Erhebung und Verarbeitung personenbezogener Daten streng an die entsprechenden gesetzlichen Vorschriften und an diese Datenschutzerkl\u00e4rung. F\u00e4llt der Zweck der Datenerhebung weg oder ist das Ende der gesetzlichen Speicherfrist erreicht, werden die erhobenen Daten gesperrt oder gel\u00f6scht. Regelm\u00e4\u00dfig kann unsere Webseite ohne die Weitergabe pers\u00f6nlicher Daten genutzt werden. Wenn wir personenbezogene Daten erheben \u2013 etwa Ihren Namen, Ihre Anschrift oder Ihre E-Mail-Adresse \u2013 erfolgt diese Datenerhebung freiwillig. Ohne eine ausdr\u00fccklich erteilte Zustimmung von Ihrer Seite werden diese Daten Dritten nicht zur Kenntnis gebracht. Beachten Sie bitte, dass Daten im Internet allgemein nicht immer sicher \u00fcbertragen werden. Besonders im E-Mail-Verkehr kann der Schutz beim Datenaustausch nicht garantiert werden.<\/p>\n<p>&nbsp;<\/p>\n<p>Die erhobenen Daten werden nicht f\u00fcr eine automatisierte Einzelfallentscheidung bzw. Profiling oder Scoring genutzt.<\/p>\n<p><strong>Ihre Rechte als Betroffener<\/strong><\/p>\n<p>Sie erhalten jederzeit unentgeltlich Auskunft \u00fcber die von uns gespeicherten personenbezogenen Daten zu Ihrer Person sowie zur Herkunft, dem Empf\u00e4nger und dem Zweck der Datenverarbeitung. Au\u00dferdem haben Sie das Recht, die Berichtigung, die Sperrung oder L\u00f6schung Ihrer Daten zu verlangen. Ausgenommen davon sind Daten, die aufgrund gesetzlicher Vorschriften aufbewahrt oder zur ordnungsgem\u00e4\u00dfen Gesch\u00e4ftsabwicklung ben\u00f6tigt werden. Damit eine Datensperre jederzeit realisiert werden kann, werden Daten zu Kontrollzwecken in einer Sperrdatei vorgehalten. Werden Daten nicht von einer gesetzlichen Archivierungspflicht erfasst, l\u00f6schen wir Ihre Daten auf Ihren Wunsch. Greift die Archivierungspflicht, sperren wir Ihre Daten. F\u00fcr alle Fragen und Anliegen zur Berichtigung, Sperrung oder L\u00f6schung von personenbezogenen Daten wenden Sie sich bitte an unseren Datenschutzbeauftragten unter den Kontaktdaten in dieser Datenschutzerkl\u00e4rung bzw. an die im Impressum genannte Adresse.<\/p>\n<p>Sehen Sie beim Umgang mit Ihren personenbezogenen Daten Ihre Rechte nicht in vollem Umfang gewahrt, haben Sie das Recht, bei der f\u00fcr Sie zust\u00e4ndigen Aufsichtsbeh\u00f6rde Beschwerde einzureichen.<\/p>\n<p><strong>Kontaktformular<\/strong><\/p>\n<p>Auf unserer Internetseite stellen wir Ihnen verschiedene Kontaktformulare zur Verf\u00fcgung, welche f\u00fcr die elektronische Kontaktaufnahme genutzt werden k\u00f6nnen. Nehmen Sie diese M\u00f6glichkeiten wahr, so werden die in der jeweiligen Eingabemaske eingegeben Daten an uns \u00fcbermittelt und verarbeitet. Diese Daten sind:<\/p>\n<p>Ihre Kontaktdaten (Name, Adresse, etc.), Ihre Vertragsdaten (Vertragskonto, Gesch\u00e4ftspartnernummer, etc.), ggf. Ihre pers\u00f6nliche Mitteilung an uns.<\/p>\n<p>Im Zeitpunkt der Absendung der Nachricht werden zudem folgende Daten gespeichert:<\/p>\n<p>Ihre IP-Adresse, Datum und Uhrzeit des Absendens des Formulars<\/p>\n<p>Sie werden vor dem Absenden Ihrer Kontaktanfrage auf diese Datenschutzerkl\u00e4rung verwiesen und m\u00fcssen uns den Erhalt der Information mit Anklicken eines K\u00e4stchens best\u00e4tigen. Alternativ ist eine Kontaktaufnahme \u00fcber die bereitgestellte E-Mail-Adresse m\u00f6glich. In diesem Fall werden die mit der E-Mail \u00fcbermittelten personenbezogenen Daten des Nutzers verarbeitet.<\/p>\n<p>Die Daten werden ausschlie\u00dflich f\u00fcr die Verarbeitung der Kontaktanfrage verwendet. Sollte sich aus der Anfrage ein Serviceauftrag ergeben (z. B. St\u00f6rungsbeseitigung), werden die Daten zur Bearbeitung des Auftrags evtl. an Dritte (z. B. Handwerker, Dienstleister) \u00fcbermittelt. Ist die Bearbeitung Ihrer Anfrage abgeschlossen, werden die personenbezogenen Daten aus der Eingabemaske umgehend gel\u00f6scht. Die w\u00e4hrend des Absendevorgangs zus\u00e4tzlich erhobenen personenbezogenen Daten werden entsprechend der gesetzlichen Bestimmungen gel\u00f6scht. Betrifft Ihre Kontaktanfrage aber ein Vertragsverh\u00e4ltnis, werden die Daten gem\u00e4\u00df den gesetzlichen Bestimmungen von uns gespeichert. Auf Antrag Ihrerseits L\u00f6schen wir Ihre personenbezogenen Daten umgehend. Beantragen Sie die L\u00f6schung der im Rahmen Ihrer Anfrage (\u00fcber Kontaktformular oder E-Mail) verarbeiteten personenbezogenen Daten, kann jedoch m\u00f6glicherweise keine Bearbeitung Ihres Anliegens mehr stattfinden.<\/p>\n<p><strong>Cookies<\/strong><\/p>\n<p>Wir verwenden auf unserer Webseite Cookies. Diese kleinen Textdateien werden von unserem Server aus auf Ihrem PC gespeichert. Sie unterst\u00fctzen die Darstellung unserer Webseite und helfen Ihnen, sich auf unserer Webseite zu bewegen. Cookies erfassen Daten zu Ihrer IP-Adresse, zu Ihrem Browser, Ihrem Betriebssystem und Ihrer Internetverbindung<em><u>.<\/u><\/em> Diese Informationen verbinden wir nicht mit personenbezogenen Daten und geben sie nicht an Dritte weiter. Keinesfalls werden Cookies von uns dazu benutzt, Schad- oder Spionageprogramme auf Ihren Rechner zu bringen. Sie k\u00f6nnen unsere Webseite auch ohne den Einsatz von Cookies nutzen, wodurch m\u00f6glicherweise einige Darstellungen und Funktionen unseres Angebots nur eingeschr\u00e4nkt arbeiten. Wenn Sie die Cookies deaktivieren m\u00f6chten, k\u00f6nnen Sie das \u00fcber spezielle Einstellungen Ihres Browsers erreichen. Nutzen Sie bitte dessen Hilfsfunktion, um die entsprechenden \u00c4nderungen vornehmen zu k\u00f6nnen. Online-Anzeigen-Cookies k\u00f6nnen Sie \u00fcber folgende Links verwalten: <a href=\"http:\/\/www.aboutads.info\/choices\" target=\"_blank\" rel=\"noopener\"><strong><u>http:\/\/www.aboutads.info\/choices<\/u><\/strong><\/a> f\u00fcr die USA <a href=\"http:\/\/www.youronlinechoices.com\/uk\/your-ad-choices\" target=\"_blank\" rel=\"noopener\"><strong><u>http:\/\/www.youronlinechoices.com\/uk\/your-ad-choices<\/u><\/strong><\/a> f\u00fcr Europa<\/p>\n<p><strong>Erhebung von Zugriffsdaten<\/strong><\/p>\n<p>Die Auslieferung und Darstellung der Inhalte \u00fcber unsere Webseite erfordert technisch die Erfassung bestimmter Daten. Mit Ihrem Zugriff auf unsere Webseite werden diese sogenannten Server-Logfiles durch uns oder den Provider des Webspace erfasst. Diese Logfiles erlauben keinen R\u00fcckschluss auf Sie und Ihre Person. Die entsprechenden Informationen bestehen aus dem Namen der Webseite, der Datei, dem aktuellen Datum, der Datenmenge, dem Webrowser und seiner Version, dem eingesetzten Betriebssystem, dem Domain-Namen Ihres Internet-Providers, der Referrer-URL als jene Seite, von der Sie auf unsere Seite gewechselt sind, sowie der entsprechenden IP-Adresse. Wir nutzen diese Daten zur Darstellung und Auslieferung unserer Inhalte sowie zu statistischen Zwecken. Die Informationen unterst\u00fctzen die Bereitstellung und st\u00e4ndige Verbesserung unseres Angebots. Auch behalten wir uns vor, die erw\u00e4hnten Daten nachtr\u00e4glich zu pr\u00fcfen, sollte der Verdacht auf eine rechtswidrige Nutzung unseres Angebotes bestehen.<\/p>\n<p><strong>Inhalte und Dienste von Drittanbietern<\/strong><\/p>\n<p>Das Angebot auf unserer Webseite umfasst unter Umst\u00e4nden auch Inhalte, Dienste und Leistungen von anderen Anbietern, die unser Angebot erg\u00e4nzen. Beispiele f\u00fcr solche Angebote sind Karten von Google-Maps, YouTube-Videos oder Grafikdarstellungen Dritter. Der Aufruf dieser Leistungen von dritter Seite erfordert regelm\u00e4\u00dfig die \u00dcbermittlung Ihrer IP-Adresse. Damit ist es diesen Anbietern m\u00f6glich, Ihre Nutzer-IP-Adresse wahrzunehmen und diese auch zu speichern. Wir bem\u00fchen uns sehr, nur solche Drittanbieter einzubeziehen, die IP-Adressen allein zur Auslieferung der Inhalte nutzen. Wir haben dabei jedoch keinen Einfluss darauf, welcher Drittanbieter gegebenenfalls die IP-Adresse speichert. Diese Speicherung kann zum Beispiel statistischen Zwecken dienen. Sollten wir von Speicherungsvorg\u00e4ngen durch Drittanbieter Kenntnis erlangen, weisen wir unsere Nutzer unverz\u00fcglich auf diese Tatsache hin. Beachten Sie bitte in diesem Zusammenhang auch die speziellen Datenschutzerkl\u00e4rungen zu einzelnen Drittanbietern und Dienstleistern, deren Service wir auf unserer Webseite nutzen.<\/p>\n<p>Sie finden Sie ebenfalls in dieser Datenschutzerkl\u00e4rung.<\/p>\n<p><strong>SSL-Verschl\u00fcsselung<\/strong><\/p>\n<p>Unsere Webseite bedient sich einer SSL-Verschl\u00fcsselung, wenn es um die \u00dcbermittlung vertraulicher oder pers\u00f6nlicher Inhalte unserer Nutzer geht. Diese Verschl\u00fcsslung wird zum Beispiel bei der Abwicklung des Zahlungsverkehrs sowie bei Anfragen aktiviert, die Sie an uns \u00fcber unsere Webseite stellen. Achten Sie bitte darauf, dass die SSL-Verschl\u00fcsselung bei entsprechenden Aktivit\u00e4ten von Ihrer Seite her aktiviert ist. Der Einsatz der Verschl\u00fcsselung ist leicht zu erkennen: Die Anzeige in Ihrer Browserzeile wechselt von \u201ehttp:\/\/\u201c zu \u201ehttps:\/\/\u201c. \u00dcber SSL verschl\u00fcsselte Daten sind nicht von Dritten lesbar. \u00dcbermitteln Sie Ihre vertraulichen Informationen nur bei aktivierter SSL-Verschl\u00fcsselung und wenden Sie sich im Zweifel an uns.<\/p>\n<p><strong>Google AdWords<\/strong><\/p>\n<p>Wir nutzen auf unserer Webseite mit Google AdWords ein Online-Werbeprogramm der Google Inc.\u00a0(Google Ireland Limited, Gordon House, Barrow Street, Dublin 4, Irland; \u201cGoogle\u201d). Dabei wird auch das Conversion-Tracking eingesetzt. Mit diesem Tool setzt Google AdWords ein Cookie auf Ihrem PC, wenn Sie \u00fcber eine Google-Werbeanzeige auf unsere Webseite kommen. Das Cookie hat nach 30 Tagen keine G\u00fcltigkeit mehr. Es dient keiner pers\u00f6nlichen R\u00fcckverfolgbarkeit. Besuchen Sie als Nutzer unsere Webseite und das Cookie arbeitet noch, wird f\u00fcr uns gemeinsam mit Google erkennbar, dass Sie auf die entsprechende Anzeige geklickt haben und zu unserer Seite weitergeleitet wurden. Dabei wird jedem Google AdWords-Kunden ein anderes Cookie zugewiesen. Cookies sind so nicht \u00fcber die Webseiten der AdWords-Kunden nachverfolgbar. Mit den durch Conversion-Cookies eingeholten Daten werden Conversion-Statistiken f\u00fcr AdWords-Kunden erstellt. Wir als Kunden erfahren so die Gesamtanzahl der Nutzer, die auf unsere Anzeige reagiert haben und dann zu einer Webseite durchgeleitet wurden, die mit einem Conversion-Tracking-Tag versehen wurde. Wir erhalten bei diesem Vorgang keine Informationen, mit denen wir Sie als Nutzer pers\u00f6nlich identifizieren k\u00f6nnten. Sollten Sie das Tracking-Verfahren ablehnen, l\u00e4sst sich das Cookie des Google-Conversion-Trackings \u00fcber Ihren Internet-Browser deaktivieren. Nutzen Sie gegebenenfalls die Hilfe-Funktion des Browsers f\u00fcr weitere Informationen. N\u00e4heres zu den Datenschutzbestimmungen von Google erfahren Sie unter <a href=\"http:\/\/www.google.de\/policies\/privacy\/\" target=\"_blank\" rel=\"noopener\"><strong><u>http:\/\/www.google.de\/policies\/privacy\/<\/u><\/strong><\/a>.<\/p>\n<p><strong>Verwendung von Google Analytics<\/strong><\/p>\n<p>Diese Website benutzt Google Analytics, einen Webanalysedienst der Google Inc.\u00a0(Google Ireland Limited, Gordon House, Barrow Street, Dublin 4, Irland; \u201cGoogle\u201d). Die Nutzung umfasst die Betriebsart \u201eUniversal Analytics\u201c. Hierdurch ist es m\u00f6glich, Daten, Sitzungen und Interaktionen \u00fcber mehrere Ger\u00e4te hinweg einer pseudonymen User-ID zuzuordnen und so die Aktivit\u00e4ten eines Nutzers ger\u00e4te\u00fcbergreifend zu analysieren.<\/p>\n<p>Google Analytics verwendet sog. \u201eCookies\u201c, Textdateien, die auf Ihrem Computer gespeichert werden und die eine Analyse der Benutzung der Website durch Sie erm\u00f6glichen. Die durch das Cookie erzeugten Informationen \u00fcber Ihre Benutzung dieser Website werden in der Regel an einen Server von Google in den USA \u00fcbertragen und dort gespeichert. Im Falle der Aktivierung der IP-Anonymisierung auf dieser Website, wird Ihre IP-Adresse von Google jedoch innerhalb von Mitgliedstaaten der Europ\u00e4ischen Union oder in anderen Vertragsstaaten des Abkommens \u00fcber den Europ\u00e4ischen Wirtschaftsraum zuvor gek\u00fcrzt. Nur in Ausnahmef\u00e4llen wird die volle IP-Adresse an einen Server von Google in den USA \u00fcbertragen und dort gek\u00fcrzt. Die im Rahmen von Google Analytics von Ihrem Browser \u00fcbermittelte IP-Adresse wird nicht mit anderen Daten von Google zusammengef\u00fchrt. Im Auftrag des Betreibers dieser Website wird Google diese Informationen benutzen, um Ihre Nutzung der Website auszuwerten, um Reports \u00fcber die Websiteaktivit\u00e4ten zusammenzustellen und um weitere mit der Websitenutzung und der Internetnutzung verbundene Dienstleistungen gegen\u00fcber dem Websitebetreiber zu erbringen. In diesen Zwecken liegt auch unser berechtigtes Interesse an der Datenverarbeitung. Die Rechtsgrundlage f\u00fcr den Einsatz von Google Analytics ist \u00a7 15 Abs. 3 TMG bzw. Art. 6 Abs. 1 lit. f DSGVO. Die von uns gesendeten und mit Cookies, Nutzerkennungen (z. B. User-ID) oder Werbe-IDs verkn\u00fcpften Daten werden nach 14 Monaten automatisch gel\u00f6scht. Die L\u00f6schung von Daten, deren Aufbewahrungsdauer erreicht ist, erfolgt automatisch einmal im Monat. N\u00e4here Informationen zu Nutzungsbedingungen und Datenschutz finden Sie unter <a href=\"https:\/\/www.google.com\/analytics\/terms\/de.html\" target=\"_blank\" rel=\"noopener\"><strong><u>https:\/\/www.google.com\/analytics\/terms\/de.html<\/u><\/strong><\/a> bzw. unter <a href=\"https:\/\/policies.google.com\/?hl=de\" target=\"_blank\" rel=\"noopener\"><strong><u>https:\/\/policies.google.com\/?hl=de<\/u><\/strong><\/a>.<\/p>\n<p>Sie k\u00f6nnen die Speicherung der Cookies durch eine entsprechende Einstellung Ihrer Browser-Software verhindern; wir weisen Sie jedoch darauf hin, dass Sie in diesem Fall gegebenenfalls nicht s\u00e4mtliche Funktionen dieser Website vollumf\u00e4nglich werden nutzen k\u00f6nnen. Sie k\u00f6nnen dar\u00fcber hinaus die Erfassung der durch das Cookie erzeugten und auf Ihre Nutzung der Website bezogenen Daten (inkl. Ihrer IP-Adresse) an Google sowie die Verarbeitung dieser Daten durch Google verhindern, indem Sie das Browser-Add-on (<a href=\"https:\/\/tools.google.com\/dlpage\/gaoptout?hl=de\" target=\"_blank\" rel=\"noopener\"><strong><u>https:\/\/tools.google.com\/dlpage\/gaoptout?hl=de<\/u><\/strong><\/a>) herunterladen und installieren. Opt-Out-Cookies verhindern die zuk\u00fcnftige Erfassung Ihrer Daten beim Besuch dieser Website. Um die Erfassung durch Universal Analytics \u00fcber verschiedene Ger\u00e4te hinweg zu verhindern, m\u00fcssen Sie das Opt-Out auf allen genutzten Systemen durchf\u00fchren. Wenn Sie hier klicken, wird das Opt-Out-Cookie gesetzt: <a><strong><a class=\"gaoo-opt-out google-analytics-opt-out\" href=\"javascript:gaoop_analytics_optout();\">Google Analytics Opt-Out<\/a><\/strong><\/a><\/p>\n<p>Dieser Datenschutzhinweis wird zur Verf\u00fcgung gestellt von <a href=\"https:\/\/www.intersoft-consulting.de\" target=\"_blank\" rel=\"noopener\">https:\/\/www.intersoft-consulting.de<\/a>.<\/p>\n<p><strong>Google Maps Plugin<\/strong><\/p>\n<p>Wir setzen auf unserer Webseite ein Plugin des Internetdienstes Google Maps ein. Betreiber von Google Maps ist Google Inc.\u00a0(Google Ireland Limited, Gordon House, Barrow Street, Dublin 4, Irland; \u201cGoogle\u201d). Indem Sie Google Maps auf unserer Webseite nutzen, werden Informationen \u00fcber die Nutzung dieser Webseite und Ihre IP-Adresse an einen Google-Server in den USA \u00fcbermittelt und auch auf diesem Server gespeichert. Wir haben keine Kenntnis \u00fcber den genauen Inhalt der \u00fcbermittelten Daten, noch \u00fcber ihre Nutzung durch Google. Das Unternehmen verneint in diesem Kontext die Verbindung der Daten mit Informationen aus anderen Google-Diensten und die Erfassung personenbezogener Daten. Allerdings kann Google die Informationen an Dritte \u00fcbermitteln. Wenn Sie Javascript in Ihrem Browser deaktivieren, verhindern Sie die Ausf\u00fchrung von Google Maps. Sie k\u00f6nnen dann aber auch keine Kartenanzeige auf unserer Webseite nutzen. Mit der Nutzung unserer Webseite erkl\u00e4ren Sie Ihr Einverst\u00e4ndnis mit der beschriebenen Erfassung und Verarbeitung der Informationen durch Google Inc.. N\u00e4heres zu den Datenschutzbestimmungen und Nutzungsbedingungen f\u00fcr Google Maps erfahren Sie hier: <a href=\"https:\/\/www.google.com\/intl\/de_de\/help\/terms_maps.html\" target=\"_blank\" rel=\"noopener\"><strong><u>https:\/\/www.google.com\/intl\/de_de\/help\/terms_maps.html<\/u><\/strong><\/a>.<\/p>\n<p><strong>Datenschutzerkl\u00e4rung f\u00fcr die Nutzung von YouTube<\/strong><\/p>\n<p>Unsere Webseite nutzt Plugins der von Google betriebenen Seite YouTube. Betreiber der Seiten ist die Google Ireland Limited, Gordon House, Barrow Street, Dublin 4, Irland. Wenn Sie eine unserer mit einem YouTube-Plugin ausgestatteten Seiten besuchen, wird eine Verbindung zu den Servern von YouTube hergestellt. Dabei wird dem Youtube-Server mitgeteilt, welche unserer Seiten Sie besucht haben.<\/p>\n<p>Wenn Sie in Ihrem YouTube-Account eingeloggt sind erm\u00f6glichen Sie YouTube, Ihr Surfverhalten direkt Ihrem pers\u00f6nlichen Profil zuzuordnen. Dies k\u00f6nnen Sie verhindern, indem Sie sich aus Ihrem YouTube-Account ausloggen.<\/p>\n<p>Weitere Informationen zum Umgang von Nutzerdaten finden Sie in der Datenschutzerkl\u00e4rung von YouTube unter <a href=\"https:\/\/www.google.de\/intl\/de\/policies\/privacy\" target=\"_blank\" rel=\"noopener\"><strong><u>https:\/\/www.google.de\/intl\/de\/policies\/privacy<\/u><\/strong><\/a><\/p>\n","protected":false},"excerpt":{"rendered":"<p>Datenschutzerkl\u00e4rung Sie erhalten als Nutzer unserer Internetseite in dieser Datenschutzerkl\u00e4rung alle notwendigen Informationen dar\u00fcber, wie, in welchem Umfang sowie zu welchem Zweck wir oder Drittanbieter Daten von Ihnen erheben und&#8230;<\/p>\n","protected":false},"author":1,"featured_media":0,"parent":0,"menu_order":0,"comment_status":"closed","ping_status":"closed","template":"","meta":{"_exactmetrics_skip_tracking":false,"_exactmetrics_sitenote_active":false,"_exactmetrics_sitenote_note":"","_exactmetrics_sitenote_category":0,"footnotes":""},"class_list":["post-369","page","type-page","status-publish"],"_links":{"self":[{"href":"https:\/\/www.stadtwerke-zerbst.de\/gsz\/wp-json\/wp\/v2\/pages\/369","targetHints":{"allow":["GET"]}}],"collection":[{"href":"https:\/\/www.stadtwerke-zerbst.de\/gsz\/wp-json\/wp\/v2\/pages"}],"about":[{"href":"https:\/\/www.stadtwerke-zerbst.de\/gsz\/wp-json\/wp\/v2\/types\/page"}],"author":[{"embeddable":true,"href":"https:\/\/www.stadtwerke-zerbst.de\/gsz\/wp-json\/wp\/v2\/users\/1"}],"replies":[{"embeddable":true,"href":"https:\/\/www.stadtwerke-zerbst.de\/gsz\/wp-json\/wp\/v2\/comments?post=369"}],"version-history":[{"count":4,"href":"https:\/\/www.stadtwerke-zerbst.de\/gsz\/wp-json\/wp\/v2\/pages\/369\/revisions"}],"predecessor-version":[{"id":725,"href":"https:\/\/www.stadtwerke-zerbst.de\/gsz\/wp-json\/wp\/v2\/pages\/369\/revisions\/725"}],"wp:attachment":[{"href":"https:\/\/www.stadtwerke-zerbst.de\/gsz\/wp-json\/wp\/v2\/media?parent=369"}],"curies":[{"name":"wp","href":"https:\/\/api.w.org\/{rel}","templated":true}]}}